{"id":2550,"date":"2025-03-25T09:36:17","date_gmt":"2025-03-25T09:36:17","guid":{"rendered":"https:\/\/pipe-project.eu\/strumenti-per-professionisti\/"},"modified":"2025-07-22T08:20:23","modified_gmt":"2025-07-22T08:20:23","slug":"strumenti-per-professionisti","status":"publish","type":"page","link":"https:\/\/pipe-project.eu\/it\/strumenti-per-professionisti\/","title":{"rendered":"Strumenti per professionisti"},"content":{"rendered":"\n<div class=\"wp-block-stackable-columns alignfull stk-block-columns stk-block stk-b19e7c9 stk-block-background stk--has-background-overlay\" data-block-id=\"b19e7c9\"><style>.stk-b19e7c9{background-color:#00000000 !important;background-image:url(https:\/\/pipe-project.eu\/wp-content\/uploads\/2024\/03\/PIPE_background-shadow-min-scaled.jpeg) !important;padding-top:120px !important;padding-bottom:160px !important;margin-bottom:0px !important}.stk-b19e7c9:before{background-color:#00000000 !important;opacity:0.8 !important}@media screen and (max-width:999px){.stk-b19e7c9{padding-top:80px !important;padding-bottom:80px !important}}<\/style><div class=\"stk-row stk-inner-blocks stk-block-content stk-content-align stk-b19e7c9-column\">\n<div class=\"wp-block-stackable-column stk-block-column stk-column stk-block stk-da68494\" data-v=\"4\" data-block-id=\"da68494\"><style>.stk-da68494-container{margin-top:0px !important;margin-right:0px !important;margin-bottom:0px !important;margin-left:0px !important}<\/style><div class=\"stk-column-wrapper stk-block-column__content stk-container stk-da68494-container stk--no-background stk--no-padding\"><div class=\"stk-block-content stk-inner-blocks stk-da68494-inner-blocks\">\n<div class=\"wp-block-stackable-columns stk-block-columns stk-block stk-293854b\" data-block-id=\"293854b\"><style>.stk-293854b{margin-bottom:0px !important}.stk-293854b-column{--stk-column-gap:90px !important;row-gap:90px !important}<\/style><div class=\"stk-row stk-inner-blocks stk-block-content stk-content-align stk-293854b-column\">\n<div class=\"wp-block-stackable-column stk-block-column stk-column stk-block stk-2264616\" data-v=\"4\" data-block-id=\"2264616\"><style>.stk-2264616-container{margin-top:0px !important;margin-right:0px !important;margin-bottom:0px !important;margin-left:0px !important}.stk-2264616{align-self:center !important}<\/style><div class=\"stk-column-wrapper stk-block-column__content stk-container stk-2264616-container stk--no-background stk--no-padding\"><div class=\"stk-block-content stk-inner-blocks stk-2264616-inner-blocks\">\n<div class=\"wp-block-stackable-heading stk-block-heading stk-block-heading--v2 stk-block stk-e10f9ca\" id=\"strong-toolbox-for-professionals-strong\" data-block-id=\"e10f9ca\"><style>.stk-e10f9ca .stk-block-heading__text{font-size:75px !important;color:var(--theme-palette-color-8,#ffffff) !important;line-height:1.3em !important}@media screen and (max-width:999px){.stk-e10f9ca .stk-block-heading__text{font-size:50px !important}}@media screen and (max-width:689px){.stk-e10f9ca .stk-block-heading__text{font-size:35px !important}}<\/style><h2 class=\"stk-block-heading__text has-text-color has-palette-color-8-color has-text-align-center has-text-align-center-tablet\"><strong>Strumenti per professionisti<\/strong><\/h2><\/div>\n<\/div><\/div><\/div>\n<\/div><\/div>\n<\/div><\/div><\/div>\n<\/div><\/div>\n\n\n\n<div class=\"wp-block-stackable-heading stk-block-heading stk-block-heading--v2 stk-block stk-d1edfae\" id=\"guide-for-teaching-national-language-for-migrants\" data-block-id=\"d1edfae\"><h2 class=\"stk-block-heading__text has-text-align-center\">Guida all&#8217;insegnamento della lingua nazionale per i migranti<\/h2><\/div>\n\n\n\n<div class=\"wp-block-stackable-text stk-block-text stk-block stk-1faf699\" data-block-id=\"1faf699\"><p class=\"stk-block-text__text\">La Guida all&#8217;insegnamento della lingua nazionale per i migranti \u00e8 una risorsa a pi\u00f9 livelli per professionisti e volontari che lavorano per e con i migranti. Nei suoi otto capitoli troverete le riflessioni di professionisti provenienti da Spagna, Danimarca, Grecia, Italia e Germania sul perch\u00e9 e sul <strong>come insegnare la lingua nazionale<\/strong>, introducendo<strong> l&#8217;analisi dei materiali didattici<\/strong>, <strong>l&#8217;uso delle tecnologie<\/strong>, <strong>l&#8217;importanza trasversale dei contenuti ambientali<\/strong> e<strong> di genere<\/strong> e sottolineando la necessit\u00e0 di affrontare questo processo di accoglienza a partire da un <strong>dialogo interculturale di conoscenza per l&#8217;empowerment dei migranti<\/strong> come ospiti e protagonisti nel loro processo di apprendimento della lingua e della cultura ospitante. <\/p><\/div>\n\n\n\n<p><br>Si tratta di una guida che contiene link a tutti i tipi di risorse relative all&#8217;apprendimento delle lingue, alle lingue e ai toolkit su educazione e migrazione, una guida basata sulla pedagogia dell&#8217;ospitalit\u00e0 che offre una visione dialogica di quello che dovrebbe essere un incontro e un dialogo tra culture per incoraggiare i professionisti e i volontari a riflettere su come dovremmo approcciare questa prima legge della convivenza, che \u00e8 quella di accogliere chi arriva come un&#8217;opportunit\u00e0 per crescere e imparare come comunit\u00e0.<\/p>\n\n\n\n<div data-wp-interactive=\"core\/file\" class=\"wp-block-file\"><object data-wp-bind--hidden=\"!state.hasPdfPreview\" hidden class=\"wp-block-file__embed\" data=\"https:\/\/pipe-project.eu\/wp-content\/uploads\/2025\/07\/D2.3.-Guide-for-teaching-the-national-language-for-migrants_IT_compressed.pdf\" type=\"application\/pdf\" style=\"width:100%;height:600px\" aria-label=\"Incorporamento di D2.3. Guide for teaching the national language for migrants_IT_compressed.\"><\/object><a id=\"wp-block-file--media-462094f9-d33e-4ad8-9a1f-24102077553c\" href=\"https:\/\/pipe-project.eu\/wp-content\/uploads\/2025\/07\/D2.3.-Guide-for-teaching-the-national-language-for-migrants_IT_compressed.pdf\">D2.3. Guide for teaching the national language for migrants_IT_compressed<\/a><a href=\"https:\/\/pipe-project.eu\/wp-content\/uploads\/2025\/07\/D2.3.-Guide-for-teaching-the-national-language-for-migrants_IT_compressed.pdf\" class=\"wp-block-file__button wp-element-button\" download aria-describedby=\"wp-block-file--media-462094f9-d33e-4ad8-9a1f-24102077553c\">Download<\/a><\/div>\n\n\n\n<div class=\"wp-block-stackable-divider stk-block-divider stk-block stk-65d3c87\" data-block-id=\"65d3c87\"><hr class=\"stk-block-divider__hr\"\/><\/div>\n\n\n\n<div class=\"wp-block-stackable-heading stk-block-heading stk-block-heading--v2 stk-block stk-dbf781e\" id=\"guide-and-action-plan-for-cultural-training-for-professionals\" data-block-id=\"dbf781e\"><h2 class=\"stk-block-heading__text has-text-align-center\">Guida e piano d&#8217;azione per la formazione culturale dei professionisti <\/h2><\/div>\n\n\n\n<p>Questa guida e questo piano d&#8217;azione sono stati concepiti per sostenere i professionisti che lavorano con i migranti nello sviluppo delle loro competenze culturali. Fornisce strumenti e spunti per aiutare i professionisti a creare i propri piani d&#8217;azione per la formazione alla competenza culturale, incorporando risorse nazionali nella lingua di ciascun partner che partecipa al progetto PIPE. <\/p>\n\n\n\n<p>La guida offre un quadro teorico conciso che introduce i professionisti al concetto di competenza culturale. Include un itinerario progressivo, basato su livelli, che consente a ciascun professionista o organizzazione di decidere, in base alla propria esperienza e alle proprie esigenze, se seguire l&#8217;intero percorso o concentrarsi su livelli specifici. Ispirandosi al romanzo Rayuela (Hopscotch) di Cort\u00e1zar, i professionisti possono scegliere il proprio viaggio attraverso i contenuti della guida.  <\/p>\n\n\n\n<p>La guida analizza le barriere e le sfide affrontate nell&#8217;implementazione della formazione alla competenza culturale nel campo dell&#8217;interculturalit\u00e0, una serie di riflessioni sul concetto di identit\u00e0 e patrimonio e la necessit\u00e0 di indirizzare i nostri sforzi verso la costruzione collettiva e progressiva di una <strong>cultura dell&#8217;ospitalit\u00e0<\/strong>. La guida definisce gli obiettivi di apprendimento e un decalogo di buone pratiche per generare un dialogo e una riflessione comunitaria su ci\u00f2 che si dovrebbe considerare quando si progetta il proprio piano di formazione. <\/p>\n\n\n\n<div data-wp-interactive=\"core\/file\" class=\"wp-block-file\"><object data-wp-bind--hidden=\"!state.hasPdfPreview\" hidden class=\"wp-block-file__embed\" data=\"https:\/\/pipe-project.eu\/wp-content\/uploads\/2025\/07\/D2.4-Guide-and-action-plan-for-cultural-training-for-professionals_IT.pdf\" type=\"application\/pdf\" style=\"width:100%;height:600px\" aria-label=\"Incorporamento di D2.4 Guide and action plan for cultural training for professionals_IT.\"><\/object><a id=\"wp-block-file--media-151ddadd-3db2-4ea1-ae65-f2cb2a753e18\" href=\"https:\/\/pipe-project.eu\/wp-content\/uploads\/2025\/07\/D2.4-Guide-and-action-plan-for-cultural-training-for-professionals_IT.pdf\">D2.4 Guide and action plan for cultural training for professionals_IT<\/a><a href=\"https:\/\/pipe-project.eu\/wp-content\/uploads\/2025\/07\/D2.4-Guide-and-action-plan-for-cultural-training-for-professionals_IT.pdf\" class=\"wp-block-file__button wp-element-button\" download aria-describedby=\"wp-block-file--media-151ddadd-3db2-4ea1-ae65-f2cb2a753e18\">Download<\/a><\/div>\n","protected":false},"excerpt":{"rendered":"<p>Strumenti per professionisti Guida all&#8217;insegnamento della lingua nazionale per i migranti La Guida all&#8217;insegnamento della lingua nazionale per i migranti \u00e8 una risorsa a pi\u00f9 livelli per professionisti e volontari che lavorano per e con i migranti. Nei suoi otto capitoli troverete le riflessioni di professionisti provenienti da Spagna, Danimarca, Grecia, Italia e Germania sul [&hellip;]<\/p>\n","protected":false},"author":1,"featured_media":0,"parent":0,"menu_order":0,"comment_status":"closed","ping_status":"closed","template":"","meta":{"footnotes":""},"class_list":["post-2550","page","type-page","status-publish","hentry"],"blocksy_meta":[],"_links":{"self":[{"href":"https:\/\/pipe-project.eu\/it\/wp-json\/wp\/v2\/pages\/2550","targetHints":{"allow":["GET"]}}],"collection":[{"href":"https:\/\/pipe-project.eu\/it\/wp-json\/wp\/v2\/pages"}],"about":[{"href":"https:\/\/pipe-project.eu\/it\/wp-json\/wp\/v2\/types\/page"}],"author":[{"embeddable":true,"href":"https:\/\/pipe-project.eu\/it\/wp-json\/wp\/v2\/users\/1"}],"replies":[{"embeddable":true,"href":"https:\/\/pipe-project.eu\/it\/wp-json\/wp\/v2\/comments?post=2550"}],"version-history":[{"count":2,"href":"https:\/\/pipe-project.eu\/it\/wp-json\/wp\/v2\/pages\/2550\/revisions"}],"predecessor-version":[{"id":3025,"href":"https:\/\/pipe-project.eu\/it\/wp-json\/wp\/v2\/pages\/2550\/revisions\/3025"}],"wp:attachment":[{"href":"https:\/\/pipe-project.eu\/it\/wp-json\/wp\/v2\/media?parent=2550"}],"curies":[{"name":"wp","href":"https:\/\/api.w.org\/{rel}","templated":true}]}}