{"id":1399,"date":"2024-04-29T13:33:03","date_gmt":"2024-04-29T13:33:03","guid":{"rendered":"https:\/\/pipe-project.eu\/wp5\/"},"modified":"2024-05-21T12:47:24","modified_gmt":"2024-05-21T12:47:24","slug":"wp5","status":"publish","type":"page","link":"https:\/\/pipe-project.eu\/it\/wp5\/","title":{"rendered":"WP5"},"content":{"rendered":"\n<div class=\"wp-block-stackable-columns alignfull stk-block-columns stk-block stk-a292c5d stk-block-background stk--has-background-overlay\" data-block-id=\"a292c5d\"><style>.stk-a292c5d{background-image:url(https:\/\/pipe-project.eu\/wp-content\/uploads\/2024\/05\/PIPE_background-resize-scaled.jpg) !important;padding-top:120px !important;padding-bottom:160px !important}<\/style><div class=\"stk-row stk-inner-blocks stk-block-content stk-content-align stk-a292c5d-column alignfull\">\n<div class=\"wp-block-stackable-column stk-block-column stk-column stk-block stk-8ee581f\" data-v=\"4\" data-block-id=\"8ee581f\"><div class=\"stk-column-wrapper stk-block-column__content stk-container stk-8ee581f-container stk--no-background stk--no-padding\"><div class=\"stk-block-content stk-inner-blocks stk-8ee581f-inner-blocks\">\n<div class=\"wp-block-stackable-heading stk-block-heading stk-block-heading--v2 stk-block stk-a33e590\" id=\"work-package-5-sharing-results-and-promotion\" data-block-id=\"a33e590\"><style>.stk-a33e590 .stk-block-heading__text{font-size:50px !important;color:var(--theme-palette-color-8,#ffffff) !important}@media screen and (max-width:999px){.stk-a33e590 .stk-block-heading__text{font-size:50px !important}}<\/style><h2 class=\"stk-block-heading__text has-text-color has-text-align-center\">Work Package 5: Condivisione dei risultati e promozione<\/h2><\/div>\n<\/div><\/div><\/div>\n<\/div><\/div>\n\n<div class=\"wp-block-stackable-heading stk-block-heading stk-block-heading--v2 stk-block stk-298a9b1\" id=\"leading-partner-mag-uninettuno\" data-block-id=\"298a9b1\"><h5 class=\"stk-block-heading__text\">Leading Partner: MAG &#8211; Uninettuno<\/h5><\/div>\n\n<p>Le attivit\u00e0 di disseminazione saranno ampie e continue durante la durata del progetto e al termine del progetto PIPE.<\/p>\n\n<p>All&#8217;inizio del progetto sar\u00e0 predisposto un piano di disseminazione dettagliato da parte di MAG &#8211; Uninettuno in collaborazione con gli altri partner, che riassumer\u00e0 le strategie chiave e definir\u00e0 i destinatari.<\/p>\n\n<p>Il monitoraggio continuo delle attivit\u00e0 di diffusione garantir\u00e0 l&#8217;attuazione di questo piano e servir\u00e0 a garantire che tutti i partner contribuiscano equamente alla divulgazione dei risultati del progetto.<\/p>\n\n<p>I risultati principali saranno la strategia di divulgazione, i materiali promozionali, i feedback raccolti, i rapporti compilati. Diffonderemo gli output e i risultati del progetto, divulgheremo i materiali sviluppati ( concept, report, formazione on-line) e li terremo aggiornati sui progressi del progetto attraverso eventi moltiplicatori, presentazioni a conferenze e altri eventi, volantini, pagina web del progetto e social media.<\/p>\n","protected":false},"excerpt":{"rendered":"<p>Work Package 5: Condivisione dei risultati e promozione Leading Partner: MAG &#8211; Uninettuno Le attivit\u00e0 di disseminazione saranno ampie e continue durante la durata del progetto e al termine del progetto PIPE. All&#8217;inizio del progetto sar\u00e0 predisposto un piano di disseminazione dettagliato da parte di MAG &#8211; Uninettuno in collaborazione con gli altri partner, che [&hellip;]<\/p>\n","protected":false},"author":2,"featured_media":0,"parent":0,"menu_order":0,"comment_status":"closed","ping_status":"closed","template":"","meta":{"footnotes":""},"class_list":["post-1399","page","type-page","status-publish","hentry"],"blocksy_meta":[],"_links":{"self":[{"href":"https:\/\/pipe-project.eu\/it\/wp-json\/wp\/v2\/pages\/1399","targetHints":{"allow":["GET"]}}],"collection":[{"href":"https:\/\/pipe-project.eu\/it\/wp-json\/wp\/v2\/pages"}],"about":[{"href":"https:\/\/pipe-project.eu\/it\/wp-json\/wp\/v2\/types\/page"}],"author":[{"embeddable":true,"href":"https:\/\/pipe-project.eu\/it\/wp-json\/wp\/v2\/users\/2"}],"replies":[{"embeddable":true,"href":"https:\/\/pipe-project.eu\/it\/wp-json\/wp\/v2\/comments?post=1399"}],"version-history":[{"count":4,"href":"https:\/\/pipe-project.eu\/it\/wp-json\/wp\/v2\/pages\/1399\/revisions"}],"predecessor-version":[{"id":1482,"href":"https:\/\/pipe-project.eu\/it\/wp-json\/wp\/v2\/pages\/1399\/revisions\/1482"}],"wp:attachment":[{"href":"https:\/\/pipe-project.eu\/it\/wp-json\/wp\/v2\/media?parent=1399"}],"curies":[{"name":"wp","href":"https:\/\/api.w.org\/{rel}","templated":true}]}}