{"id":1356,"date":"2024-04-29T13:22:15","date_gmt":"2024-04-29T13:22:15","guid":{"rendered":"https:\/\/pipe-project.eu\/wp1\/"},"modified":"2024-05-21T12:45:35","modified_gmt":"2024-05-21T12:45:35","slug":"wp1","status":"publish","type":"page","link":"https:\/\/pipe-project.eu\/it\/wp1\/","title":{"rendered":"WP1"},"content":{"rendered":"\n<div class=\"wp-block-stackable-columns alignfull stk-block-columns stk-block stk-a03ab45 stk-block-background stk--has-background-overlay\" data-block-id=\"a03ab45\"><style>.stk-a03ab45{background-image:url(https:\/\/pipe-project.eu\/wp-content\/uploads\/2024\/05\/PIPE_background-resize-scaled.jpg) !important;padding-top:120px !important;padding-bottom:160px !important}<\/style><div class=\"stk-row stk-inner-blocks stk-block-content stk-content-align stk-a03ab45-column alignfull\">\n<div class=\"wp-block-stackable-column stk-block-column stk-column stk-block stk-e53c760\" data-v=\"4\" data-block-id=\"e53c760\"><div class=\"stk-column-wrapper stk-block-column__content stk-container stk-e53c760-container stk--no-background stk--no-padding\"><div class=\"stk-block-content stk-inner-blocks stk-e53c760-inner-blocks\">\n<h2 class=\"wp-block-heading has-text-align-center\" style=\"font-size:clamp(28.836px, 1.802rem + ((1vw - 3.2px) * 1.653), 50px);\"><span style=\"color: var(--theme-palette-color-8, #ffffff);\" class=\"stk-highlight\">Work Package 1: Gestione del progetto<\/span><\/h2>\n<\/div><\/div><\/div>\n<\/div><\/div>\n\n<div class=\"wp-block-stackable-heading stk-block-heading stk-block-heading--v2 stk-block stk-9cfa2a5\" id=\"leading-partner-evm\" data-block-id=\"9cfa2a5\"><h5 class=\"stk-block-heading__text\">Partner responsabile: EVM<\/h5><\/div>\n\n<p>Le attivit\u00e0 del progetto saranno monitorate attraverso un piano di Project Management completo, che comprende varie attivit\u00e0 come il monitoraggio, il coordinamento, la comunicazione, la valutazione, l&#8217;assicurazione della qualit\u00e0 e la gestione del rischio.<br\/>Per garantire una comunicazione efficace tra i partner e in aggiunta alle Riunioni transnazionali di progetto (TPM), si terranno riunioni virtuali una volta al mese e, se necessario, i partner potranno convocare riunioni straordinarie online. Una comunicazione chiara garantir\u00e0 trasparenza, comprensione e un coordinamento efficace.<\/p>\n","protected":false},"excerpt":{"rendered":"<p>Work Package 1: Gestione del progetto Partner responsabile: EVM Le attivit\u00e0 del progetto saranno monitorate attraverso un piano di Project Management completo, che comprende varie attivit\u00e0 come il monitoraggio, il coordinamento, la comunicazione, la valutazione, l&#8217;assicurazione della qualit\u00e0 e la gestione del rischio.Per garantire una comunicazione efficace tra i partner e in aggiunta alle Riunioni [&hellip;]<\/p>\n","protected":false},"author":2,"featured_media":0,"parent":0,"menu_order":0,"comment_status":"closed","ping_status":"closed","template":"","meta":{"footnotes":""},"class_list":["post-1356","page","type-page","status-publish","hentry"],"blocksy_meta":[],"_links":{"self":[{"href":"https:\/\/pipe-project.eu\/it\/wp-json\/wp\/v2\/pages\/1356","targetHints":{"allow":["GET"]}}],"collection":[{"href":"https:\/\/pipe-project.eu\/it\/wp-json\/wp\/v2\/pages"}],"about":[{"href":"https:\/\/pipe-project.eu\/it\/wp-json\/wp\/v2\/types\/page"}],"author":[{"embeddable":true,"href":"https:\/\/pipe-project.eu\/it\/wp-json\/wp\/v2\/users\/2"}],"replies":[{"embeddable":true,"href":"https:\/\/pipe-project.eu\/it\/wp-json\/wp\/v2\/comments?post=1356"}],"version-history":[{"count":2,"href":"https:\/\/pipe-project.eu\/it\/wp-json\/wp\/v2\/pages\/1356\/revisions"}],"predecessor-version":[{"id":1464,"href":"https:\/\/pipe-project.eu\/it\/wp-json\/wp\/v2\/pages\/1356\/revisions\/1464"}],"wp:attachment":[{"href":"https:\/\/pipe-project.eu\/it\/wp-json\/wp\/v2\/media?parent=1356"}],"curies":[{"name":"wp","href":"https:\/\/api.w.org\/{rel}","templated":true}]}}