{"id":1293,"date":"2024-03-15T09:15:21","date_gmt":"2024-03-15T09:15:21","guid":{"rendered":"https:\/\/pipe-project.eu\/obiettivi\/"},"modified":"2024-05-20T13:25:42","modified_gmt":"2024-05-20T13:25:42","slug":"obiettivi","status":"publish","type":"page","link":"https:\/\/pipe-project.eu\/it\/obiettivi\/","title":{"rendered":"Obiettivi"},"content":{"rendered":"\n<div class=\"wp-block-stackable-columns alignfull stk-block-columns stk-block stk-b19e7c9 stk-block-background stk--has-background-overlay\" data-block-id=\"b19e7c9\"><style>.stk-b19e7c9{background-color:#00000000 !important;background-image:url(https:\/\/pipe-project.eu\/wp-content\/uploads\/2024\/05\/PIPE_background-resize-scaled.jpg) !important;padding-top:120px !important;padding-bottom:160px !important;margin-bottom:0px !important}.stk-b19e7c9:before{background-color:#00000000 !important;opacity:0.8 !important}@media screen and (max-width:999px){.stk-b19e7c9{padding-top:80px !important;padding-bottom:80px !important}}<\/style><div class=\"stk-row stk-inner-blocks stk-block-content stk-content-align stk-b19e7c9-column\">\n<div class=\"wp-block-stackable-column stk-block-column stk-column stk-block stk-da68494\" data-v=\"4\" data-block-id=\"da68494\"><style>.stk-da68494-container{margin-top:0px !important;margin-right:0px !important;margin-bottom:0px !important;margin-left:0px !important}<\/style><div class=\"stk-column-wrapper stk-block-column__content stk-container stk-da68494-container stk--no-background stk--no-padding\"><div class=\"stk-block-content stk-inner-blocks stk-da68494-inner-blocks\">\n<div class=\"wp-block-stackable-columns stk-block-columns stk-block stk-293854b\" data-block-id=\"293854b\"><style>.stk-293854b{margin-bottom:0px !important}.stk-293854b-column{--stk-column-gap:90px !important;row-gap:90px !important}<\/style><div class=\"stk-row stk-inner-blocks stk-block-content stk-content-align stk-293854b-column\">\n<div class=\"wp-block-stackable-column stk-block-column stk-column stk-block stk-2264616\" data-v=\"4\" data-block-id=\"2264616\"><style>.stk-2264616-container{margin-top:0px !important;margin-right:0px !important;margin-bottom:0px !important;margin-left:0px !important}.stk-2264616{align-self:center !important}<\/style><div class=\"stk-column-wrapper stk-block-column__content stk-container stk-2264616-container stk--no-background stk--no-padding\"><div class=\"stk-block-content stk-inner-blocks stk-2264616-inner-blocks\">\n<div class=\"wp-block-stackable-heading stk-block-heading stk-block-heading--v2 stk-block stk-e10f9ca\" id=\"objectives\" data-block-id=\"e10f9ca\"><style>.stk-e10f9ca .stk-block-heading__text{font-size:75px !important;color:var(--theme-palette-color-8,#ffffff) !important;line-height:1.3em !important}@media screen and (max-width:999px){.stk-e10f9ca .stk-block-heading__text{font-size:50px !important}}@media screen and (max-width:689px){.stk-e10f9ca .stk-block-heading__text{font-size:35px !important}}<\/style><h2 class=\"stk-block-heading__text has-text-color has-palette-color-8-color has-text-align-center has-text-align-center-tablet\">Obiettivi:<\/h2><\/div>\n<\/div><\/div><\/div>\n<\/div><\/div>\n<\/div><\/div><\/div>\n<\/div><\/div>\n\n<div class=\"wp-block-stackable-spacer stk-block-spacer stk--no-padding stk-block stk-0fd6ee4\" data-block-id=\"0fd6ee4\"><style>.stk-0fd6ee4{height:50px !important}@media screen and (max-width:999px){.stk-0fd6ee4{height:80px !important}}<\/style><\/div>\n\n<div class=\"wp-block-stackable-columns stk-block-columns stk-block stk-527b143\" data-block-id=\"527b143\"><style>.stk-527b143{margin-bottom:30px !important}.stk-527b143-column{--stk-column-gap:30px !important;row-gap:30px !important}<\/style><div class=\"stk-row stk-inner-blocks stk-block-content stk-content-align stk-527b143-column\">\n<div class=\"wp-block-stackable-column stk-block-column stk-column stk-block stk-686c3be\" data-v=\"4\" data-block-id=\"686c3be\"><style>.stk-686c3be-container{margin-top:0px !important;margin-right:0px !important;margin-bottom:0px !important;margin-left:0px !important;max-width:1500px !important}.stk-686c3be{align-self:center !important}@media screen and (max-width:999px){.stk-686c3be-container{max-width:100% !important}}<\/style><div class=\"stk-column-wrapper stk-block-column__content stk-container stk-686c3be-container stk--no-background stk--no-padding\"><div class=\"stk-block-content stk-inner-blocks stk-686c3be-inner-blocks\">\n<div class=\"wp-block-stackable-heading stk-block-heading stk-block-heading--v2 stk-block stk-bf99b5b\" id=\"general-objectives\" data-block-id=\"bf99b5b\"><h2 class=\"stk-block-heading__text\">Obiettivi generali<\/h2><\/div>\n\n\n\n<div class=\"wp-block-stackable-text stk-block-text stk-block stk-92021ae\" data-block-id=\"92021ae\"><p class=\"stk-block-text__text has-text-align-justify\">Il progetto mira a rispondere alla necessit\u00e0 di inclusione e diversit\u00e0 in tutti i settori dell&#8217;istruzione, della formazione, della giovent\u00f9 e dello sport, e a promuovere opportunit\u00e0 di apprendimento permanente per tutti. Il progetto cerca di fornire l&#8217;accesso a un&#8217;istruzione di qualit\u00e0, aperta, gratuita e flessibile ai migranti nei Paesi ospitanti.<\/p><\/div>\n\n\n\n<div class=\"wp-block-stackable-heading stk-block-heading stk-block-heading--v2 stk-block stk-b9cb928\" id=\"objectives\" data-block-id=\"b9cb928\"><style>.stk-b9cb928 .stk-block-heading__text{font-size:40px !important}@media screen and (max-width:999px){.stk-b9cb928 .stk-block-heading__text{font-size:30px !important}}<\/style><h2 class=\"stk-block-heading__text has-text-align-center-tablet\">Obiettivi:<\/h2><\/div>\n\n\n\n<ul class=\"wp-block-list\">\n<li>Promuovere societ\u00e0 inclusive<\/li>\n\n\n\n<li>Promuovere l&#8217;integrazione dei migranti attraverso la formazione<\/li>\n\n\n\n<li>Educare le comunit\u00e0 alla diversit\u00e0 e alla migrazione<\/li>\n\n\n\n<li>Facilitare l&#8217;integrazione nella comunit\u00e0 europea<\/li>\n\n\n\n<li>Facilitare la comprensione interculturale reciproca<\/li>\n\n\n\n<li>Creare sinergie tra altri progetti finanziati dall&#8217; Unione Europea<\/li>\n\n\n\n<li>Affrontare le difficolt\u00e0 dei partecipanti per quanto riguarda l&#8217;aggiornamento professionale e i processi burocratici<\/li>\n\n\n\n<li>Evidenziare le competenze dei partecipanti per creare percorsi di apprendimento adeguati che contribuiscano a un&#8217;integrazione circolare e sostenibile dei migranti<\/li>\n\n\n\n<li>Produrre materiale didattico di alta qualit\u00e0 per migliorare non solo la condizione umana dei migranti, ma anche l&#8217;integrazione delle societ\u00e0 globali<\/li>\n\n\n\n<li>Garantire l&#8217; uguaglianza sociale con un accesso inclusivo all&#8217;istruzione, alla formazione e all&#8217;apprendimento permanente<\/li>\n\n\n\n<li>Consentire alle persone di partecipare pienamente alla societ\u00e0 integrandosi e contribuendo<\/li>\n\n\n\n<li>Gestire con successo le transizioni nel mercato del lavoro<\/li>\n\n\n\n<li>Ridurre la paura, l&#8217;odio e la radicalizzazione<\/li>\n<\/ul>\n<\/div><\/div><\/div>\n<\/div><\/div>\n\n<div class=\"wp-block-stackable-columns stk-block-columns stk-block stk-ac4e6f7\" data-block-id=\"ac4e6f7\"><style>.stk-ac4e6f7{margin-bottom:35px !important}.stk-ac4e6f7-column{--stk-column-gap:30px !important;row-gap:30px !important}<\/style><div class=\"stk-row stk-inner-blocks stk-block-content stk-content-align stk-ac4e6f7-column\"><\/div><\/div>\n\n<div class=\"wp-block-stackable-columns stk-block-columns stk-block stk-1ce86c7\" data-block-id=\"1ce86c7\"><style>.stk-1ce86c7{margin-bottom:35px !important}.stk-1ce86c7-column{--stk-column-gap:30px !important;row-gap:30px !important}<\/style><div class=\"stk-row stk-inner-blocks stk-block-content stk-content-align stk-1ce86c7-column\"><\/div><\/div>\n\n<div class=\"wp-block-stackable-columns stk-block-columns stk-block stk-6280ec6\" data-block-id=\"6280ec6\"><style>.stk-6280ec6{margin-bottom:35px !important}.stk-6280ec6-column{--stk-column-gap:30px !important;row-gap:30px !important}<\/style><div class=\"stk-row stk-inner-blocks stk-block-content stk-content-align stk-6280ec6-column\"><\/div><\/div>\n\n<div class=\"wp-block-stackable-spacer stk-block-spacer stk--no-padding stk-block stk-f8764b6\" data-block-id=\"f8764b6\"><style>.stk-f8764b6{height:50px !important}@media screen and (max-width:999px){.stk-f8764b6{height:80px !important}}<\/style><\/div>\n","protected":false},"excerpt":{"rendered":"<p>Obiettivi: Obiettivi generali Il progetto mira a rispondere alla necessit\u00e0 di inclusione e diversit\u00e0 in tutti i settori dell&#8217;istruzione, della formazione, della giovent\u00f9 e dello sport, e a promuovere opportunit\u00e0 di apprendimento permanente per tutti. Il progetto cerca di fornire l&#8217;accesso a un&#8217;istruzione di qualit\u00e0, aperta, gratuita e flessibile ai migranti nei Paesi ospitanti. Obiettivi:<\/p>\n","protected":false},"author":1,"featured_media":0,"parent":0,"menu_order":0,"comment_status":"closed","ping_status":"closed","template":"","meta":{"footnotes":""},"class_list":["post-1293","page","type-page","status-publish","hentry"],"blocksy_meta":{"styles_descriptor":{"styles":{"desktop":"","tablet":"","mobile":""},"google_fonts":[],"version":6},"page_title_panel":"","has_hero_section":"disabled","5f592434563cdc8ea7b43185f69f9288":"","hero_section":"type-1","hero_elements":[{"id":"custom_title","enabled":true,"heading_tag":"h1","title":"Home"},{"id":"custom_description","enabled":true,"description_visibility":{"desktop":true,"tablet":true,"mobile":false}},{"id":"custom_meta","enabled":false,"meta_elements":[{"id":"author","enabled":true,"label":"By","has_author_avatar":"yes","avatar_size":25},{"id":"post_date","enabled":true,"label":"On","date_format_source":"default","date_format":"M j, Y"},{"id":"updated_date","enabled":false,"label":"On","date_format_source":"default","date_format":"M j, Y"},{"id":"categories","enabled":false,"label":"In","style":"simple"},{"id":"comments","enabled":true}],"page_meta_elements":{"joined":true,"articles_count":true,"comments":true}},{"id":"breadcrumbs","enabled":false}],"fa5d312793da1d73fe66270919cbf97d":"","hero_alignment1":"CT_CSS_SKIP_RULE","hero_margin":40,"hero_alignment2":"center","hero_vertical_alignment":"center","038634b0e75e9a28c34706c006b24d9a":"","hero_structure":"narrow","8ba9ae89bd8352bda6c9d0feb683dd4b":"","page_title_bg_type":"featured_image","custom_hero_background":{"attachment_id":null},"page_title_image_size":"full","parallax":{"desktop":false,"tablet":false,"mobile":false},"60820afe27a5c7252269544fa0e8ea69":"","hero_height":"250px","pageTitleFont":{"family":"Default","variation":"Default","size":"30px","line-height":"CT_CSS_SKIP_RULE","letter-spacing":"CT_CSS_SKIP_RULE","text-transform":"CT_CSS_SKIP_RULE","text-decoration":"CT_CSS_SKIP_RULE"},"pageTitleFontColor":{"default":{"color":"CT_CSS_SKIP_RULEDEFAULT"}},"pageMetaFont":{"family":"Default","variation":"n6","size":"12px","line-height":"1.3","letter-spacing":"CT_CSS_SKIP_RULE","text-transform":"uppercase","text-decoration":"CT_CSS_SKIP_RULE"},"pageMetaFontColor":{"default":{"color":"CT_CSS_SKIP_RULEDEFAULT"},"hover":{"color":"CT_CSS_SKIP_RULEDEFAULT"}},"page_meta_button_type_font_colors":{"default":{"color":"CT_CSS_SKIP_RULEDEFAULT"},"hover":{"color":"CT_CSS_SKIP_RULEDEFAULT"}},"page_meta_button_type_background_colors":{"default":{"color":"CT_CSS_SKIP_RULEDEFAULT"},"hover":{"color":"CT_CSS_SKIP_RULEDEFAULT"}},"pageExcerptFont":{"family":"Default","variation":"Default","size":"CT_CSS_SKIP_RULE","line-height":"CT_CSS_SKIP_RULE","letter-spacing":"CT_CSS_SKIP_RULE","text-transform":"CT_CSS_SKIP_RULE","text-decoration":"CT_CSS_SKIP_RULE"},"pageExcerptColor":{"default":{"color":"CT_CSS_SKIP_RULEDEFAULT"}},"breadcrumbsFont":{"family":"Default","variation":"Default","size":"CT_CSS_SKIP_RULE","line-height":"CT_CSS_SKIP_RULE","letter-spacing":"CT_CSS_SKIP_RULE","text-transform":"CT_CSS_SKIP_RULE","text-decoration":"CT_CSS_SKIP_RULE"},"breadcrumbsFontColor":{"default":{"color":"CT_CSS_SKIP_RULEDEFAULT"},"initial":{"color":"CT_CSS_SKIP_RULEDEFAULT"},"hover":{"color":"CT_CSS_SKIP_RULEDEFAULT"}},"pageTitleOverlay":{"background_type":"color","background_pattern":"type-1","background_image":{"attachment_id":null,"x":0,"y":0},"gradient":"linear-gradient(135deg,rgba(6,147,227,1) 0%,rgb(155,81,224) 100%)","background_repeat":"repeat","background_size":"auto","background_attachment":"scroll","patternColor":{"default":{"color":"#e5e7ea"}},"overlayColor":{"default":{"color":"CT_CSS_SKIP_RULE"}},"backgroundColor":{"default":{"color":"CT_CSS_SKIP_RULE"}}},"pageTitleBackground":{"background_type":"color","background_pattern":"type-1","background_image":{"attachment_id":null,"x":0,"y":0},"gradient":"linear-gradient(135deg,rgba(6,147,227,1) 0%,rgb(155,81,224) 100%)","background_repeat":"repeat","background_size":"auto","background_attachment":"scroll","patternColor":{"default":{"color":"#e5e7ea"}},"overlayColor":{"default":{"color":"CT_CSS_SKIP_RULE"}},"backgroundColor":{"default":{"color":"var(--theme-palette-color-6)"}}},"pageTitlePadding":{"top":"50px","bottom":"50px","left":"auto","right":"auto","linked":true},"9e8878e4ae5c39542277458b92397c06":"","page_structure_type":"default","281d50e8b20ca6bea36f4a5475de4ffb":"","content_style_source":"inherit","content_style":"wide","vertical_spacing_source":"custom","content_area_spacing":"none","background":{"background_type":"color","background_pattern":"type-1","background_image":{"attachment_id":null,"x":0,"y":0},"gradient":"linear-gradient(135deg,rgba(6,147,227,1) 0%,rgb(155,81,224) 100%)","background_repeat":"repeat","background_size":"auto","background_attachment":"scroll","patternColor":{"default":{"color":"#e5e7ea"}},"overlayColor":{"default":{"color":"CT_CSS_SKIP_RULE"}},"backgroundColor":{"default":{"color":"CT_CSS_SKIP_RULE"}}},"content_background":{"background_type":"color","background_pattern":"type-1","background_image":{"attachment_id":null,"x":0,"y":0},"gradient":"linear-gradient(135deg,rgba(6,147,227,1) 0%,rgb(155,81,224) 100%)","background_repeat":"repeat","background_size":"auto","background_attachment":"scroll","patternColor":{"default":{"color":"#e5e7ea"}},"overlayColor":{"default":{"color":"CT_CSS_SKIP_RULE"}},"backgroundColor":{"default":{"color":"var(--theme-palette-color-8)"}}},"content_boxed_shadow":{"inherit":false,"blur":18,"spread":-6,"v_offset":12,"h_offset":0,"inset":false,"enable":true,"color":{"color":"rgba(34, 56, 101, 0.04)"}},"content_boxed_border":{"width":1,"style":"none","color":{"color":"rgba(44,62,80,0.2)"}},"content_boxed_radius":{"top":"3px","bottom":"3px","left":"3px","right":"3px","linked":true},"boxed_content_spacing":{"desktop":{"top":"40px","bottom":"40px","left":"40px","right":"40px","linked":true},"tablet":{"top":"35px","bottom":"35px","left":"35px","right":"35px","linked":true},"mobile":{"top":"20px","bottom":"20px","left":"20px","right":"20px","linked":true}},"c306ba4c61dca4489778938465385d13":"","disable_featured_image":"no","disable_share_box":"no","disable_header":"no","disable_footer":"no"},"_links":{"self":[{"href":"https:\/\/pipe-project.eu\/it\/wp-json\/wp\/v2\/pages\/1293","targetHints":{"allow":["GET"]}}],"collection":[{"href":"https:\/\/pipe-project.eu\/it\/wp-json\/wp\/v2\/pages"}],"about":[{"href":"https:\/\/pipe-project.eu\/it\/wp-json\/wp\/v2\/types\/page"}],"author":[{"embeddable":true,"href":"https:\/\/pipe-project.eu\/it\/wp-json\/wp\/v2\/users\/1"}],"replies":[{"embeddable":true,"href":"https:\/\/pipe-project.eu\/it\/wp-json\/wp\/v2\/comments?post=1293"}],"version-history":[{"count":1,"href":"https:\/\/pipe-project.eu\/it\/wp-json\/wp\/v2\/pages\/1293\/revisions"}],"predecessor-version":[{"id":1294,"href":"https:\/\/pipe-project.eu\/it\/wp-json\/wp\/v2\/pages\/1293\/revisions\/1294"}],"wp:attachment":[{"href":"https:\/\/pipe-project.eu\/it\/wp-json\/wp\/v2\/media?parent=1293"}],"curies":[{"name":"wp","href":"https:\/\/api.w.org\/{rel}","templated":true}]}}