{"id":1283,"date":"2024-03-15T14:11:48","date_gmt":"2024-03-15T14:11:48","guid":{"rendered":"https:\/\/pipe-project.eu\/chi-siamo\/"},"modified":"2025-03-25T11:26:35","modified_gmt":"2025-03-25T11:26:35","slug":"chi-siamo","status":"publish","type":"page","link":"https:\/\/pipe-project.eu\/it\/chi-siamo\/","title":{"rendered":"Chi siamo"},"content":{"rendered":"\n<div class=\"wp-block-stackable-columns alignfull stk-block-columns stk-block stk-2cf96ff stk-block-background stk--has-background-overlay\" data-block-id=\"2cf96ff\"><style>.stk-2cf96ff{background-color:#00000000 !important;background-image:url(https:\/\/pipe-project.eu\/wp-content\/uploads\/2024\/05\/PIPE_background-resize-scaled.jpg) !important;padding-top:120px !important;padding-bottom:160px !important}.stk-2cf96ff:before{background-color:#00000000 !important;opacity:0.8 !important}.stk-2cf96ff-column{--stk-columns-spacing:0px !important}<\/style><div class=\"stk-row stk-inner-blocks stk-block-content stk-content-align stk-2cf96ff-column alignfull\">\n<div class=\"wp-block-stackable-column stk-block-column stk-column stk-block stk-a190bf1\" data-v=\"4\" data-block-id=\"a190bf1\"><div class=\"stk-column-wrapper stk-block-column__content stk-container stk-a190bf1-container stk--no-background stk--no-padding\"><div class=\"stk-block-content stk-inner-blocks stk-a190bf1-inner-blocks\">\n<h2 class=\"wp-block-heading has-text-align-center has-palette-color-8-color has-text-color has-link-color wp-elements-51bd6fad362766ebf38b6547cdbab5e7\" style=\"font-size:clamp(39.963px, 2.498rem + ((1vw - 3.2px) * 2.737), 75px);\">Chi siamo<\/h2>\n<\/div><\/div><\/div>\n<\/div><\/div>\n\n<div class=\"wp-block-columns is-layout-flex wp-container-core-columns-is-layout-28f84493 wp-block-columns-is-layout-flex\">\n<div class=\"wp-block-column is-layout-flow wp-block-column-is-layout-flow\" style=\"flex-basis:100%\">\n<div class=\"wp-block-stackable-column stk-block-column stk-column stk-block stk-c2cce21\" data-v=\"4\" data-block-id=\"c2cce21\"><style>.stk-c2cce21-container{margin-top:0px !important;margin-right:0px !important;margin-bottom:0px !important;margin-left:0px !important}<\/style><div class=\"stk-column-wrapper stk-block-column__content stk-container stk-c2cce21-container stk--no-background stk--no-padding\"><div class=\"stk-block-content stk-inner-blocks stk-c2cce21-inner-blocks\"><\/div><\/div><\/div>\n<\/div>\n<\/div>\n\n<div class=\"wp-block-stackable-spacer stk-block-spacer stk--no-padding stk-block stk-b48aa69\" data-block-id=\"b48aa69\"><style>.stk-b48aa69{height:38px !important}@media screen and (max-width:999px){.stk-b48aa69{height:80px !important}}@media screen and (max-width:689px){.stk-b48aa69{height:60px !important}}<\/style><\/div>\n\n<div class=\"wp-block-stackable-columns stk-block-columns stk-block stk-4deebed\" data-block-id=\"4deebed\"><style>.stk-4deebed .stk--block-align-4deebed{align-items:center !important}.stk-4deebed{margin-bottom:0px !important}.stk-4deebed-column{--stk-column-gap:300px !important;row-gap:30px !important}<\/style><div class=\"stk-row stk-inner-blocks stk--block-align-4deebed stk-block-content stk-content-align stk-4deebed-column\">\n<div class=\"wp-block-stackable-column stk-block-column stk-column stk-block stk-5d6f3fa\" data-v=\"4\" data-block-id=\"5d6f3fa\"><style>.stk-5d6f3fa-container{margin-top:0px !important;margin-right:0px !important;margin-bottom:0px !important;margin-left:0px !important}<\/style><div class=\"stk-column-wrapper stk-block-column__content stk-container stk-5d6f3fa-container stk--no-background stk--no-padding\"><div class=\"stk-block-content stk-inner-blocks stk-5d6f3fa-inner-blocks\">\n<div class=\"wp-block-stackable-text stk-block-text stk-block stk-b289c1a\" data-block-id=\"b289c1a\"><style>.stk-b289c1a .stk-block-text__text{font-size:20px !important;color:var(--theme-palette-color-4,#0A1821) !important;font-weight:700 !important}@media screen and (max-width:999px){.stk-b289c1a .stk-block-text__text{font-size:20px !important}}<\/style><p class=\"stk-block-text__text has-text-color has-palette-color-4-color has-text-align-justify has-text-align-center-tablet\">PIPE (Programma di inclusione per i migranti a rischio di esclusione sociale) \u00e8 un&#8217;iniziativa multiforme che mira a promuovere l&#8217;integrazione e l&#8217;empowerment di migranti, rifugiati e richiedenti asilo nelle societ\u00e0 europee. Il suo obiettivo principale \u00e8 quello di colmare i divari culturali e promuovere la comprensione interculturale alimentando la diversit\u00e0 e l&#8217;inclusione. Attraverso un approccio globale, PIPE si avvale di un programma di mentoring, di una serie di risorse e di moduli incentrati sulle soft skills essenziali. In particolare, il progetto introduce strumenti innovativi adattati all&#8217;uso degli smartphone, garantendo l&#8217;accessibilit\u00e0 e la comodit\u00e0 per le popolazioni migranti. Implementando attivit\u00e0 di formazione rigorose e abbracciando strategie innovative, PIPE si impegna a potenziare gli individui e le comunit\u00e0, promuovendo una societ\u00e0 europea pi\u00f9 inclusiva e coesa.<\/p><\/div>\n<\/div><\/div><\/div>\n<\/div><\/div>\n\n<div class=\"wp-block-stackable-spacer stk-block-spacer stk--no-padding stk-block stk-86db5b8\" data-block-id=\"86db5b8\"><style>.stk-86db5b8{height:38px !important}@media screen and (max-width:999px){.stk-86db5b8{height:80px !important}}@media screen and (max-width:689px){.stk-86db5b8{height:60px !important}}<\/style><\/div>\n\n<div class=\"wp-block-stackable-columns stk-block-columns stk-block stk-293854b\" data-block-id=\"293854b\"><style>.stk-293854b{margin-bottom:0px !important}.stk-293854b-column{--stk-column-gap:90px !important;row-gap:50px !important}<\/style><div class=\"stk-row stk-inner-blocks stk-block-content stk-content-align stk-293854b-column\">\n<div class=\"wp-block-stackable-column stk-block-column stk-column stk-block stk-c11d750\" data-v=\"4\" data-block-id=\"c11d750\"><style>.stk-c11d750-container{margin-top:0px !important;margin-right:0px !important;margin-bottom:0px !important;margin-left:0px !important}@media screen and (min-width:690px) and (max-width:999px){.stk-c11d750{flex:0 1 calc(100% - var(--stk-column-gap,0px) * 0 \/ 1 ) !important}}<\/style><div class=\"stk-column-wrapper stk-block-column__content stk-container stk-c11d750-container stk--no-background stk--no-padding\"><div class=\"stk-block-content stk-inner-blocks stk-c11d750-inner-blocks\">\n<div class=\"wp-block-stackable-image stk-block-image stk-block stk-72a3f00\" data-block-id=\"72a3f00\"><style>.stk-72a3f00{box-shadow:60px 60px 0px -20px rgba(242,242,242,1) !important}@media screen and (max-width:999px){.stk-72a3f00 .stk-img-wrapper{height:500px !important}}<\/style><figure><span class=\"stk-img-wrapper stk-image--shape-stretch\"><img loading=\"lazy\" decoding=\"async\" class=\"stk-img wp-image-1161\" src=\"https:\/\/pipe-project.eu\/wp-content\/uploads\/2024\/05\/3-resized.png\" width=\"2500\" height=\"1406\" srcset=\"https:\/\/pipe-project.eu\/wp-content\/uploads\/2024\/05\/3-resized.png 2500w, https:\/\/pipe-project.eu\/wp-content\/uploads\/2024\/05\/3-resized-300x169.png 300w, https:\/\/pipe-project.eu\/wp-content\/uploads\/2024\/05\/3-resized-1024x576.png 1024w, https:\/\/pipe-project.eu\/wp-content\/uploads\/2024\/05\/3-resized-768x432.png 768w, https:\/\/pipe-project.eu\/wp-content\/uploads\/2024\/05\/3-resized-1536x864.png 1536w, https:\/\/pipe-project.eu\/wp-content\/uploads\/2024\/05\/3-resized-2048x1152.png 2048w\" sizes=\"auto, (max-width: 2500px) 100vw, 2500px\" \/><\/span><\/figure><\/div>\n<\/div><\/div><\/div>\n\n\n\n<div class=\"wp-block-stackable-column stk-block-column stk-column stk-block stk-2264616\" data-v=\"4\" data-block-id=\"2264616\"><style>.stk-2264616-container{margin-top:0px !important;margin-right:0px !important;margin-bottom:0px !important;margin-left:0px !important}@media screen and (min-width:690px) and (max-width:999px){.stk-2264616{flex:0 1 calc(100% - var(--stk-column-gap,0px) * 0 \/ 1 ) !important}}<\/style><div class=\"stk-column-wrapper stk-block-column__content stk-container stk-2264616-container stk--no-background stk--no-padding\"><div class=\"stk-block-content stk-inner-blocks stk-2264616-inner-blocks\">\n<div class=\"wp-block-stackable-spacer stk-block-spacer stk--no-padding stk-block stk-475b290\" data-block-id=\"475b290\"><style>.stk-475b290{height:0px !important}@media screen and (max-width:999px){.stk-475b290{height:80px !important}}@media screen and (max-width:689px){.stk-475b290{height:60px !important}}<\/style><\/div>\n\n\n\n<div class=\"wp-block-stackable-heading stk-block-heading stk-block-heading--v2 stk-block stk-a353d24\" id=\"strong-project-sheet-strong\" data-block-id=\"a353d24\"><style>.stk-a353d24 .stk-block-heading__text{font-size:40px !important}@media screen and (max-width:999px){.stk-a353d24 .stk-block-heading__text{font-size:30px !important}}<\/style><h2 class=\"stk-block-heading__text has-text-align-center-tablet\"><strong>Scheda del progetto<\/strong><\/h2><\/div>\n\n\n\n<p>Project name: Programme of Inclusion for Migrant People at risk of social exclusion<br\/>Project acronym: PIPE<br\/>Project number: 2023-1-ES01-KA220-ADU-000160578<br\/>Granting authority: SEPIE &#8211; Spanish National Agency<br\/>Project duration: 36 months<\/p>\n\n\n\n<p><a href=\"https:\/\/drive.google.com\/file\/d\/11P-achrW4mn_JUMyYiFxqrkA3gftitt3\/view?usp=sharing\">Project leaflet<\/a><\/p>\n\n\n\n<p><\/p>\n<\/div><\/div><\/div>\n<\/div><\/div>\n\n<div class=\"wp-block-stackable-columns stk-block-columns stk-block stk-f087f45\" data-block-id=\"f087f45\"><style>.stk-f087f45{margin-bottom:0px !important}.stk-f087f45-column{--stk-column-gap:90px !important;row-gap:50px !important}<\/style><div class=\"stk-row stk-inner-blocks stk-block-content stk-content-align stk-f087f45-column\">\n<div class=\"wp-block-stackable-column stk-block-column stk-column stk-block stk-9a28388\" data-v=\"4\" data-block-id=\"9a28388\"><style>.stk-9a28388-container{margin-top:0px !important;margin-right:0px !important;margin-bottom:0px !important;margin-left:0px !important}<\/style><div class=\"stk-column-wrapper stk-block-column__content stk-container stk-9a28388-container stk--no-background stk--no-padding\"><div class=\"stk-block-content stk-inner-blocks stk-9a28388-inner-blocks\">\n<div class=\"wp-block-stackable-spacer stk-block-spacer stk--no-padding stk-block stk-9cec6d1\" data-block-id=\"9cec6d1\"><style>.stk-9cec6d1{height:90px !important}@media screen and (max-width:999px){.stk-9cec6d1{height:80px !important}}@media screen and (max-width:689px){.stk-9cec6d1{height:60px !important}}<\/style><\/div>\n\n\n\n<div class=\"wp-block-stackable-heading stk-block-heading stk-block-heading--v2 stk-block stk-17ff58a\" id=\"strong-who-the-project-is-for-strong\" data-block-id=\"17ff58a\"><style>.stk-17ff58a .stk-block-heading__text{font-size:40px !important}@media screen and (max-width:999px){.stk-17ff58a .stk-block-heading__text{font-size:30px !important}}<\/style><h2 class=\"stk-block-heading__text has-text-align-center-tablet\"><strong>A chi \u00e8 rivolto il progetto:<\/strong><\/h2><\/div>\n\n\n\n<div class=\"wp-block-stackable-text stk-block-text stk-block stk-5759aa0\" data-block-id=\"5759aa0\"><p class=\"stk-block-text__text has-text-align-justify has-text-align-center-tablet\">Il progetto si rivolge a pi\u00f9 soggetti, tra cui migranti, rifugiati e richiedenti asilo, con l&#8217;obiettivo primario di sostenerne l&#8217;integrazione nel Paese di accoglienza attraverso l&#8217;aggiornamento e l&#8217;empowerment educativo. Inoltre, mira a coinvolgere enti pubblici, ONG, volontari, comunit\u00e0 locali e societ\u00e0 in generale per sensibilizzare e promuovere la comprensione interculturale reciproca. Anche gli educatori e le istituzioni educative che si occupano di persone migranti sono beneficiari integrali, in quanto il progetto cerca di migliorare la loro capacit\u00e0 di sostenere l&#8217;insegnamento e l&#8217;apprendimento per i migranti, fornendo al contempo una formazione sulla diversit\u00e0. Inoltre, il progetto mira a collaborare con altri progetti e organizzazioni per facilitare le sinergie e lo scambio di conoscenze ed esperienze, amplificando cos\u00ec il suo impatto e la sua efficacia nella promozione dell&#8217;inclusione e della diversit\u00e0.<\/p><\/div>\n<\/div><\/div><\/div>\n\n\n\n<div class=\"wp-block-stackable-column stk-block-column stk-column stk-block stk-d8e48f6\" data-v=\"4\" data-block-id=\"d8e48f6\"><style>.stk-d8e48f6-container{margin-top:0px !important;margin-right:0px !important;margin-bottom:0px !important;margin-left:0px !important}<\/style><div class=\"stk-column-wrapper stk-block-column__content stk-container stk-d8e48f6-container stk--no-background stk--no-padding\"><div class=\"stk-block-content stk-inner-blocks stk-d8e48f6-inner-blocks\">\n<div class=\"wp-block-stackable-spacer stk-block-spacer stk--no-padding stk-block stk-bf3b83e\" data-block-id=\"bf3b83e\"><style>.stk-bf3b83e{height:90px !important}@media screen and (max-width:999px){.stk-bf3b83e{height:80px !important}}@media screen and (max-width:689px){.stk-bf3b83e{height:60px !important}}<\/style><\/div>\n\n\n\n<div class=\"wp-block-stackable-heading stk-block-heading stk-block-heading--v2 stk-block stk-3f656a1\" id=\"strong-the-story-behind-it-strong\" data-block-id=\"3f656a1\"><style>.stk-3f656a1 .stk-block-heading__text{font-size:40px !important}@media screen and (max-width:999px){.stk-3f656a1 .stk-block-heading__text{font-size:30px !important}}<\/style><h2 class=\"stk-block-heading__text has-text-align-center-tablet\"><strong>La storia:<\/strong><\/h2><\/div>\n\n\n\n<p>Il partenariato per il progetto PIPE si \u00e8 formato grazie a una combinazione di interessi comuni, competenze e collaborazioni precedenti. Il partner capofila, EVM, ha identificato la necessit\u00e0 del progetto mentre gestiva un altro progetto a livello locale (INTEGRA\/DIVERARTE). Sebbene il progetto nazionale abbia mostrato notevoli progressi, sono state identificate delle lacune attraverso valutazioni con i migranti beneficiari, gli insegnanti che hanno collaborato e gli studenti partecipanti. Le valutazioni hanno evidenziato la mancanza di formazione professionale per i migranti, la discontinuit\u00e0 dei corsi di lingua, la scarsa conoscenza delle risorse disponibili e la necessit\u00e0 di snellire la burocrazia.<\/p>\n\n\n\n<p>Dopo aver condotto queste ricerche di prima mano, EVM ha individuato altri Paesi che si trovano ad affrontare gli stessi problemi e ha collaborato con loro per fornire una soluzione diretta, ideando il progetto PIPE:<\/p>\n\n\n\n<ul class=\"wp-block-list\">\n<li>Offrire maggiore assistenza, servizi e formazione ai migranti, oltre all&#8217;accreditamento tramite Europass o Microcredenziali.<\/li>\n\n\n\n<li>Collaborare con i partner di tutta Europa per risolvere i maggiori problemi di immigrazione del nostro secolo.<\/li>\n\n\n\n<li>Consentire ai migranti di utilizzare le loro competenze per contribuire alla societ\u00e0 di accoglienza e adattarsi alla sua cultura.<\/li>\n\n\n\n<li>Contribuire a rendere l&#8217;arrivo dei migranti meno traumatico per i migranti e per la societ\u00e0 di accoglienza, per promuovere l&#8217;armonia e l&#8217;inclusione.<\/li>\n\n\n\n<li>Sensibilizzare le scuole e le societ\u00e0 per ridurre la paura e l&#8217;odio.<\/li>\n<\/ul>\n<\/div><\/div><\/div>\n<\/div><\/div>\n\n<div class=\"wp-block-stackable-spacer stk-block-spacer stk--no-padding stk-block stk-42ee3c4\" data-block-id=\"42ee3c4\"><style>.stk-42ee3c4{height:80px !important}@media screen and (max-width:999px){.stk-42ee3c4{height:50px !important}}<\/style><\/div>\n","protected":false},"excerpt":{"rendered":"<p>Chi siamo PIPE (Programma di inclusione per i migranti a rischio di esclusione sociale) \u00e8 un&#8217;iniziativa multiforme che mira a promuovere l&#8217;integrazione e l&#8217;empowerment di migranti, rifugiati e richiedenti asilo nelle societ\u00e0 europee. Il suo obiettivo principale \u00e8 quello di colmare i divari culturali e promuovere la comprensione interculturale alimentando la diversit\u00e0 e l&#8217;inclusione. Attraverso [&hellip;]<\/p>\n","protected":false},"author":1,"featured_media":0,"parent":0,"menu_order":0,"comment_status":"closed","ping_status":"closed","template":"","meta":{"footnotes":""},"class_list":["post-1283","page","type-page","status-publish","hentry"],"blocksy_meta":{"styles_descriptor":{"styles":{"desktop":"","tablet":"","mobile":""},"google_fonts":[],"version":6},"page_title_panel":"","has_hero_section":"disabled","49a7dbc8efd2a3917e2b33d1b9699341":"","hero_section":"type-1","hero_elements":[{"id":"custom_title","enabled":true,"heading_tag":"h1","title":"Home"},{"id":"custom_description","enabled":true,"description_visibility":{"desktop":true,"tablet":true,"mobile":false}},{"id":"custom_meta","enabled":false,"meta_elements":[{"id":"author","enabled":true,"label":"By","has_author_avatar":"yes","avatar_size":25},{"id":"post_date","enabled":true,"label":"On","date_format_source":"default","date_format":"M j, Y"},{"id":"updated_date","enabled":false,"label":"On","date_format_source":"default","date_format":"M j, Y"},{"id":"categories","enabled":false,"label":"In","style":"simple"},{"id":"comments","enabled":true}],"page_meta_elements":{"joined":true,"articles_count":true,"comments":true}},{"id":"breadcrumbs","enabled":false}],"f78826450ef38494cb964b4c736124d4":"","hero_alignment1":"CT_CSS_SKIP_RULE","hero_margin":40,"hero_alignment2":"center","hero_vertical_alignment":"center","bb667e7bc23af5c88d0a78cc434a7d5a":"","hero_structure":"narrow","33e2311f7424fec7ecd0bcd73c157320":"","page_title_bg_type":"featured_image","custom_hero_background":{"attachment_id":null},"page_title_image_size":"full","parallax":{"desktop":false,"tablet":false,"mobile":false},"c09ad6009593c3753541875c3388d6ca":"","hero_height":"250px","pageTitleFont":{"family":"Default","variation":"Default","size":"30px","line-height":"CT_CSS_SKIP_RULE","letter-spacing":"CT_CSS_SKIP_RULE","text-transform":"CT_CSS_SKIP_RULE","text-decoration":"CT_CSS_SKIP_RULE"},"pageTitleFontColor":{"default":{"color":"CT_CSS_SKIP_RULEDEFAULT"}},"pageMetaFont":{"family":"Default","variation":"n6","size":"12px","line-height":"1.3","letter-spacing":"CT_CSS_SKIP_RULE","text-transform":"uppercase","text-decoration":"CT_CSS_SKIP_RULE"},"pageMetaFontColor":{"default":{"color":"CT_CSS_SKIP_RULEDEFAULT"},"hover":{"color":"CT_CSS_SKIP_RULEDEFAULT"}},"page_meta_button_type_font_colors":{"default":{"color":"CT_CSS_SKIP_RULEDEFAULT"},"hover":{"color":"CT_CSS_SKIP_RULEDEFAULT"}},"page_meta_button_type_background_colors":{"default":{"color":"CT_CSS_SKIP_RULEDEFAULT"},"hover":{"color":"CT_CSS_SKIP_RULEDEFAULT"}},"pageExcerptFont":{"family":"Default","variation":"Default","size":"CT_CSS_SKIP_RULE","line-height":"CT_CSS_SKIP_RULE","letter-spacing":"CT_CSS_SKIP_RULE","text-transform":"CT_CSS_SKIP_RULE","text-decoration":"CT_CSS_SKIP_RULE"},"pageExcerptColor":{"default":{"color":"CT_CSS_SKIP_RULEDEFAULT"}},"breadcrumbsFont":{"family":"Default","variation":"Default","size":"CT_CSS_SKIP_RULE","line-height":"CT_CSS_SKIP_RULE","letter-spacing":"CT_CSS_SKIP_RULE","text-transform":"CT_CSS_SKIP_RULE","text-decoration":"CT_CSS_SKIP_RULE"},"breadcrumbsFontColor":{"default":{"color":"CT_CSS_SKIP_RULEDEFAULT"},"initial":{"color":"CT_CSS_SKIP_RULEDEFAULT"},"hover":{"color":"CT_CSS_SKIP_RULEDEFAULT"}},"pageTitleOverlay":{"background_type":"color","background_pattern":"type-1","background_image":{"attachment_id":null,"x":0,"y":0},"gradient":"linear-gradient(135deg,rgba(6,147,227,1) 0%,rgb(155,81,224) 100%)","background_repeat":"repeat","background_size":"auto","background_attachment":"scroll","patternColor":{"default":{"color":"#e5e7ea"}},"overlayColor":{"default":{"color":"CT_CSS_SKIP_RULE"}},"backgroundColor":{"default":{"color":"CT_CSS_SKIP_RULE"}}},"pageTitleBackground":{"background_type":"color","background_pattern":"type-1","background_image":{"attachment_id":null,"x":0,"y":0},"gradient":"linear-gradient(135deg,rgba(6,147,227,1) 0%,rgb(155,81,224) 100%)","background_repeat":"repeat","background_size":"auto","background_attachment":"scroll","patternColor":{"default":{"color":"#e5e7ea"}},"overlayColor":{"default":{"color":"CT_CSS_SKIP_RULE"}},"backgroundColor":{"default":{"color":"var(--theme-palette-color-6)"}}},"pageTitlePadding":{"top":"50px","bottom":"50px","left":"auto","right":"auto","linked":true},"9da2312fd12af112468f1a557cd080d0":"","page_structure_type":"default","7fa16ca0aa309da681a7ba94ee19170e":"","content_style_source":"inherit","content_style":"wide","vertical_spacing_source":"custom","content_area_spacing":"none","background":{"background_type":"color","background_pattern":"type-1","background_image":{"attachment_id":null,"x":0,"y":0},"gradient":"linear-gradient(135deg,rgba(6,147,227,1) 0%,rgb(155,81,224) 100%)","background_repeat":"repeat","background_size":"auto","background_attachment":"scroll","patternColor":{"default":{"color":"#e5e7ea"}},"overlayColor":{"default":{"color":"CT_CSS_SKIP_RULE"}},"backgroundColor":{"default":{"color":"CT_CSS_SKIP_RULE"}}},"content_background":{"background_type":"color","background_pattern":"type-1","background_image":{"attachment_id":null,"x":0,"y":0},"gradient":"linear-gradient(135deg,rgba(6,147,227,1) 0%,rgb(155,81,224) 100%)","background_repeat":"repeat","background_size":"auto","background_attachment":"scroll","patternColor":{"default":{"color":"#e5e7ea"}},"overlayColor":{"default":{"color":"CT_CSS_SKIP_RULE"}},"backgroundColor":{"default":{"color":"var(--theme-palette-color-8)"}}},"content_boxed_shadow":{"inherit":false,"blur":18,"spread":-6,"v_offset":12,"h_offset":0,"inset":false,"enable":true,"color":{"color":"rgba(34, 56, 101, 0.04)"}},"content_boxed_border":{"width":1,"style":"none","color":{"color":"rgba(44,62,80,0.2)"}},"content_boxed_radius":{"top":"3px","bottom":"3px","left":"3px","right":"3px","linked":true},"boxed_content_spacing":{"desktop":{"top":"40px","bottom":"40px","left":"40px","right":"40px","linked":true},"tablet":{"top":"35px","bottom":"35px","left":"35px","right":"35px","linked":true},"mobile":{"top":"20px","bottom":"20px","left":"20px","right":"20px","linked":true}},"515c77a2e34539af1e7f4d7adaceb756":"","disable_featured_image":"no","disable_share_box":"no","disable_header":"no","disable_footer":"no"},"_links":{"self":[{"href":"https:\/\/pipe-project.eu\/it\/wp-json\/wp\/v2\/pages\/1283","targetHints":{"allow":["GET"]}}],"collection":[{"href":"https:\/\/pipe-project.eu\/it\/wp-json\/wp\/v2\/pages"}],"about":[{"href":"https:\/\/pipe-project.eu\/it\/wp-json\/wp\/v2\/types\/page"}],"author":[{"embeddable":true,"href":"https:\/\/pipe-project.eu\/it\/wp-json\/wp\/v2\/users\/1"}],"replies":[{"embeddable":true,"href":"https:\/\/pipe-project.eu\/it\/wp-json\/wp\/v2\/comments?post=1283"}],"version-history":[{"count":5,"href":"https:\/\/pipe-project.eu\/it\/wp-json\/wp\/v2\/pages\/1283\/revisions"}],"predecessor-version":[{"id":2558,"href":"https:\/\/pipe-project.eu\/it\/wp-json\/wp\/v2\/pages\/1283\/revisions\/2558"}],"wp:attachment":[{"href":"https:\/\/pipe-project.eu\/it\/wp-json\/wp\/v2\/media?parent=1283"}],"curies":[{"name":"wp","href":"https:\/\/api.w.org\/{rel}","templated":true}]}}