{"id":2603,"date":"2025-03-25T12:24:04","date_gmt":"2025-03-25T12:24:04","guid":{"rendered":"https:\/\/pipe-project.eu\/wp4\/"},"modified":"2025-08-28T11:30:51","modified_gmt":"2025-08-28T11:30:51","slug":"wp4","status":"publish","type":"page","link":"https:\/\/pipe-project.eu\/es\/wp4\/","title":{"rendered":"WP4"},"content":{"rendered":"\n<div class=\"wp-block-stackable-columns alignfull stk-block-columns stk-block stk-28f92e1 stk-block-background stk--has-background-overlay\" data-block-id=\"28f92e1\"><style>.stk-28f92e1 {background-image:url(https:\/\/pipe-project.eu\/wp-content\/uploads\/2024\/05\/PIPE_background-resize-scaled.jpg) !important;padding-top:120px !important;padding-bottom:160px !important;}<\/style><div class=\"stk-row stk-inner-blocks stk-block-content stk-content-align stk-28f92e1-column alignfull\">\n<div class=\"wp-block-stackable-column stk-block-column stk-column stk-block stk-0decec5\" data-v=\"4\" data-block-id=\"0decec5\"><div class=\"stk-column-wrapper stk-block-column__content stk-container stk-0decec5-container stk--no-background stk--no-padding\"><div class=\"stk-block-content stk-inner-blocks stk-0decec5-inner-blocks\">\n<div class=\"wp-block-stackable-heading stk-block-heading stk-block-heading--v2 stk-block stk-e73c1e4\" id=\"work-package-4-resources-guide-for-migrants\" data-block-id=\"e73c1e4\"><style>.stk-e73c1e4 .stk-block-heading__text{font-size:50px !important;color:var(--theme-palette-color-8, #ffffff) !important;}@media screen and (max-width:999px){.stk-e73c1e4 .stk-block-heading__text{font-size:50px !important;}}<\/style><h2 class=\"stk-block-heading__text has-text-color has-text-align-center\">Paquete de trabajo 4: Gu\u00eda de recursos para migrantes<\/h2><\/div>\n<\/div><\/div><\/div>\n<\/div><\/div>\n\n<div class=\"wp-block-stackable-heading stk-block-heading stk-block-heading--v2 stk-block stk-52a10ca\" id=\"leading-partners-aau-and-irmi\" data-block-id=\"52a10ca\"><h3 class=\"stk-block-heading__text has-text-align-center\">Socios principales: AAU e IRMI<\/h3><\/div>\n\n<p>Reunir todos los mecanismos nacionales que ofrecen ayuda y asistencia de diversos tipos a migrantes, refugiados y solicitantes de asilo. Aplicar la gamificaci\u00f3n, para crear una ruta de recursos, lugares a los que acudir en Espa\u00f1a, Italia, Grecia, Alemania y Dinamarca y el tipo de asistencia que el y la migrante puede necesitar en cada momento.<\/p>\n\n<p>Trabajar por la inclusi\u00f3n de las personas migrantes establecidas en los paises de acogida, asegurando que en el futuro formar\u00e1n parte de la operaci\u00f3n de acogida.<\/p>\n\n<p>Ofrecer a las personas migrantes la sensaci\u00f3n de seguridad y cercan\u00eda de que alguien puede hablarles en un idioma que conocen mejor que el de destino.<\/p>\n\n<div class=\"wp-block-stackable-divider stk-block-divider stk-block stk-04e35cb\" data-block-id=\"04e35cb\"><hr class=\"stk-block-divider__hr\"\/><\/div>\n\n<div class=\"wp-block-stackable-heading stk-block-heading stk-block-heading--v2 stk-block stk-53da838\" id=\"national-report-on-desk-research\" data-block-id=\"53da838\"><h4 class=\"stk-block-heading__text has-text-align-center\">Informe nacional sobre investigaci\u00f3n documental<\/h4><\/div>\n\n<p>Este informe tiene como objetivo proporcionar una comprensi\u00f3n global de las necesidades, retos y oportunidades a los que se enfrentan las personas migrantes, refugiadas y solicitantes de asilo en Espa\u00f1a, Grecia, Alemania, Italia y Dinamarca. Trabajar por la inclusi\u00f3n de las personas migrantes establecidas en los paises de acogida, asegurando que en el futuro formar\u00e1n parte de la operaci\u00f3n de acogida. Ofrecer a las personas migrantes la sensaci\u00f3n de seguridad y cercan\u00eda de que alguien puede hablarles en un idioma que conocen mejor que el de su lugar de destino. <\/p>\n\n<p>La investigaci\u00f3n se llev\u00f3 a cabo utilizando una metodolog\u00eda de investigaci\u00f3n documental, bas\u00e1ndose en fuentes de datos secundarias como informes nacionales, datos estad\u00edsticos, art\u00edculos acad\u00e9micos, estudios de casos de ONG, informes de organizaciones internacionales y publicaciones de los medios de comunicaci\u00f3n. El enfoque combin\u00f3 el an\u00e1lisis de datos cualitativos y cuantitativos para explorar las necesidades, retos y oportunidades de las personas migrantes. Entre los m\u00e9todos clave se incluyeron revisiones bibliogr\u00e1ficas, an\u00e1lisis de pol\u00edticas y evaluaciones estad\u00edsticas.  <\/p>\n\n<div data-wp-interactive=\"core\/file\" class=\"wp-block-file\"><object data-wp-bind--hidden=\"!state.hasPdfPreview\" hidden class=\"wp-block-file__embed\" data=\"https:\/\/pipe-project.eu\/wp-content\/uploads\/2025\/07\/D4.2_PIPE_National-Report-on-Desk-Research_EN_compressed-1.pdf\" type=\"application\/pdf\" style=\"width:100%;height:600px\" aria-label=\"Incrustado de D4.2_PIPE_National Report on Desk Research_EN_compressed.\"><\/object><a id=\"wp-block-file--media-afb6caeb-3e9f-4951-9887-fc1f4e98d0e6\" href=\"https:\/\/pipe-project.eu\/wp-content\/uploads\/2025\/07\/D4.2_PIPE_National-Report-on-Desk-Research_EN_compressed-1.pdf\">D4.2_PIPE_National Report on Desk Research_EN_compressed<\/a><a href=\"https:\/\/pipe-project.eu\/wp-content\/uploads\/2025\/07\/D4.2_PIPE_National-Report-on-Desk-Research_EN_compressed-1.pdf\" class=\"wp-block-file__button wp-element-button\" download=\"\" aria-describedby=\"wp-block-file--media-afb6caeb-3e9f-4951-9887-fc1f4e98d0e6\">Descargar<\/a><\/div>\n\n<div class=\"wp-block-stackable-divider stk-block-divider stk-block stk-136eb00\" data-block-id=\"136eb00\"><hr class=\"stk-block-divider__hr\"\/><\/div>\n\n<div class=\"wp-block-stackable-heading stk-block-heading stk-block-heading--v2 stk-block stk-133b673\" id=\"process-for-first-refugee-action-plan\" data-block-id=\"133b673\"><h4 class=\"stk-block-heading__text has-text-align-center\">Proceso para el primer plan de acci\u00f3n para las personas refugiadas<\/h4><\/div>\n\n<p> El Primer Plan de Acci\u00f3n para las Personas Refugiados es un proceso estructurado destinado a abordar las necesidades, los retos y las oportunidades a los que se enfrentan las poblaciones migrantes en los pa\u00edses de acogida. Esta iniciativa se basa en la investigaci\u00f3n exhaustiva realizada en D4.2, que examin\u00f3 las condiciones socioecon\u00f3micas, los marcos pol\u00edticos y los mecanismos de apoyo que afectan a la integraci\u00f3n de las personas refugiadas.  <\/p>\n\n<p>El objetivo de este plan es crear una respuesta adaptada que permita la integraci\u00f3n sostenible e inclusiva de las personas refugiadas y solicitantes de asilo en diferentes contextos nacionales. Este documento sirve como modelo para dise\u00f1ar planes de acci\u00f3n de respuesta a la poblacion refugiada que se adapten a los contextos espec\u00edficos de cada pa\u00eds. El enfoque hace hincapi\u00e9 en la colaboraci\u00f3n entre los responsables pol\u00edticos, las organizaciones de la sociedad civil y las comunidades locales para garantizar que las intervenciones sean eficaces y sostenibles. Las \u00e1reas clave en las que se centra el plan son el acceso a la educaci\u00f3n, las oportunidades de empleo, la atenci\u00f3n sanitaria y los mecanismos de inclusi\u00f3n social.   <br\/><\/p>\n\n<div data-wp-interactive=\"core\/file\" class=\"wp-block-file\"><object data-wp-bind--hidden=\"!state.hasPdfPreview\" hidden class=\"wp-block-file__embed\" data=\"https:\/\/pipe-project.eu\/wp-content\/uploads\/2025\/07\/D4.3-Process-for-First-Refugee-Action-Plan_EN.pdf\" type=\"application\/pdf\" style=\"width:100%;height:600px\" aria-label=\"Incrustado de D4.3- Process for First Refugee Action Plan_EN.\"><\/object><a id=\"wp-block-file--media-051afa29-8111-4b79-8eb3-04846b3ffb59\" href=\"https:\/\/pipe-project.eu\/wp-content\/uploads\/2025\/07\/D4.3-Process-for-First-Refugee-Action-Plan_EN.pdf\">D4.3- Process for First Refugee Action Plan_EN<\/a><a href=\"https:\/\/pipe-project.eu\/wp-content\/uploads\/2025\/07\/D4.3-Process-for-First-Refugee-Action-Plan_EN.pdf\" class=\"wp-block-file__button wp-element-button\" download=\"\" aria-describedby=\"wp-block-file--media-051afa29-8111-4b79-8eb3-04846b3ffb59\">Descargar<\/a><\/div>\n\n<div class=\"wp-block-stackable-divider stk-block-divider stk-block stk-737a646\" data-block-id=\"737a646\"><hr class=\"stk-block-divider__hr\"\/><\/div>\n\n<div class=\"wp-block-stackable-heading stk-block-heading stk-block-heading--v2 stk-block stk-beec08a\" id=\"use-of-gamification-for-the-implementation-of-the-action-plan\" data-block-id=\"beec08a\"><h4 class=\"stk-block-heading__text has-text-align-center\">Uso de la gamificaci\u00f3n para la implementaci\u00f3n del plan de acci\u00f3n<\/h4><\/div>\n\n<p>El documento explora c\u00f3mo la gamificaci\u00f3n puede mejorar la integraci\u00f3n de migrantes, refugiados y solicitantes de asilo a trav\u00e9s de una aplicaci\u00f3n m\u00f3vil.<\/p>\n\n<p>La metodolog\u00eda para desarrollar la estrategia de gamificaci\u00f3n sigue un enfoque de tres pasos:<\/p>\n\n<ul class=\"wp-block-list\">\n<li>Mapeo de los marcos de gamificaci\u00f3n existentes y modelos de dise\u00f1o estrat\u00e9gico.<\/li>\n\n\n\n<li>Integraci\u00f3n transdisciplinaria de teor\u00edas de apoyo (como la teor\u00eda del aprendizaje de adultos, la ciencia del comportamiento y el dise\u00f1o de la experiencia del usuario).<\/li>\n\n\n\n<li>Desarrollo de la Estrategia ADDIE Gamificada, una adaptaci\u00f3n del modelo tradicional de dise\u00f1o instruccional ADDIE (An\u00e1lisis, Dise\u00f1o, Desarrollo, Implementaci\u00f3n, Evaluaci\u00f3n).<\/li>\n<\/ul>\n\n<div data-wp-interactive=\"core\/file\" class=\"wp-block-file\"><object data-wp-bind--hidden=\"!state.hasPdfPreview\" hidden class=\"wp-block-file__embed\" data=\"https:\/\/pipe-project.eu\/wp-content\/uploads\/2025\/08\/D4.4_Use-of-gamification-for-the-implementation-of-the-action-plan_EN_compressed.pdf\" type=\"application\/pdf\" style=\"width:100%;height:600px\" aria-label=\"Incrustado de D4.4_Use of gamification for the implementation of the action plan_EN_compressed.\"><\/object><a id=\"wp-block-file--media-667e9d45-efa4-460e-bcb0-bc5c31377cec\" href=\"https:\/\/pipe-project.eu\/wp-content\/uploads\/2025\/08\/D4.4_Use-of-gamification-for-the-implementation-of-the-action-plan_EN_compressed.pdf\">D4.4_Use of gamification for the implementation of the action plan_EN_compressed<\/a><a href=\"https:\/\/pipe-project.eu\/wp-content\/uploads\/2025\/08\/D4.4_Use-of-gamification-for-the-implementation-of-the-action-plan_EN_compressed.pdf\" class=\"wp-block-file__button wp-element-button\" download=\"\" aria-describedby=\"wp-block-file--media-667e9d45-efa4-460e-bcb0-bc5c31377cec\">Descargar<\/a><\/div>\n","protected":false},"excerpt":{"rendered":"<p>Paquete de trabajo 4: Gu\u00eda de recursos para migrantes Socios principales: AAU e IRMI Reunir todos los mecanismos nacionales que ofrecen ayuda y asistencia de diversos tipos a migrantes, refugiados y solicitantes de asilo. Aplicar la gamificaci\u00f3n, para crear una ruta de recursos, lugares a los que acudir en Espa\u00f1a, Italia, Grecia, Alemania y Dinamarca [&hellip;]<\/p>\n","protected":false},"author":1,"featured_media":0,"parent":0,"menu_order":0,"comment_status":"closed","ping_status":"closed","template":"","meta":{"footnotes":""},"class_list":["post-2603","page","type-page","status-publish","hentry"],"blocksy_meta":[],"_links":{"self":[{"href":"https:\/\/pipe-project.eu\/es\/wp-json\/wp\/v2\/pages\/2603","targetHints":{"allow":["GET"]}}],"collection":[{"href":"https:\/\/pipe-project.eu\/es\/wp-json\/wp\/v2\/pages"}],"about":[{"href":"https:\/\/pipe-project.eu\/es\/wp-json\/wp\/v2\/types\/page"}],"author":[{"embeddable":true,"href":"https:\/\/pipe-project.eu\/es\/wp-json\/wp\/v2\/users\/1"}],"replies":[{"embeddable":true,"href":"https:\/\/pipe-project.eu\/es\/wp-json\/wp\/v2\/comments?post=2603"}],"version-history":[{"count":3,"href":"https:\/\/pipe-project.eu\/es\/wp-json\/wp\/v2\/pages\/2603\/revisions"}],"predecessor-version":[{"id":3127,"href":"https:\/\/pipe-project.eu\/es\/wp-json\/wp\/v2\/pages\/2603\/revisions\/3127"}],"wp:attachment":[{"href":"https:\/\/pipe-project.eu\/es\/wp-json\/wp\/v2\/media?parent=2603"}],"curies":[{"name":"wp","href":"https:\/\/api.w.org\/{rel}","templated":true}]}}