{"id":2593,"date":"2025-03-25T12:23:31","date_gmt":"2025-03-25T12:23:31","guid":{"rendered":"https:\/\/pipe-project.eu\/wp2\/"},"modified":"2026-01-08T12:15:24","modified_gmt":"2026-01-08T12:15:24","slug":"wp2","status":"publish","type":"page","link":"https:\/\/pipe-project.eu\/es\/wp2\/","title":{"rendered":"WP2"},"content":{"rendered":"\n<div class=\"wp-block-stackable-columns alignfull stk-block-columns stk-block stk-e6d33b8 stk-block-background stk--has-background-overlay\" data-block-id=\"e6d33b8\"><style>.stk-e6d33b8 {background-image:url(https:\/\/pipe-project.eu\/wp-content\/uploads\/2024\/05\/PIPE_background-resize-scaled.jpg) !important;padding-top:120px !important;padding-bottom:160px !important;}<\/style><div class=\"stk-row stk-inner-blocks stk-block-content stk-content-align stk-e6d33b8-column\">\n<div class=\"wp-block-stackable-column stk-block-column stk-column stk-block stk-40c05ec\" data-v=\"4\" data-block-id=\"40c05ec\"><div class=\"stk-column-wrapper stk-block-column__content stk-container stk-40c05ec-container stk--no-background stk--no-padding\"><div class=\"stk-block-content stk-inner-blocks stk-40c05ec-inner-blocks\">\n<h2 class=\"wp-block-heading has-text-align-center has-x-large-font-size\"><span style=\"color: var(--theme-palette-color-8, #ffffff);\" class=\"stk-highlight\">Paquete de trabajo 2: Caja de herramientas para profesionales<\/span><\/h2>\n<\/div><\/div><\/div>\n<\/div><\/div>\n\n<div class=\"wp-block-stackable-heading stk-block-heading stk-block-heading--v2 stk-block stk-9f62214\" id=\"leading-partner-universidad-de-la-laguna\" data-block-id=\"9f62214\"><h5 class=\"stk-block-heading__text\">Socio principal: ULL<\/h5><\/div>\n\n<p>Crear una plataforma de recursos abierta que sea f\u00e1cil de usar y aplicar; que cubra diferentes perspectivas (ling\u00fc\u00edstica, cultural y de comportamiento); y traducida a varios idiomas.<\/p>\n\n<p>La caja de herramientas para los profesionales que se ocupan de personas migrantes incluir\u00e1:<\/p>\n\n<ul class=\"wp-block-list\">\n<li><a href=\"https:\/\/pipe-platform.eu\/es\/inicio-es\/\" target=\"_blank\" rel=\"noreferrer noopener\">PIPE Platform<\/a><\/li>\n\n\n\n<li><a href=\"https:\/\/pipe-project.eu\/wp-content\/uploads\/2025\/07\/D2.3.-Guide-for-teaching-the-national-language-for-migrants_ESP_compressed.pdf\" target=\"_blank\" rel=\"noreferrer noopener\">Gu\u00eda para la ense\u00f1anza de la lengua nacional a personas migrantes<\/a><\/li>\n\n\n\n<li><a href=\"https:\/\/pipe-project.eu\/wp-content\/uploads\/2025\/07\/D2.4-Guide-and-action-plan-for-cultural-training-for-professionals_ESP.pdf\" target=\"_blank\" rel=\"noreferrer noopener\">Gu\u00eda y plan de acci\u00f3n para la formaci\u00f3n cultural de profesionales<\/a><\/li>\n\n\n\n<li><a href=\"https:\/\/pipe-questionaire.vercel.app\/\" target=\"_blank\" rel=\"noreferrer noopener\">Plan estrat\u00e9gico de acogida para la educaci\u00f3n en diversidad en los organismos p\u00fablicos (Herramienta de diagn\u00f3stico integrada en el Plan Estrat\u00e9gico de Acogida para identificar las carencias institucionales en materia de formaci\u00f3n sobre diversidad cultural e inclusi\u00f3n de las personas migrante).<\/a><\/li>\n\n\n\n<li>Taller para profesionales<\/li>\n\n\n\n<li>Charlas coloquio<\/li>\n<\/ul>\n\n<p>Crear una red s\u00f3lida de participaci\u00f3n e intercambio de buenas pr\u00e1cticas entre los pa\u00edses europeos.<\/p>\n\n<p>Sensibilizar sobre la inclusi\u00f3n y la diversidad a trav\u00e9s de la formaci\u00f3n de la administraci\u00f3n, los organismos p\u00fablicos y el voluntariado<\/p>\n\n<p>Crear una v\u00eda de educaci\u00f3n no formal estandarizada para ense\u00f1ar a quienes entrar\u00e1n en contacto con personas migrante mejores formas de interactuar, empatizar y otros aspectos relevantes del trato con ellas.<\/p>\n","protected":false},"excerpt":{"rendered":"<p>Paquete de trabajo 2: Caja de herramientas para profesionales Socio principal: ULL Crear una plataforma de recursos abierta que sea f\u00e1cil de usar y aplicar; que cubra diferentes perspectivas (ling\u00fc\u00edstica, cultural y de comportamiento); y traducida a varios idiomas. La caja de herramientas para los profesionales que se ocupan de personas migrantes incluir\u00e1: Crear una [&hellip;]<\/p>\n","protected":false},"author":1,"featured_media":0,"parent":0,"menu_order":0,"comment_status":"closed","ping_status":"closed","template":"","meta":{"footnotes":""},"class_list":["post-2593","page","type-page","status-publish","hentry"],"blocksy_meta":[],"_links":{"self":[{"href":"https:\/\/pipe-project.eu\/es\/wp-json\/wp\/v2\/pages\/2593","targetHints":{"allow":["GET"]}}],"collection":[{"href":"https:\/\/pipe-project.eu\/es\/wp-json\/wp\/v2\/pages"}],"about":[{"href":"https:\/\/pipe-project.eu\/es\/wp-json\/wp\/v2\/types\/page"}],"author":[{"embeddable":true,"href":"https:\/\/pipe-project.eu\/es\/wp-json\/wp\/v2\/users\/1"}],"replies":[{"embeddable":true,"href":"https:\/\/pipe-project.eu\/es\/wp-json\/wp\/v2\/comments?post=2593"}],"version-history":[{"count":6,"href":"https:\/\/pipe-project.eu\/es\/wp-json\/wp\/v2\/pages\/2593\/revisions"}],"predecessor-version":[{"id":3305,"href":"https:\/\/pipe-project.eu\/es\/wp-json\/wp\/v2\/pages\/2593\/revisions\/3305"}],"wp:attachment":[{"href":"https:\/\/pipe-project.eu\/es\/wp-json\/wp\/v2\/media?parent=2593"}],"curies":[{"name":"wp","href":"https:\/\/api.w.org\/{rel}","templated":true}]}}