{"id":2566,"date":"2025-03-25T09:36:17","date_gmt":"2025-03-25T09:36:17","guid":{"rendered":"https:\/\/pipe-project.eu\/caja-de-herramientas-para-profesionales\/"},"modified":"2025-07-22T08:23:16","modified_gmt":"2025-07-22T08:23:16","slug":"caja-de-herramientas-para-profesionales","status":"publish","type":"page","link":"https:\/\/pipe-project.eu\/es\/caja-de-herramientas-para-profesionales\/","title":{"rendered":"Caja de herramientas para profesionales"},"content":{"rendered":"\n<div class=\"wp-block-stackable-columns alignfull stk-block-columns stk-block stk-b19e7c9 stk-block-background stk--has-background-overlay\" data-block-id=\"b19e7c9\"><style>.stk-b19e7c9{background-color:#00000000 !important;background-image:url(https:\/\/pipe-project.eu\/wp-content\/uploads\/2024\/03\/PIPE_background-shadow-min-scaled.jpeg) !important;padding-top:120px !important;padding-bottom:160px !important;margin-bottom:0px !important}.stk-b19e7c9:before{background-color:#00000000 !important;opacity:0.8 !important}@media screen and (max-width:999px){.stk-b19e7c9{padding-top:80px !important;padding-bottom:80px !important}}<\/style><div class=\"stk-row stk-inner-blocks stk-block-content stk-content-align stk-b19e7c9-column\">\n<div class=\"wp-block-stackable-column stk-block-column stk-column stk-block stk-da68494\" data-v=\"4\" data-block-id=\"da68494\"><style>.stk-da68494-container{margin-top:0px !important;margin-right:0px !important;margin-bottom:0px !important;margin-left:0px !important}<\/style><div class=\"stk-column-wrapper stk-block-column__content stk-container stk-da68494-container stk--no-background stk--no-padding\"><div class=\"stk-block-content stk-inner-blocks stk-da68494-inner-blocks\">\n<div class=\"wp-block-stackable-columns stk-block-columns stk-block stk-293854b\" data-block-id=\"293854b\"><style>.stk-293854b{margin-bottom:0px !important}.stk-293854b-column{--stk-column-gap:90px !important;row-gap:90px !important}<\/style><div class=\"stk-row stk-inner-blocks stk-block-content stk-content-align stk-293854b-column\">\n<div class=\"wp-block-stackable-column stk-block-column stk-column stk-block stk-2264616\" data-v=\"4\" data-block-id=\"2264616\"><style>.stk-2264616-container{margin-top:0px !important;margin-right:0px !important;margin-bottom:0px !important;margin-left:0px !important}.stk-2264616{align-self:center !important}<\/style><div class=\"stk-column-wrapper stk-block-column__content stk-container stk-2264616-container stk--no-background stk--no-padding\"><div class=\"stk-block-content stk-inner-blocks stk-2264616-inner-blocks\">\n<div class=\"wp-block-stackable-heading stk-block-heading stk-block-heading--v2 stk-block stk-e10f9ca\" id=\"strong-toolbox-for-professionals-strong\" data-block-id=\"e10f9ca\"><style>.stk-e10f9ca .stk-block-heading__text{font-size:75px !important;color:var(--theme-palette-color-8,#ffffff) !important;line-height:1.3em !important}@media screen and (max-width:999px){.stk-e10f9ca .stk-block-heading__text{font-size:50px !important}}@media screen and (max-width:689px){.stk-e10f9ca .stk-block-heading__text{font-size:35px !important}}<\/style><h2 class=\"stk-block-heading__text has-text-color has-palette-color-8-color has-text-align-center has-text-align-center-tablet\"><strong>Caja de herramientas para profesionales<\/strong><\/h2><\/div>\n<\/div><\/div><\/div>\n<\/div><\/div>\n<\/div><\/div><\/div>\n<\/div><\/div>\n\n\n\n<div class=\"wp-block-stackable-heading stk-block-heading stk-block-heading--v2 stk-block stk-d1edfae\" id=\"guide-for-teaching-national-language-for-migrants\" data-block-id=\"d1edfae\"><h2 class=\"stk-block-heading__text has-text-align-center\">Gu\u00eda para la ense\u00f1anza de la lengua nacional a inmigrantes<\/h2><\/div>\n\n\n\n<div class=\"wp-block-stackable-text stk-block-text stk-block stk-1faf699\" data-block-id=\"1faf699\"><p class=\"stk-block-text__text\">La Gu\u00eda para la ense\u00f1anza de la lengua nacional para migrantes es un recurso multinivel para profesionales y voluntarios que trabajan para y con migrantes. En sus ocho cap\u00edtulos encontrar\u00e1s las reflexiones de profesionales de Espa\u00f1a, Dinamarca, Grecia, Italia y Alemania sobre el por qu\u00e9 y el <strong>c\u00f3mo ense\u00f1ar la lengua nacional<\/strong>, introduciendo el <strong>an\u00e1lisis de materiales did\u00e1cticos<\/strong>, el <strong>uso de las tecnolog\u00edas<\/strong>, la<strong> importancia transversal de los contenidos medioambientales<\/strong> y de <strong>g\u00e9nero<\/strong> y subrayando la necesidad de abordar este proceso de acogida desde un<strong> di\u00e1logo intercultural de saberes para el empoderamiento de la poblaci\u00f3n migrante<\/strong> como hu\u00e9spedes y protagonistas en su proceso de aprendizaje de la lengua y cultura de acogida. <\/p><\/div>\n\n\n\n<p><br>Se trata de una Gu\u00eda que contiene enlaces a todo tipo de recursos relacionados con el aprendizaje de lenguas, idiomas y herramientas sobre educaci\u00f3n y migraci\u00f3n, una gu\u00eda basada en la pedagog\u00eda de la hospitalidad que ofrece una visi\u00f3n dial\u00f3gica de lo que debe ser un encuentro y un di\u00e1logo entre culturas para animar a profesionales y voluntarios a reflexionar sobre c\u00f3mo debemos enfocar esta primera ley de convivencia que es acoger a los que vienen como una oportunidad para crecer y aprender como comunidad.<\/p>\n\n\n\n<div data-wp-interactive=\"core\/file\" class=\"wp-block-file\"><object data-wp-bind--hidden=\"!state.hasPdfPreview\" hidden class=\"wp-block-file__embed\" data=\"https:\/\/pipe-project.eu\/wp-content\/uploads\/2025\/07\/D2.3.-Guide-for-teaching-the-national-language-for-migrants_ESP_compressed.pdf\" type=\"application\/pdf\" style=\"width:100%;height:600px\" aria-label=\"Incrustado de D2.3. Guide for teaching the national language for migrants_ESP_compressed.\"><\/object><a id=\"wp-block-file--media-2e27f19c-133c-444d-abdd-0f36c3e5573b\" href=\"https:\/\/pipe-project.eu\/wp-content\/uploads\/2025\/07\/D2.3.-Guide-for-teaching-the-national-language-for-migrants_ESP_compressed.pdf\">D2.3. Guide for teaching the national language for migrants_ESP_compressed<\/a><a href=\"https:\/\/pipe-project.eu\/wp-content\/uploads\/2025\/07\/D2.3.-Guide-for-teaching-the-national-language-for-migrants_ESP_compressed.pdf\" class=\"wp-block-file__button wp-element-button\" download aria-describedby=\"wp-block-file--media-2e27f19c-133c-444d-abdd-0f36c3e5573b\">Download<\/a><\/div>\n\n\n\n<div class=\"wp-block-stackable-divider stk-block-divider stk-block stk-65d3c87\" data-block-id=\"65d3c87\"><hr class=\"stk-block-divider__hr\"\/><\/div>\n\n\n\n<div class=\"wp-block-stackable-heading stk-block-heading stk-block-heading--v2 stk-block stk-dbf781e\" id=\"guide-and-action-plan-for-cultural-training-for-professionals\" data-block-id=\"dbf781e\"><h2 class=\"stk-block-heading__text has-text-align-center\">Gu\u00eda y plan de acci\u00f3n de formaci\u00f3n cultural para profesionales <\/h2><\/div>\n\n\n\n<p>Esta gu\u00eda y plan de acci\u00f3n se ha dise\u00f1ado para ayudar a los y las profesionales que trabajan con migrantes a desarrollar sus competencias culturales. Proporciona herramientas e ideas para ayudar a los y las profesionales a crear sus propios planes de acci\u00f3n para la formaci\u00f3n en competencia cultural, incorporando recursos nacionales en el idioma de cada socio participante en el proyecto PIPE. <\/p>\n\n\n\n<p>La gu\u00eda ofrece un marco te\u00f3rico conciso que introduce a los y las profesionales en el concepto de competencia cultural. Incluye un itinerario progresivo, basado en niveles, que permite a cada profesional u organizaci\u00f3n decidir, en funci\u00f3n de su experiencia y necesidades, si seguir todo el recorrido o centrarse en niveles espec\u00edficos. Inspirada en la novela Rayuela de Cort\u00e1zar, los y las profesionales pueden elegir su propio viaje a trav\u00e9s del contenido de la gu\u00eda.  <\/p>\n\n\n\n<p>La gu\u00eda analiza las barreras y los retos a los que se enfrenta la puesta en pr\u00e1ctica de la formaci\u00f3n en competencia cultural en el \u00e1mbito de la interculturalidad, una serie de reflexiones sobre el concepto de identidad y patrimonio y la necesidad de orientar nuestros esfuerzos hacia la construcci\u00f3n colectiva y progresiva de una <strong>cultura de la hospitalidad<\/strong>. La gu\u00eda define los objetivos de aprendizaje y un dec\u00e1logo de buenas pr\u00e1cticas para generar di\u00e1logo y reflexi\u00f3n comunitaria sobre lo que se debe tener en cuenta a la hora de dise\u00f1ar el propio plan de formaci\u00f3n. <\/p>\n\n\n\n<div data-wp-interactive=\"core\/file\" class=\"wp-block-file\"><object data-wp-bind--hidden=\"!state.hasPdfPreview\" hidden class=\"wp-block-file__embed\" data=\"https:\/\/pipe-project.eu\/wp-content\/uploads\/2025\/07\/D2.4-Guide-and-action-plan-for-cultural-training-for-professionals_ESP.pdf\" type=\"application\/pdf\" style=\"width:100%;height:600px\" aria-label=\"Incrustado de D2.4 Guide and action plan for cultural training for professionals_ESP.\"><\/object><a id=\"wp-block-file--media-80ee7fa9-e020-4a43-b8c9-d2582f4f5660\" href=\"https:\/\/pipe-project.eu\/wp-content\/uploads\/2025\/07\/D2.4-Guide-and-action-plan-for-cultural-training-for-professionals_ESP.pdf\">D2.4 Guide and action plan for cultural training for professionals_ESP<\/a><a href=\"https:\/\/pipe-project.eu\/wp-content\/uploads\/2025\/07\/D2.4-Guide-and-action-plan-for-cultural-training-for-professionals_ESP.pdf\" class=\"wp-block-file__button wp-element-button\" download aria-describedby=\"wp-block-file--media-80ee7fa9-e020-4a43-b8c9-d2582f4f5660\">Download<\/a><\/div>\n","protected":false},"excerpt":{"rendered":"<p>Caja de herramientas para profesionales Gu\u00eda para la ense\u00f1anza de la lengua nacional a inmigrantes La Gu\u00eda para la ense\u00f1anza de la lengua nacional para migrantes es un recurso multinivel para profesionales y voluntarios que trabajan para y con migrantes. En sus ocho cap\u00edtulos encontrar\u00e1s las reflexiones de profesionales de Espa\u00f1a, Dinamarca, Grecia, Italia y [&hellip;]<\/p>\n","protected":false},"author":1,"featured_media":0,"parent":0,"menu_order":0,"comment_status":"closed","ping_status":"closed","template":"","meta":{"footnotes":""},"class_list":["post-2566","page","type-page","status-publish","hentry"],"blocksy_meta":[],"_links":{"self":[{"href":"https:\/\/pipe-project.eu\/es\/wp-json\/wp\/v2\/pages\/2566","targetHints":{"allow":["GET"]}}],"collection":[{"href":"https:\/\/pipe-project.eu\/es\/wp-json\/wp\/v2\/pages"}],"about":[{"href":"https:\/\/pipe-project.eu\/es\/wp-json\/wp\/v2\/types\/page"}],"author":[{"embeddable":true,"href":"https:\/\/pipe-project.eu\/es\/wp-json\/wp\/v2\/users\/1"}],"replies":[{"embeddable":true,"href":"https:\/\/pipe-project.eu\/es\/wp-json\/wp\/v2\/comments?post=2566"}],"version-history":[{"count":2,"href":"https:\/\/pipe-project.eu\/es\/wp-json\/wp\/v2\/pages\/2566\/revisions"}],"predecessor-version":[{"id":3039,"href":"https:\/\/pipe-project.eu\/es\/wp-json\/wp\/v2\/pages\/2566\/revisions\/3039"}],"wp:attachment":[{"href":"https:\/\/pipe-project.eu\/es\/wp-json\/wp\/v2\/media?parent=2566"}],"curies":[{"name":"wp","href":"https:\/\/api.w.org\/{rel}","templated":true}]}}