{"id":1403,"date":"2024-04-29T13:33:03","date_gmt":"2024-04-29T13:33:03","guid":{"rendered":"https:\/\/pipe-project.eu\/wp5\/"},"modified":"2024-05-21T12:47:24","modified_gmt":"2024-05-21T12:47:24","slug":"wp5","status":"publish","type":"page","link":"https:\/\/pipe-project.eu\/es\/wp5\/","title":{"rendered":"WP5"},"content":{"rendered":"\n<div class=\"wp-block-stackable-columns alignfull stk-block-columns stk-block stk-a292c5d stk-block-background stk--has-background-overlay\" data-block-id=\"a292c5d\"><style>.stk-a292c5d{background-image:url(https:\/\/pipe-project.eu\/wp-content\/uploads\/2024\/05\/PIPE_background-resize-scaled.jpg) !important;padding-top:120px !important;padding-bottom:160px !important}<\/style><div class=\"stk-row stk-inner-blocks stk-block-content stk-content-align stk-a292c5d-column alignfull\">\n<div class=\"wp-block-stackable-column stk-block-column stk-column stk-block stk-8ee581f\" data-v=\"4\" data-block-id=\"8ee581f\"><div class=\"stk-column-wrapper stk-block-column__content stk-container stk-8ee581f-container stk--no-background stk--no-padding\"><div class=\"stk-block-content stk-inner-blocks stk-8ee581f-inner-blocks\">\n<div class=\"wp-block-stackable-heading stk-block-heading stk-block-heading--v2 stk-block stk-a33e590\" id=\"work-package-5-sharing-results-and-promotion\" data-block-id=\"a33e590\"><style>.stk-a33e590 .stk-block-heading__text{font-size:50px !important;color:var(--theme-palette-color-8,#ffffff) !important}@media screen and (max-width:999px){.stk-a33e590 .stk-block-heading__text{font-size:50px !important}}<\/style><h2 class=\"stk-block-heading__text has-text-color has-text-align-center\">Paquete de trabajo 5: Compartir resultados y promoci\u00f3n<\/h2><\/div>\n<\/div><\/div><\/div>\n<\/div><\/div>\n\n<div class=\"wp-block-stackable-heading stk-block-heading stk-block-heading--v2 stk-block stk-298a9b1\" id=\"leading-partner-mag-uninettuno\" data-block-id=\"298a9b1\"><h5 class=\"stk-block-heading__text\">Leading Partner: MAG &#8211; Uninettuno<\/h5><\/div>\n\n<p>Las actividades de difusi\u00f3n ser\u00e1n amplias y continuas durante la duraci\u00f3n del proyecto, as\u00ed como una vez finalizado el proyecto PIPE.<\/p>\n\n<p>Al principio del proyecto, MAG &#8211; Uninettuno, en colaboraci\u00f3n con otros socios, elaborar\u00e1 un plan de difusi\u00f3n detallado en el que se resumir\u00e1n las estrategias clave y se definir\u00e1n los grupos objetivos.<\/p>\n\n<p>El seguimiento continuo de las actividades de difusi\u00f3n garantizar\u00e1 la aplicaci\u00f3n de este plan y servir\u00e1 como medio para garantizar que todos los socios contribuyen por igual a la difusi\u00f3n de los resultados del proyecto.<\/p>\n\n<p>Los principales resultados ser\u00e1n la estrategia de difusi\u00f3n, los materiales promocionales, los comentarios recogidos informes recopilados. Difundiremos los productos y los resultados del proyecto, daremos a conocer los materiales desarrollados (concepto, informe, formaci\u00f3n en l\u00ednea) y tambi\u00e9n les mantendremos informados de los avances del proyecto a trav\u00e9s de los eventos multiplicadores, las presentaciones en conferencias y otros actos, los folletos, la p\u00e1gina web del proyecto y las redes sociales.<\/p>\n","protected":false},"excerpt":{"rendered":"<p>Paquete de trabajo 5: Compartir resultados y promoci\u00f3n Leading Partner: MAG &#8211; Uninettuno Las actividades de difusi\u00f3n ser\u00e1n amplias y continuas durante la duraci\u00f3n del proyecto, as\u00ed como una vez finalizado el proyecto PIPE. Al principio del proyecto, MAG &#8211; Uninettuno, en colaboraci\u00f3n con otros socios, elaborar\u00e1 un plan de difusi\u00f3n detallado en el que [&hellip;]<\/p>\n","protected":false},"author":2,"featured_media":0,"parent":0,"menu_order":0,"comment_status":"closed","ping_status":"closed","template":"","meta":{"footnotes":""},"class_list":["post-1403","page","type-page","status-publish","hentry"],"blocksy_meta":[],"_links":{"self":[{"href":"https:\/\/pipe-project.eu\/es\/wp-json\/wp\/v2\/pages\/1403","targetHints":{"allow":["GET"]}}],"collection":[{"href":"https:\/\/pipe-project.eu\/es\/wp-json\/wp\/v2\/pages"}],"about":[{"href":"https:\/\/pipe-project.eu\/es\/wp-json\/wp\/v2\/types\/page"}],"author":[{"embeddable":true,"href":"https:\/\/pipe-project.eu\/es\/wp-json\/wp\/v2\/users\/2"}],"replies":[{"embeddable":true,"href":"https:\/\/pipe-project.eu\/es\/wp-json\/wp\/v2\/comments?post=1403"}],"version-history":[{"count":3,"href":"https:\/\/pipe-project.eu\/es\/wp-json\/wp\/v2\/pages\/1403\/revisions"}],"predecessor-version":[{"id":1481,"href":"https:\/\/pipe-project.eu\/es\/wp-json\/wp\/v2\/pages\/1403\/revisions\/1481"}],"wp:attachment":[{"href":"https:\/\/pipe-project.eu\/es\/wp-json\/wp\/v2\/media?parent=1403"}],"curies":[{"name":"wp","href":"https:\/\/api.w.org\/{rel}","templated":true}]}}