{"id":1360,"date":"2024-04-29T13:22:15","date_gmt":"2024-04-29T13:22:15","guid":{"rendered":"https:\/\/pipe-project.eu\/wp1\/"},"modified":"2024-05-21T12:45:35","modified_gmt":"2024-05-21T12:45:35","slug":"wp1","status":"publish","type":"page","link":"https:\/\/pipe-project.eu\/es\/wp1\/","title":{"rendered":"WP1"},"content":{"rendered":"\n<div class=\"wp-block-stackable-columns alignfull stk-block-columns stk-block stk-a03ab45 stk-block-background stk--has-background-overlay\" data-block-id=\"a03ab45\"><style>.stk-a03ab45{background-image:url(https:\/\/pipe-project.eu\/wp-content\/uploads\/2024\/05\/PIPE_background-resize-scaled.jpg) !important;padding-top:120px !important;padding-bottom:160px !important}<\/style><div class=\"stk-row stk-inner-blocks stk-block-content stk-content-align stk-a03ab45-column alignfull\">\n<div class=\"wp-block-stackable-column stk-block-column stk-column stk-block stk-e53c760\" data-v=\"4\" data-block-id=\"e53c760\"><div class=\"stk-column-wrapper stk-block-column__content stk-container stk-e53c760-container stk--no-background stk--no-padding\"><div class=\"stk-block-content stk-inner-blocks stk-e53c760-inner-blocks\">\n<h2 class=\"wp-block-heading has-text-align-center\" style=\"font-size:clamp(28.836px, 1.802rem + ((1vw - 3.2px) * 1.653), 50px);\"><span style=\"color: var(--theme-palette-color-8, #ffffff);\" class=\"stk-highlight\">Paquete de trabajo 1: Gesti\u00f3n de proyectos<\/span><\/h2>\n<\/div><\/div><\/div>\n<\/div><\/div>\n\n<div class=\"wp-block-stackable-heading stk-block-heading stk-block-heading--v2 stk-block stk-9cfa2a5\" id=\"leading-partner-evm\" data-block-id=\"9cfa2a5\"><h5 class=\"stk-block-heading__text\">Socio principal: EVM<\/h5><\/div>\n\n<p>Las actividades del proyecto se supervisar\u00e1n a trav\u00e9s de un plan integral de Gesti\u00f3n del Proyecto, que incluye diversas actividades como la supervisi\u00f3n, la coordinaci\u00f3n, la comunicaci\u00f3n, la evaluaci\u00f3n, la garant\u00eda de calidad y la gesti\u00f3n de riesgos.<br\/>Para garantizar una comunicaci\u00f3n eficaz entre los socios y como complemento a las Reuniones Transnacionales del Proyecto (TPM), se celebrar\u00e1n reuniones virtuales una vez al mes, y los socios podr\u00e1n convocar reuniones extraordinarias en l\u00ednea en caso necesario. Una comunicaci\u00f3n clara garantizar\u00e1 la transparencia, la comprensi\u00f3n y el \u00e9xito de la coordinaci\u00f3n.<\/p>\n","protected":false},"excerpt":{"rendered":"<p>Paquete de trabajo 1: Gesti\u00f3n de proyectos Socio principal: EVM Las actividades del proyecto se supervisar\u00e1n a trav\u00e9s de un plan integral de Gesti\u00f3n del Proyecto, que incluye diversas actividades como la supervisi\u00f3n, la coordinaci\u00f3n, la comunicaci\u00f3n, la evaluaci\u00f3n, la garant\u00eda de calidad y la gesti\u00f3n de riesgos.Para garantizar una comunicaci\u00f3n eficaz entre los socios [&hellip;]<\/p>\n","protected":false},"author":2,"featured_media":0,"parent":0,"menu_order":0,"comment_status":"closed","ping_status":"closed","template":"","meta":{"footnotes":""},"class_list":["post-1360","page","type-page","status-publish","hentry"],"blocksy_meta":[],"_links":{"self":[{"href":"https:\/\/pipe-project.eu\/es\/wp-json\/wp\/v2\/pages\/1360","targetHints":{"allow":["GET"]}}],"collection":[{"href":"https:\/\/pipe-project.eu\/es\/wp-json\/wp\/v2\/pages"}],"about":[{"href":"https:\/\/pipe-project.eu\/es\/wp-json\/wp\/v2\/types\/page"}],"author":[{"embeddable":true,"href":"https:\/\/pipe-project.eu\/es\/wp-json\/wp\/v2\/users\/2"}],"replies":[{"embeddable":true,"href":"https:\/\/pipe-project.eu\/es\/wp-json\/wp\/v2\/comments?post=1360"}],"version-history":[{"count":2,"href":"https:\/\/pipe-project.eu\/es\/wp-json\/wp\/v2\/pages\/1360\/revisions"}],"predecessor-version":[{"id":1463,"href":"https:\/\/pipe-project.eu\/es\/wp-json\/wp\/v2\/pages\/1360\/revisions\/1463"}],"wp:attachment":[{"href":"https:\/\/pipe-project.eu\/es\/wp-json\/wp\/v2\/media?parent=1360"}],"curies":[{"name":"wp","href":"https:\/\/api.w.org\/{rel}","templated":true}]}}