{"id":1277,"date":"2024-03-15T09:15:09","date_gmt":"2024-03-15T09:15:09","guid":{"rendered":"https:\/\/pipe-project.eu\/inicio\/"},"modified":"2026-03-16T14:51:12","modified_gmt":"2026-03-16T14:51:12","slug":"inicio","status":"publish","type":"page","link":"https:\/\/pipe-project.eu\/es\/","title":{"rendered":"Inicio"},"content":{"rendered":"\n<div class=\"wp-block-stackable-columns alignfull stk-block-columns stk-block stk-1db8417 stk-block-background stk--has-background-overlay\" data-block-id=\"1db8417\"><style>.stk-1db8417 {background-color:#00000000 !important;background-image:url(https:\/\/pipe-project.eu\/wp-content\/uploads\/2024\/03\/PIPE_background-shadow-min-scaled.jpeg) !important;background-attachment:fixed !important;background-repeat:no-repeat !important;background-size:100% !important;padding-top:120px !important;padding-bottom:0px !important;margin-bottom:0px !important;overflow:visible !important;}.stk-1db8417:before{background-color:#00000000 !important;opacity:0.5 !important;}.stk-1db8417 .stk-container{overflow:visible !important;}@media screen and (max-width:999px){.stk-1db8417 {padding-top:80px !important;}}<\/style><div class=\"stk-row stk-inner-blocks stk-block-content stk-content-align stk-1db8417-column\">\n<div class=\"wp-block-stackable-column stk-block-column stk-column stk-block stk-1ab218a\" data-v=\"4\" data-block-id=\"1ab218a\"><style>.stk-1ab218a-container{margin-top:0px !important;margin-right:0px !important;margin-bottom:0px !important;margin-left:0px !important;}<\/style><div class=\"stk-column-wrapper stk-block-column__content stk-container stk-1ab218a-container stk--no-background stk--no-padding\"><div class=\"stk-block-content stk-inner-blocks stk-1ab218a-inner-blocks\">\n<div class=\"wp-block-stackable-spacer stk-block-spacer stk--no-padding stk-block stk-d46d981\" data-block-id=\"d46d981\"><style>.stk-d46d981 {height:50px !important;}@media screen and (max-width:999px){.stk-d46d981 {height:80px !important;}}<\/style><\/div>\n\n\n\n<div class=\"columna-social\"><div class=\"social-icons\"><a href=\"https:\/\/www.facebook.com\/people\/PIPE-Project\/61559090100956\/\" target=\"_blank\" class=\"social-icon\" rel=\"noopener\"><img decoding=\"async\" src=\"https:\/\/upload.wikimedia.org\/wikipedia\/commons\/5\/51\/Facebook_f_logo_%282019%29.svg\" alt=\"Facebook\"\/><\/a><a href=\"https:\/\/www.linkedin.com\/company\/pipe-project\/\" target=\"_blank\" class=\"social-icon\" rel=\"noopener\"><img decoding=\"async\" src=\"https:\/\/upload.wikimedia.org\/wikipedia\/commons\/c\/ca\/LinkedIn_logo_initials.png\" alt=\"LinkedIn\"\/><\/a><\/div><\/div><style>.columna-social {\r\n    position: relative;\r\n    padding-right: 20px;\r\n}\r\n\r\n.social-icons {\r\n    position: absolute;\r\n    top: 50%;\r\n    right: -160px; \/* Ajusta los botones para que sobresalgan del borde derecho *\/\r\n    transform: translateY(-50%);\r\n    display: flex;\r\n    flex-direction: column;\r\n    align-items: flex-end;\r\n    background-color: rgba(200, 200, 200, 0.8);\r\n    padding: 10px;\r\n    border-radius: 20px; \/* Ajusta la redondez del fondo *\/\r\n}\r\n\r\n.social-icon {\r\n    margin-bottom: 10px;\r\n}\r\n\r\n.social-icon img {\r\n    width: 40px;\r\n    height: auto;\r\n}\r\n\r\n@media (max-width:690px) {\r\n    .social-icons {\r\n        position: static;\r\n        flex-direction: row;\r\n        align-items: center;\r\n        margin-top: 10px;\r\n        background-color: transparent;\r\n        padding: 0;\r\n        border-radius: 0;\r\n    }\r\n}\r\n<\/style>\n\n\n\n<div class=\"wp-block-stackable-columns stk-block-columns stk-block stk-97ddca5\" data-block-id=\"97ddca5\"><style>.stk-97ddca5 {margin-bottom:0px !important;}.stk-97ddca5-column{--stk-column-gap:200px !important;row-gap:30px !important;}<\/style><div class=\"stk-row stk-inner-blocks stk-block-content stk-content-align stk-97ddca5-column\">\n<div class=\"wp-block-stackable-column stk-block-column stk-column stk-block stk-4c40050\" data-v=\"4\" data-block-id=\"4c40050\"><style>.stk-4c40050-container{margin-top:0px !important;margin-right:0px !important;margin-bottom:0px !important;margin-left:0px !important;}@media screen and (min-width:690px){.stk-4c40050 {flex:var(--stk-flex-grow, 1) 1 calc(100% - var(--stk-column-gap, 0px) * 0 \/ 1 ) !important;}}@media screen and (min-width:690px) and (max-width:999px){.stk-4c40050 {flex:var(--stk-flex-grow, 1) 1 calc(100% - var(--stk-column-gap, 0px) * 0 \/ 1 ) !important;}}<\/style><div class=\"stk-column-wrapper stk-block-column__content stk-container stk-4c40050-container stk--no-background stk--no-padding\"><div class=\"stk-block-content stk-inner-blocks stk-4c40050-inner-blocks\">\n<div class=\"wp-block-stackable-subtitle stk-block-subtitle stk-block stk-e18abba\" id=\"programme-of-inclusion-for-migrant-people-at-risk-of-social-exclusion\" data-block-id=\"e18abba\"><style>.stk-e18abba .stk-block-subtitle__text{font-size:85px !important;color:var(--theme-palette-color-8, #ffffff) !important;line-height:1.3em !important;}@media screen and (max-width:999px){.stk-e18abba .stk-block-subtitle__text{font-size:50px !important;}}<\/style><p class=\"stk-block-subtitle__text stk-subtitle has-text-color has-palette-color-8-color has-text-align-center-tablet\"><strong>Programme of <span style=\"color: var(--theme-palette-color-1, #1a62a8);\" class=\"stk-highlight\">Inclusion <\/span>for Migrant People at risk of social exclusion<\/strong><\/p><\/div>\n<\/div><\/div><\/div>\n<\/div><\/div>\n\n\n\n<div class=\"wp-block-stackable-spacer stk-block-spacer stk--no-padding stk-block stk-7818bcd\" data-block-id=\"7818bcd\"><style>.stk-7818bcd {height:90px !important;}@media screen and (max-width:999px){.stk-7818bcd {height:80px !important;}}@media screen and (max-width:689px){.stk-7818bcd {height:60px !important;}}<\/style><\/div>\n<\/div><\/div><\/div>\n<\/div><\/div>\n\n<div class=\"wp-block-stackable-spacer stk-block-spacer stk--no-padding stk-block stk-d0a8269\" data-block-id=\"d0a8269\"><style>.stk-d0a8269 {height:100px !important;}@media screen and (max-width:999px){.stk-d0a8269 {height:100px !important;}}<\/style><\/div>\n\n<div class=\"wp-block-stackable-columns stk-block-columns stk-block stk-293854b\" data-block-id=\"293854b\"><style>.stk-293854b {margin-bottom:0px !important;}.stk-293854b-column{--stk-column-gap:90px !important;row-gap:50px !important;}<\/style><div class=\"stk-row stk-inner-blocks stk-block-content stk-content-align stk-293854b-column\">\n<div class=\"wp-block-stackable-column stk-block-column stk-column stk-block stk-c11d750\" data-v=\"4\" data-block-id=\"c11d750\"><style>.stk-c11d750-container{margin-top:0px !important;margin-right:0px !important;margin-bottom:0px !important;margin-left:0px !important;}@media screen and (min-width:690px){.stk-c11d750 {flex:var(--stk-flex-grow, 1) 1 calc(55% - var(--stk-column-gap, 0px) * 1 \/ 2 ) !important;}}@media screen and (min-width:690px) and (max-width:999px){.stk-c11d750 {flex:var(--stk-flex-grow, 1) 1 calc(100% - var(--stk-column-gap, 0px) * 0 \/ 1 ) !important;}}<\/style><div class=\"stk-column-wrapper stk-block-column__content stk-container stk-c11d750-container stk--no-background stk--no-padding\"><div class=\"stk-block-content stk-inner-blocks stk-c11d750-inner-blocks\">\n<div class=\"wp-block-stackable-image stk-block-image stk-block stk-72a3f00\" data-block-id=\"72a3f00\"><style>.stk-72a3f00 {box-shadow:60px 60px 0px -20px #f2f2f2ff !important;}@media screen and (max-width:999px){.stk-72a3f00 .stk-img-wrapper{height:500px !important;}}<\/style><figure><span class=\"stk-img-wrapper stk-image--shape-stretch\"><img loading=\"lazy\" decoding=\"async\" class=\"stk-img wp-image-1195\" src=\"https:\/\/pipe-project.eu\/wp-content\/uploads\/2024\/05\/4-resize.png\" width=\"1600\" height=\"900\" srcset=\"https:\/\/pipe-project.eu\/wp-content\/uploads\/2024\/05\/4-resize.png 1600w, https:\/\/pipe-project.eu\/wp-content\/uploads\/2024\/05\/4-resize-300x169.png 300w, https:\/\/pipe-project.eu\/wp-content\/uploads\/2024\/05\/4-resize-1024x576.png 1024w, https:\/\/pipe-project.eu\/wp-content\/uploads\/2024\/05\/4-resize-768x432.png 768w, https:\/\/pipe-project.eu\/wp-content\/uploads\/2024\/05\/4-resize-1536x864.png 1536w\" sizes=\"auto, (max-width: 1600px) 100vw, 1600px\" \/><\/span><\/figure><\/div>\n<\/div><\/div><\/div>\n\n\n\n<div class=\"wp-block-stackable-column stk-block-column stk-column stk-block stk-2264616\" data-v=\"4\" data-block-id=\"2264616\"><style>.stk-2264616-container{margin-top:0px !important;margin-right:0px !important;margin-bottom:0px !important;margin-left:0px !important;}@media screen and (min-width:690px){.stk-2264616 {flex:var(--stk-flex-grow, 1) 1 calc(45% - var(--stk-column-gap, 0px) * 1 \/ 2 ) !important;}}@media screen and (min-width:690px) and (max-width:999px){.stk-2264616 {flex:var(--stk-flex-grow, 1) 1 calc(100% - var(--stk-column-gap, 0px) * 0 \/ 1 ) !important;}}<\/style><div class=\"stk-column-wrapper stk-block-column__content stk-container stk-2264616-container stk--no-background stk--no-padding\"><div class=\"stk-block-content stk-inner-blocks stk-2264616-inner-blocks\">\n<div class=\"wp-block-stackable-spacer stk-block-spacer stk--no-padding stk-block stk-475b290\" data-block-id=\"475b290\"><style>.stk-475b290 {height:0px !important;}@media screen and (max-width:999px){.stk-475b290 {height:80px !important;}}@media screen and (max-width:689px){.stk-475b290 {height:60px !important;}}<\/style><\/div>\n\n\n\n<div class=\"wp-block-stackable-heading stk-block-heading stk-block-heading--v2 stk-block stk-a353d24\" id=\"about-us\" data-block-id=\"a353d24\"><style>.stk-a353d24 {margin-bottom:3px !important;}.stk-a353d24 .stk-block-heading__text{font-size:40px !important;}@media screen and (max-width:999px){.stk-a353d24 .stk-block-heading__text{font-size:30px !important;}}<\/style><h2 class=\"stk-block-heading__text has-text-align-center-tablet\">Sobre PIPE<\/h2><\/div>\n\n\n\n<div class=\"wp-block-stackable-text stk-block-text stk-block stk-1ae1959\" data-block-id=\"1ae1959\"><p class=\"stk-block-text__text has-text-align-justify has-text-align-center-tablet\">El Programa de Inclusi\u00f3n para Personas Migrantes en Riesgo de Exclusi\u00f3n Social tiene como objetivo dise\u00f1ar, implementar y promover una red de cooperaci\u00f3n transnacional centrada en mejorar las habilidades y competencias de las poblaciones migrantes. Al ofrecer oportunidades de educaci\u00f3n y formaci\u00f3n espec\u00edficas, PIPE pretende capacitar a las personas migrantes, refugiados y solicitantes de asilo, fomentando su integraci\u00f3n en los pa\u00edses de acogida y abordando al mismo tiempo los retos sociales, tecnol\u00f3gicos y econ\u00f3micos. A trav\u00e9s de esta iniciativa, PIPE se esfuerza por tender puentes entre comunidades diversas, promoviendo el entendimiento mutuo, la inclusi\u00f3n y la cohesi\u00f3n social.<\/p><\/div>\n<\/div><\/div><\/div>\n<\/div><\/div>\n\n<p><\/p>\n\n<div class=\"wp-block-columns is-layout-flex wp-container-core-columns-is-layout-28f84493 wp-block-columns-is-layout-flex\">\n<div class=\"wp-block-column is-layout-flow wp-block-column-is-layout-flow\" style=\"flex-basis:100%\"><\/div>\n<\/div>\n\n<div class=\"wp-block-buttons is-layout-flex wp-block-buttons-is-layout-flex\">\n<div class=\"wp-block-button\"><a class=\"wp-block-button__link wp-element-button\" href=\"https:\/\/pipe-platform.eu\/\" target=\"_blank\" rel=\"noreferrer noopener\">TOOLBOX FOR PROFESSIONALS<\/a><\/div>\n\n\n\n<div class=\"wp-block-button\"><a class=\"wp-block-button__link wp-element-button\" href=\"https:\/\/learning.pipe-project.eu\/\" target=\"_blank\" rel=\"noreferrer noopener\">TRAINING PROGRAMS FOR MIGRANTS<\/a><\/div>\n\n\n\n<div class=\"wp-block-button\"><a class=\"wp-block-button__link wp-element-button\">APP FOR MIGRANTS<\/a><\/div>\n<\/div>\n\n<div class=\"wp-block-columns is-layout-flex wp-container-core-columns-is-layout-28f84493 wp-block-columns-is-layout-flex\">\n<div class=\"wp-block-column is-layout-flow wp-block-column-is-layout-flow\">\n            <div \n                class=\"elfsight-widget-pdf-embed elfsight-widget\" \n                data-elfsight-pdf-embed-options=\"%7B%22files%22%3A%5B%7B%22link%22%3A%22https%3A%5C%2F%5C%2Fpipe-project.eu%5C%2Fwp-content%5C%2Fuploads%5C%2F2026%5C%2F03%5C%2FPIPE-Newsletter-3_ENG.pdf%22%2C%22name%22%3A%22Newsletter%203%20EN%22%2C%22previewImage%22%3Anull%7D%5D%2C%22widgetTitle%22%3A%22Docs%20to%20download%22%2C%22layout%22%3A%22viewer%22%2C%22showIcon%22%3Atrue%2C%22icon%22%3A%22icon-1%22%2C%22previewImageSize%22%3A30%2C%22showDownloadLink%22%3Atrue%2C%22downloadLinkText%22%3A%22Download%22%2C%22width%22%3A800%2C%22heightFactor%22%3A1.41%2C%22iconColor%22%3A%22rgb%28222%2C%2043%2C%2051%29%22%2C%22nameColor%22%3A%22rgb%2817%2C%2017%2C%2017%29%22%2C%22downloadColor%22%3A%22rgb%2828%2C%20145%2C%20255%29%22%2C%22backgroundColor%22%3Anull%2C%22fileBackgroundColor%22%3Anull%2C%22widgetTitleColor%22%3A%22rgb%2817%2C%2017%2C%2017%29%22%2C%22nameFontSize%22%3A15%2C%22downloadFontSize%22%3A13%2C%22widgetTitleFontSize%22%3A20%2C%22widgetId%22%3A%2231%22%7D\" \n                data-elfsight-pdf-embed-version=\"1.1.1\"\n                data-elfsight-widget-id=\"elfsight-pdf-embed-31\">\n            <\/div>\n            \n\n\n\n            <div \n                class=\"elfsight-widget-pdf-embed elfsight-widget\" \n                data-elfsight-pdf-embed-options=\"%7B%22files%22%3A%5B%7B%22link%22%3A%22https%3A%5C%2F%5C%2Fpipe-project.eu%5C%2Fwp-content%5C%2Fuploads%5C%2F2025%5C%2F03%5C%2FPIPE-Newsletter-1-EN-1.pdf%22%2C%22name%22%3A%22Newsletter%201%22%2C%22previewImage%22%3Anull%7D%5D%2C%22widgetTitle%22%3A%22%22%2C%22layout%22%3A%22viewer%22%2C%22showIcon%22%3Atrue%2C%22icon%22%3A%22icon-1%22%2C%22previewImageSize%22%3A30%2C%22showDownloadLink%22%3Atrue%2C%22downloadLinkText%22%3A%22Download%22%2C%22width%22%3A800%2C%22heightFactor%22%3A1.41%2C%22iconColor%22%3A%22rgb%28222%2C%2043%2C%2051%29%22%2C%22nameColor%22%3A%22rgb%2817%2C%2017%2C%2017%29%22%2C%22downloadColor%22%3A%22rgb%2828%2C%20145%2C%20255%29%22%2C%22backgroundColor%22%3Anull%2C%22fileBackgroundColor%22%3Anull%2C%22widgetTitleColor%22%3A%22rgb%2817%2C%2017%2C%2017%29%22%2C%22nameFontSize%22%3A15%2C%22downloadFontSize%22%3A13%2C%22widgetTitleFontSize%22%3A20%2C%22widgetId%22%3A%226%22%7D\" \n                data-elfsight-pdf-embed-version=\"1.1.1\"\n                data-elfsight-widget-id=\"elfsight-pdf-embed-6\">\n            <\/div>\n            \n<\/div>\n\n\n\n<div class=\"wp-block-column is-layout-flow wp-block-column-is-layout-flow\">\n            <div \n                class=\"elfsight-widget-pdf-embed elfsight-widget\" \n                data-elfsight-pdf-embed-options=\"%7B%22files%22%3A%5B%7B%22link%22%3A%22https%3A%5C%2F%5C%2Fpipe-project.eu%5C%2Fwp-content%5C%2Fuploads%5C%2F2025%5C%2F07%5C%2FPIPE-Newsletter_ENG_compressed.pdf%22%2C%22name%22%3A%222nd%20Newsletter%20EN%22%2C%22previewImage%22%3Anull%7D%5D%2C%22widgetTitle%22%3A%22Docs%20to%20download%22%2C%22layout%22%3A%22viewer%22%2C%22showIcon%22%3Atrue%2C%22icon%22%3A%22icon-1%22%2C%22previewImageSize%22%3A30%2C%22showDownloadLink%22%3Atrue%2C%22downloadLinkText%22%3A%22Download%22%2C%22width%22%3A800%2C%22heightFactor%22%3A1.41%2C%22iconColor%22%3A%22rgb%28222%2C%2043%2C%2051%29%22%2C%22nameColor%22%3A%22rgb%2817%2C%2017%2C%2017%29%22%2C%22downloadColor%22%3A%22rgb%2828%2C%20145%2C%20255%29%22%2C%22backgroundColor%22%3Anull%2C%22fileBackgroundColor%22%3Anull%2C%22widgetTitleColor%22%3A%22rgb%2817%2C%2017%2C%2017%29%22%2C%22nameFontSize%22%3A15%2C%22downloadFontSize%22%3A13%2C%22widgetTitleFontSize%22%3A20%2C%22widgetId%22%3A%2225%22%7D\" \n                data-elfsight-pdf-embed-version=\"1.1.1\"\n                data-elfsight-widget-id=\"elfsight-pdf-embed-25\">\n            <\/div>\n            \n\n\n\n            <div \n                class=\"elfsight-widget-pdf-embed elfsight-widget\" \n                data-elfsight-pdf-embed-options=\"%7B%22files%22%3A%5B%7B%22link%22%3A%22https%3A%5C%2F%5C%2Fpipe-project.eu%5C%2Fwp-content%5C%2Fuploads%5C%2F2025%5C%2F07%5C%2FPIPE-Newsletter_ENG_compressed.pdf%22%2C%22name%22%3A%222nd%20Newsletter%20EN%22%2C%22previewImage%22%3Anull%7D%5D%2C%22widgetTitle%22%3A%22Docs%20to%20download%22%2C%22layout%22%3A%22viewer%22%2C%22showIcon%22%3Atrue%2C%22icon%22%3A%22icon-1%22%2C%22previewImageSize%22%3A30%2C%22showDownloadLink%22%3Atrue%2C%22downloadLinkText%22%3A%22Download%22%2C%22width%22%3A800%2C%22heightFactor%22%3A1.41%2C%22iconColor%22%3A%22rgb%28222%2C%2043%2C%2051%29%22%2C%22nameColor%22%3A%22rgb%2817%2C%2017%2C%2017%29%22%2C%22downloadColor%22%3A%22rgb%2828%2C%20145%2C%20255%29%22%2C%22backgroundColor%22%3Anull%2C%22fileBackgroundColor%22%3Anull%2C%22widgetTitleColor%22%3A%22rgb%2817%2C%2017%2C%2017%29%22%2C%22nameFontSize%22%3A15%2C%22downloadFontSize%22%3A13%2C%22widgetTitleFontSize%22%3A20%2C%22widgetId%22%3A%2225%22%7D\" \n                data-elfsight-pdf-embed-version=\"1.1.1\"\n                data-elfsight-widget-id=\"elfsight-pdf-embed-25\">\n            <\/div>\n            \n<\/div>\n<\/div>\n","protected":false},"excerpt":{"rendered":"<p>Programme of Inclusion for Migrant People at risk of social exclusion Sobre PIPE El Programa de Inclusi\u00f3n para Personas Migrantes en Riesgo de Exclusi\u00f3n Social tiene como objetivo dise\u00f1ar, implementar y promover una red de cooperaci\u00f3n transnacional centrada en mejorar las habilidades y competencias de las poblaciones migrantes. Al ofrecer oportunidades de educaci\u00f3n y formaci\u00f3n [&hellip;]<\/p>\n","protected":false},"author":1,"featured_media":0,"parent":0,"menu_order":0,"comment_status":"closed","ping_status":"closed","template":"","meta":{"footnotes":""},"class_list":["post-1277","page","type-page","status-publish","hentry"],"blocksy_meta":{"styles_descriptor":{"styles":{"desktop":"[data-prefix=\"single_page\"] {background-color:#ffffff;background-image:none;}","tablet":"","mobile":""},"google_fonts":[],"version":6},"page_title_panel":"","has_hero_section":"disabled","49a7dbc8efd2a3917e2b33d1b9699341":"","hero_section":"type-1","hero_elements":[{"id":"custom_title","enabled":true,"heading_tag":"h1","title":"Home"},{"id":"custom_description","enabled":true,"description_visibility":{"desktop":true,"tablet":true,"mobile":false}},{"id":"custom_meta","enabled":false,"meta_elements":[{"id":"author","enabled":true,"label":"By","has_author_avatar":"yes","avatar_size":25},{"id":"post_date","enabled":true,"label":"On","date_format_source":"default","date_format":"M j, Y"},{"id":"updated_date","enabled":false,"label":"On","date_format_source":"default","date_format":"M j, Y"},{"id":"categories","enabled":false,"label":"In","style":"simple"},{"id":"comments","enabled":true}],"page_meta_elements":{"joined":true,"articles_count":true,"comments":true}},{"id":"breadcrumbs","enabled":false}],"f78826450ef38494cb964b4c736124d4":"","hero_alignment1":"CT_CSS_SKIP_RULE","hero_margin":40,"hero_alignment2":"center","hero_vertical_alignment":"center","bb667e7bc23af5c88d0a78cc434a7d5a":"","hero_structure":"narrow","33e2311f7424fec7ecd0bcd73c157320":"","page_title_bg_type":"featured_image","custom_hero_background":{"attachment_id":null},"page_title_image_size":"full","parallax":{"desktop":false,"tablet":false,"mobile":false},"c09ad6009593c3753541875c3388d6ca":"","hero_height":"250px","pageTitleFont":{"family":"Default","variation":"Default","size":"30px","line-height":"CT_CSS_SKIP_RULE","letter-spacing":"CT_CSS_SKIP_RULE","text-transform":"CT_CSS_SKIP_RULE","text-decoration":"CT_CSS_SKIP_RULE"},"pageTitleFontColor":{"default":{"color":"CT_CSS_SKIP_RULEDEFAULT"}},"pageMetaFont":{"family":"Default","variation":"n6","size":"12px","line-height":"1.3","letter-spacing":"CT_CSS_SKIP_RULE","text-transform":"uppercase","text-decoration":"CT_CSS_SKIP_RULE"},"pageMetaFontColor":{"default":{"color":"CT_CSS_SKIP_RULEDEFAULT"},"hover":{"color":"CT_CSS_SKIP_RULEDEFAULT"}},"page_meta_button_type_font_colors":{"default":{"color":"CT_CSS_SKIP_RULEDEFAULT"},"hover":{"color":"CT_CSS_SKIP_RULEDEFAULT"}},"page_meta_button_type_background_colors":{"default":{"color":"CT_CSS_SKIP_RULEDEFAULT"},"hover":{"color":"CT_CSS_SKIP_RULEDEFAULT"}},"pageExcerptFont":{"family":"Default","variation":"Default","size":"CT_CSS_SKIP_RULE","line-height":"CT_CSS_SKIP_RULE","letter-spacing":"CT_CSS_SKIP_RULE","text-transform":"CT_CSS_SKIP_RULE","text-decoration":"CT_CSS_SKIP_RULE"},"pageExcerptColor":{"default":{"color":"CT_CSS_SKIP_RULEDEFAULT"}},"breadcrumbsFont":{"family":"Default","variation":"Default","size":"CT_CSS_SKIP_RULE","line-height":"CT_CSS_SKIP_RULE","letter-spacing":"CT_CSS_SKIP_RULE","text-transform":"CT_CSS_SKIP_RULE","text-decoration":"CT_CSS_SKIP_RULE"},"breadcrumbsFontColor":{"default":{"color":"CT_CSS_SKIP_RULEDEFAULT"},"initial":{"color":"CT_CSS_SKIP_RULEDEFAULT"},"hover":{"color":"CT_CSS_SKIP_RULEDEFAULT"}},"pageTitleOverlay":{"background_type":"color","background_pattern":"type-1","background_image":{"attachment_id":null,"x":0,"y":0},"gradient":"linear-gradient(135deg,rgba(6,147,227,1) 0%,rgb(155,81,224) 100%)","background_repeat":"repeat","background_size":"auto","background_attachment":"scroll","patternColor":{"default":{"color":"#e5e7ea"}},"overlayColor":{"default":{"color":"CT_CSS_SKIP_RULE"}},"backgroundColor":{"default":{"color":"CT_CSS_SKIP_RULE"}}},"pageTitleBackground":{"background_type":"color","background_pattern":"type-1","background_image":{"attachment_id":null,"x":0,"y":0},"gradient":"linear-gradient(135deg,rgba(6,147,227,1) 0%,rgb(155,81,224) 100%)","background_repeat":"repeat","background_size":"auto","background_attachment":"scroll","patternColor":{"default":{"color":"#e5e7ea"}},"overlayColor":{"default":{"color":"CT_CSS_SKIP_RULE"}},"backgroundColor":{"default":{"color":"var(--theme-palette-color-6)"}}},"pageTitlePadding":{"top":"50px","bottom":"50px","left":"auto","right":"auto","linked":true},"9da2312fd12af112468f1a557cd080d0":"","page_structure_type":"default","7fa16ca0aa309da681a7ba94ee19170e":"","content_style_source":"inherit","content_style":"wide","vertical_spacing_source":"custom","content_area_spacing":"none","background":{"desktop":{"background_type":"color","background_pattern":"type-1","background_image":{"attachment_id":null,"x":0,"y":0},"gradient":"linear-gradient(135deg,rgba(6,147,227,1) 0%,rgb(155,81,224) 100%)","background_repeat":"repeat","background_size":"auto","background_attachment":"scroll","patternColor":{"default":{"color":"#e5e7ea"}},"overlayColor":{"default":{"color":"CT_CSS_SKIP_RULE"}},"backgroundColor":{"default":{"color":"#ffffff"}}},"tablet":{"background_type":"color","background_pattern":"type-1","background_image":{"attachment_id":null,"x":0,"y":0},"gradient":"linear-gradient(135deg,rgba(6,147,227,1) 0%,rgb(155,81,224) 100%)","background_repeat":"repeat","background_size":"auto","background_attachment":"scroll","patternColor":{"default":{"color":"#e5e7ea"}},"overlayColor":{"default":{"color":"CT_CSS_SKIP_RULE"}},"backgroundColor":{"default":{"color":"#ffffff"}}},"mobile":{"background_type":"color","background_pattern":"type-1","background_image":{"attachment_id":null,"x":0,"y":0},"gradient":"linear-gradient(135deg,rgba(6,147,227,1) 0%,rgb(155,81,224) 100%)","background_repeat":"repeat","background_size":"auto","background_attachment":"scroll","patternColor":{"default":{"color":"#e5e7ea"}},"overlayColor":{"default":{"color":"CT_CSS_SKIP_RULE"}},"backgroundColor":{"default":{"color":"#ffffff"}}}},"content_background":{"background_type":"color","background_pattern":"type-1","background_image":{"attachment_id":null,"x":0,"y":0},"gradient":"linear-gradient(135deg,rgba(6,147,227,1) 0%,rgb(155,81,224) 100%)","background_repeat":"repeat","background_size":"auto","background_attachment":"scroll","patternColor":{"default":{"color":"#e5e7ea"}},"overlayColor":{"default":{"color":"CT_CSS_SKIP_RULE"}},"backgroundColor":{"default":{"color":"var(--theme-palette-color-8)"}}},"content_boxed_shadow":{"inherit":false,"blur":18,"spread":-6,"v_offset":12,"h_offset":0,"inset":false,"enable":true,"color":{"color":"rgba(34, 56, 101, 0.04)"}},"content_boxed_border":{"width":1,"style":"none","color":{"color":"rgba(44,62,80,0.2)"}},"content_boxed_radius":{"top":"3px","bottom":"3px","left":"3px","right":"3px","linked":true},"boxed_content_spacing":{"desktop":{"top":"40px","bottom":"40px","left":"40px","right":"40px","linked":true},"tablet":{"top":"35px","bottom":"35px","left":"35px","right":"35px","linked":true},"mobile":{"top":"20px","bottom":"20px","left":"20px","right":"20px","linked":true}},"515c77a2e34539af1e7f4d7adaceb756":"","disable_featured_image":"no","disable_share_box":"no","disable_header":"no","disable_footer":"no"},"_links":{"self":[{"href":"https:\/\/pipe-project.eu\/es\/wp-json\/wp\/v2\/pages\/1277","targetHints":{"allow":["GET"]}}],"collection":[{"href":"https:\/\/pipe-project.eu\/es\/wp-json\/wp\/v2\/pages"}],"about":[{"href":"https:\/\/pipe-project.eu\/es\/wp-json\/wp\/v2\/types\/page"}],"author":[{"embeddable":true,"href":"https:\/\/pipe-project.eu\/es\/wp-json\/wp\/v2\/users\/1"}],"replies":[{"embeddable":true,"href":"https:\/\/pipe-project.eu\/es\/wp-json\/wp\/v2\/comments?post=1277"}],"version-history":[{"count":12,"href":"https:\/\/pipe-project.eu\/es\/wp-json\/wp\/v2\/pages\/1277\/revisions"}],"predecessor-version":[{"id":3445,"href":"https:\/\/pipe-project.eu\/es\/wp-json\/wp\/v2\/pages\/1277\/revisions\/3445"}],"wp:attachment":[{"href":"https:\/\/pipe-project.eu\/es\/wp-json\/wp\/v2\/media?parent=1277"}],"curies":[{"name":"wp","href":"https:\/\/api.w.org\/{rel}","templated":true}]}}