{"id":2597,"date":"2025-03-25T12:24:04","date_gmt":"2025-03-25T12:24:04","guid":{"rendered":"https:\/\/pipe-project.eu\/wp4\/"},"modified":"2025-08-28T11:26:22","modified_gmt":"2025-08-28T11:26:22","slug":"wp4","status":"publish","type":"page","link":"https:\/\/pipe-project.eu\/de\/wp4\/","title":{"rendered":"WP4"},"content":{"rendered":"\n<div class=\"wp-block-stackable-columns alignfull stk-block-columns stk-block stk-28f92e1 stk-block-background stk--has-background-overlay\" data-block-id=\"28f92e1\"><style>.stk-28f92e1 {background-image:url(https:\/\/pipe-project.eu\/wp-content\/uploads\/2024\/05\/PIPE_background-resize-scaled.jpg) !important;padding-top:120px !important;padding-bottom:160px !important;}<\/style><div class=\"stk-row stk-inner-blocks stk-block-content stk-content-align stk-28f92e1-column alignfull\">\n<div class=\"wp-block-stackable-column stk-block-column stk-column stk-block stk-0decec5\" data-v=\"4\" data-block-id=\"0decec5\"><div class=\"stk-column-wrapper stk-block-column__content stk-container stk-0decec5-container stk--no-background stk--no-padding\"><div class=\"stk-block-content stk-inner-blocks stk-0decec5-inner-blocks\">\n<div class=\"wp-block-stackable-heading stk-block-heading stk-block-heading--v2 stk-block stk-e73c1e4\" id=\"work-package-4-resources-guide-for-migrants\" data-block-id=\"e73c1e4\"><style>.stk-e73c1e4 .stk-block-heading__text{font-size:50px !important;color:var(--theme-palette-color-8, #ffffff) !important;}@media screen and (max-width:999px){.stk-e73c1e4 .stk-block-heading__text{font-size:50px !important;}}<\/style><h2 class=\"stk-block-heading__text has-text-color has-text-align-center\">Arbeitspaket 4: Ressourcenleitfaden f\u00fcr Migranten<\/h2><\/div>\n<\/div><\/div><\/div>\n<\/div><\/div>\n\n<div class=\"wp-block-stackable-heading stk-block-heading stk-block-heading--v2 stk-block stk-52a10ca\" id=\"leading-partners-aau-and-irmi\" data-block-id=\"52a10ca\"><h3 class=\"stk-block-heading__text has-text-align-center\">F\u00fchrende Partner: AAU und IRMI<\/h3><\/div>\n\n<p>Zusammenstellung aller nationalen Einrichtungen, die Migranten, Fl\u00fcchtlingen und Asylbewerbern Hilfe und Unterst\u00fctzung verschiedener Art anbieten. Anwendung von Gamification, um eine Route von Ressourcen, Anlaufstellen in Spanien, Italien, Griechenland, Deutschland und D\u00e4nemark und die Art der Hilfe, die der Migrant zu einem bestimmten Zeitpunkt ben\u00f6tigt, zu erstellen.<\/p>\n\n<p>Auf die Einbeziehung von etablierten Migranten hinzuarbeiten, um sicherzustellen, dass sie in Zukunft Teil der Aufnahmeoperationen sind.<\/p>\n\n<p>den Migranten ein Gef\u00fchl der Sicherheit und der N\u00e4he zu vermitteln, indem man mit ihnen in einer Sprache spricht, die sie besser beherrschen als die Sprache des Ziellandes.<\/p>\n\n<div class=\"wp-block-stackable-divider stk-block-divider stk-block stk-04e35cb\" data-block-id=\"04e35cb\"><hr class=\"stk-block-divider__hr\"\/><\/div>\n\n<div class=\"wp-block-stackable-heading stk-block-heading stk-block-heading--v2 stk-block stk-53da838\" id=\"national-report-on-desk-research\" data-block-id=\"53da838\"><h4 class=\"stk-block-heading__text has-text-align-center\">Nationaler Bericht \u00fcber Desk Research<\/h4><\/div>\n\n<p>Dieser Bericht zielt darauf ab, ein umfassendes Verst\u00e4ndnis f\u00fcr die Bed\u00fcrfnisse, Herausforderungen und M\u00f6glichkeiten von Migranten, Fl\u00fcchtlingen und Asylbewerbern in Spanien, Griechenland, Deutschland, Italien und D\u00e4nemark zu schaffen. Auf die Einbeziehung von etablierten Migranten hinzuarbeiten, um sicherzustellen, dass sie in Zukunft Teil der Aufnahmeoperationen sind. Den Migranten das Gef\u00fchl von Sicherheit und N\u00e4he zu vermitteln, dass jemand mit ihnen in einer Sprache sprechen kann, die sie besser kennen als die Sprache ihres Ziellandes. <\/p>\n\n<p>Die Untersuchung wurde mit Hilfe einer Desk-Research-Methode durchgef\u00fchrt, die sich auf Sekund\u00e4rdatenquellen wie nationale Berichte, statistische Daten, akademische Artikel, Fallstudien von NRO, Berichte internationaler Organisationen und Medienver\u00f6ffentlichungen st\u00fctzte. Der Ansatz kombinierte qualitative und quantitative Datenanalyse, um die Bed\u00fcrfnisse, Herausforderungen und M\u00f6glichkeiten von Migranten zu untersuchen. Zu den wichtigsten Methoden geh\u00f6rten Literaturanalysen, politische Analysen und statistische Auswertungen.  <\/p>\n\n<div data-wp-interactive=\"core\/file\" class=\"wp-block-file\"><object data-wp-bind--hidden=\"!state.hasPdfPreview\" hidden class=\"wp-block-file__embed\" data=\"https:\/\/pipe-project.eu\/wp-content\/uploads\/2025\/07\/D4.2_PIPE_National-Report-on-Desk-Research_EN_compressed-1.pdf\" type=\"application\/pdf\" style=\"width:100%;height:600px\" aria-label=\"Einbettung von D4.2_PIPE_National Report on Desk Research_EN_compressed.\"><\/object><a id=\"wp-block-file--media-afb6caeb-3e9f-4951-9887-fc1f4e98d0e6\" href=\"https:\/\/pipe-project.eu\/wp-content\/uploads\/2025\/07\/D4.2_PIPE_National-Report-on-Desk-Research_EN_compressed-1.pdf\">D4.2_PIPE_National Report on Desk Research_EN_compressed<\/a><a href=\"https:\/\/pipe-project.eu\/wp-content\/uploads\/2025\/07\/D4.2_PIPE_National-Report-on-Desk-Research_EN_compressed-1.pdf\" class=\"wp-block-file__button wp-element-button\" download=\"\" aria-describedby=\"wp-block-file--media-afb6caeb-3e9f-4951-9887-fc1f4e98d0e6\">Herunterladen<\/a><\/div>\n\n<div class=\"wp-block-stackable-divider stk-block-divider stk-block stk-136eb00\" data-block-id=\"136eb00\"><hr class=\"stk-block-divider__hr\"\/><\/div>\n\n<div class=\"wp-block-stackable-heading stk-block-heading stk-block-heading--v2 stk-block stk-133b673\" id=\"process-for-first-refugee-action-plan\" data-block-id=\"133b673\"><h4 class=\"stk-block-heading__text has-text-align-center\">Verfahren f\u00fcr den ersten Fl\u00fcchtlingsaktionsplan<\/h4><\/div>\n\n<p> Der erste Aktionsplan f\u00fcr Fl\u00fcchtlinge ist ein strukturierter Prozess, der darauf abzielt, die Bed\u00fcrfnisse, Herausforderungen und Chancen von Migranten in Aufnahmel\u00e4ndern anzugehen. Diese Initiative baut auf den umfassenden Untersuchungen in D4.2 auf, in denen die sozio\u00f6konomischen Bedingungen, politischen Rahmenbedingungen und Unterst\u00fctzungsmechanismen untersucht wurden, die sich auf die Integration von Fl\u00fcchtlingen auswirken.  <\/p>\n\n<p>Ziel dieses Plans ist es, ma\u00dfgeschneiderte Ma\u00dfnahmen zu entwickeln, die eine nachhaltige und inklusive Integration von Fl\u00fcchtlingen und Asylsuchenden in unterschiedlichen nationalen Kontexten erm\u00f6glichen. Dieses Dokument dient als Blaupause f\u00fcr die Ausarbeitung von Aktionspl\u00e4nen f\u00fcr die Fl\u00fcchtlingshilfe, die auf die spezifischen Gegebenheiten der einzelnen L\u00e4nder zugeschnitten sind. Der Ansatz betont die Zusammenarbeit zwischen politischen Entscheidungstr\u00e4gern, zivilgesellschaftlichen Organisationen und lokalen Gemeinschaften, um sicherzustellen, dass die Ma\u00dfnahmen sowohl wirksam als auch nachhaltig sind. Zu den Schwerpunkten geh\u00f6ren der Zugang zu Bildung, Besch\u00e4ftigungsm\u00f6glichkeiten, Gesundheitsversorgung und Mechanismen zur sozialen Inklusion.   <br\/><\/p>\n\n<div data-wp-interactive=\"core\/file\" class=\"wp-block-file\"><object data-wp-bind--hidden=\"!state.hasPdfPreview\" hidden class=\"wp-block-file__embed\" data=\"https:\/\/pipe-project.eu\/wp-content\/uploads\/2025\/07\/D4.3-Process-for-First-Refugee-Action-Plan_EN.pdf\" type=\"application\/pdf\" style=\"width:100%;height:600px\" aria-label=\"Einbettung von D4.3- Process for First Refugee Action Plan_EN.\"><\/object><a id=\"wp-block-file--media-051afa29-8111-4b79-8eb3-04846b3ffb59\" href=\"https:\/\/pipe-project.eu\/wp-content\/uploads\/2025\/07\/D4.3-Process-for-First-Refugee-Action-Plan_EN.pdf\">D4.3- Process for First Refugee Action Plan_EN<\/a><a href=\"https:\/\/pipe-project.eu\/wp-content\/uploads\/2025\/07\/D4.3-Process-for-First-Refugee-Action-Plan_EN.pdf\" class=\"wp-block-file__button wp-element-button\" download=\"\" aria-describedby=\"wp-block-file--media-051afa29-8111-4b79-8eb3-04846b3ffb59\">Herunterladen<\/a><\/div>\n\n<div class=\"wp-block-stackable-divider stk-block-divider stk-block stk-737a646\" data-block-id=\"737a646\"><hr class=\"stk-block-divider__hr\"\/><\/div>\n\n<div class=\"wp-block-stackable-heading stk-block-heading stk-block-heading--v2 stk-block stk-beec08a\" id=\"use-of-gamification-for-the-implementation-of-the-action-plan\" data-block-id=\"beec08a\"><h4 class=\"stk-block-heading__text has-text-align-center\">Einsatz von Gamification zur Umsetzung des Aktionsplans<\/h4><\/div>\n\n<p>Das Dokument untersucht, wie Gamification die Integration von Migranten, Fl\u00fcchtlingen und Asylbewerbern durch eine mobile Anwendung verbessern kann.<\/p>\n\n<p>Die Methodik zur Entwicklung der Gamification-Strategie folgt einem dreistufigen Ansatz:<\/p>\n\n<ul class=\"wp-block-list\">\n<li>Kartierung bestehender Gamification-Rahmenbedingungen und strategischer Designmodelle.<\/li>\n\n\n\n<li>Transdisziplin\u00e4re Integration unterst\u00fctzender Theorien (wie Erwachsenenbildungstheorie, Verhaltenswissenschaft und User Experience Design).<\/li>\n\n\n\n<li>Entwicklung der Gamifizierten ADDIE-Strategie, einer Adaption des traditionellen ADDIE-Modells f\u00fcr die Unterrichtsgestaltung (Analyse, Design, Entwicklung, Implementierung, Evaluation).<\/li>\n<\/ul>\n\n<div data-wp-interactive=\"core\/file\" class=\"wp-block-file\"><object data-wp-bind--hidden=\"!state.hasPdfPreview\" hidden class=\"wp-block-file__embed\" data=\"https:\/\/pipe-project.eu\/wp-content\/uploads\/2025\/08\/D4.4_Use-of-gamification-for-the-implementation-of-the-action-plan_EN_compressed.pdf\" type=\"application\/pdf\" style=\"width:100%;height:600px\" aria-label=\"Einbettung von D4.4_Use of gamification for the implementation of the action plan_EN_compressed.\"><\/object><a id=\"wp-block-file--media-667e9d45-efa4-460e-bcb0-bc5c31377cec\" href=\"https:\/\/pipe-project.eu\/wp-content\/uploads\/2025\/08\/D4.4_Use-of-gamification-for-the-implementation-of-the-action-plan_EN_compressed.pdf\">D4.4_Use of gamification for the implementation of the action plan_EN_compressed<\/a><a href=\"https:\/\/pipe-project.eu\/wp-content\/uploads\/2025\/08\/D4.4_Use-of-gamification-for-the-implementation-of-the-action-plan_EN_compressed.pdf\" class=\"wp-block-file__button wp-element-button\" download=\"\" aria-describedby=\"wp-block-file--media-667e9d45-efa4-460e-bcb0-bc5c31377cec\">Herunterladen<\/a><\/div>\n","protected":false},"excerpt":{"rendered":"<p>Arbeitspaket 4: Ressourcenleitfaden f\u00fcr Migranten F\u00fchrende Partner: AAU und IRMI Zusammenstellung aller nationalen Einrichtungen, die Migranten, Fl\u00fcchtlingen und Asylbewerbern Hilfe und Unterst\u00fctzung verschiedener Art anbieten. Anwendung von Gamification, um eine Route von Ressourcen, Anlaufstellen in Spanien, Italien, Griechenland, Deutschland und D\u00e4nemark und die Art der Hilfe, die der Migrant zu einem bestimmten Zeitpunkt ben\u00f6tigt, zu [&hellip;]<\/p>\n","protected":false},"author":1,"featured_media":0,"parent":0,"menu_order":0,"comment_status":"closed","ping_status":"closed","template":"","meta":{"footnotes":""},"class_list":["post-2597","page","type-page","status-publish","hentry"],"blocksy_meta":[],"_links":{"self":[{"href":"https:\/\/pipe-project.eu\/de\/wp-json\/wp\/v2\/pages\/2597","targetHints":{"allow":["GET"]}}],"collection":[{"href":"https:\/\/pipe-project.eu\/de\/wp-json\/wp\/v2\/pages"}],"about":[{"href":"https:\/\/pipe-project.eu\/de\/wp-json\/wp\/v2\/types\/page"}],"author":[{"embeddable":true,"href":"https:\/\/pipe-project.eu\/de\/wp-json\/wp\/v2\/users\/1"}],"replies":[{"embeddable":true,"href":"https:\/\/pipe-project.eu\/de\/wp-json\/wp\/v2\/comments?post=2597"}],"version-history":[{"count":3,"href":"https:\/\/pipe-project.eu\/de\/wp-json\/wp\/v2\/pages\/2597\/revisions"}],"predecessor-version":[{"id":3124,"href":"https:\/\/pipe-project.eu\/de\/wp-json\/wp\/v2\/pages\/2597\/revisions\/3124"}],"wp:attachment":[{"href":"https:\/\/pipe-project.eu\/de\/wp-json\/wp\/v2\/media?parent=2597"}],"curies":[{"name":"wp","href":"https:\/\/api.w.org\/{rel}","templated":true}]}}