{"id":2587,"date":"2025-03-25T12:23:31","date_gmt":"2025-03-25T12:23:31","guid":{"rendered":"https:\/\/pipe-project.eu\/wp2\/"},"modified":"2026-01-08T12:10:36","modified_gmt":"2026-01-08T12:10:36","slug":"wp2","status":"publish","type":"page","link":"https:\/\/pipe-project.eu\/de\/wp2\/","title":{"rendered":"WP2"},"content":{"rendered":"\n<div class=\"wp-block-stackable-columns alignfull stk-block-columns stk-block stk-e6d33b8 stk-block-background stk--has-background-overlay\" data-block-id=\"e6d33b8\"><style>.stk-e6d33b8 {background-image:url(https:\/\/pipe-project.eu\/wp-content\/uploads\/2024\/05\/PIPE_background-resize-scaled.jpg) !important;padding-top:120px !important;padding-bottom:160px !important;}<\/style><div class=\"stk-row stk-inner-blocks stk-block-content stk-content-align stk-e6d33b8-column\">\n<div class=\"wp-block-stackable-column stk-block-column stk-column stk-block stk-40c05ec\" data-v=\"4\" data-block-id=\"40c05ec\"><div class=\"stk-column-wrapper stk-block-column__content stk-container stk-40c05ec-container stk--no-background stk--no-padding\"><div class=\"stk-block-content stk-inner-blocks stk-40c05ec-inner-blocks\">\n<h2 class=\"wp-block-heading has-text-align-center has-x-large-font-size\"><span style=\"color: var(--theme-palette-color-8, #ffffff);\" class=\"stk-highlight\">Arbeitspaket 2: Toolbox f\u00fcr Fachleute<\/span><\/h2>\n<\/div><\/div><\/div>\n<\/div><\/div>\n\n<div class=\"wp-block-stackable-heading stk-block-heading stk-block-heading--v2 stk-block stk-9f62214\" id=\"leading-partner-universidad-de-la-laguna\" data-block-id=\"9f62214\"><h5 class=\"stk-block-heading__text\">F\u00fchrender Partner: ULL<\/h5><\/div>\n\n<p>Erstellung einer offenen Ressourcenplattform, die einfach zu nutzen und anzuwenden ist, verschiedene Perspektiven abdeckt (sprachlich, kulturell und verhaltensbezogen) und in mehrere Sprachen \u00fcbersetzt wird.<\/p>\n\n<p>Die Toolbox f\u00fcr Fachleute, die mit Migranten zu tun haben, wird Folgendes beinhalten:<\/p>\n\n<ul class=\"wp-block-list\">\n<li><a href=\"https:\/\/pipe-platform.eu\/de\/home-de\/\" target=\"_blank\" rel=\"noreferrer noopener\">PIPE Platform<\/a><\/li>\n\n\n\n<li><a href=\"https:\/\/pipe-project.eu\/wp-content\/uploads\/2025\/07\/D2.3.-Guide-for-teaching-the-national-language-for-migrants_DL_compressed.pdf\" target=\"_blank\" rel=\"noreferrer noopener\">Leitfaden f\u00fcr den Unterricht der Landessprache f\u00fcr Migrantinnen und Migranten<\/a><\/li>\n\n\n\n<li><a href=\"https:\/\/pipe-project.eu\/wp-content\/uploads\/2025\/07\/D2.4-Guide-and-action-plan-for-cultural-training-for-professionals_DL.pdf\" target=\"_blank\" rel=\"noreferrer noopener\">Leitfaden und Aktionsplan f\u00fcr die kulturelle Schulung von Fachkr\u00e4ften<\/a><\/li>\n\n\n\n<li><a href=\"https:\/\/pipe-questionaire.vercel.app\/\" target=\"_blank\" rel=\"noreferrer noopener\">Strategischer Aufnahmeplan f\u00fcr die Bildung in Vielfalt in \u00f6ffentlichen Einrichtungen (Diagnoseinstrument, das in den strategischen Aufnahmeplan integriert ist, um institutionelle L\u00fccken in der Ausbildung zu kultureller Vielfalt und Integration von Migranten zu identifizieren)<\/a><\/li>\n\n\n\n<li>Workshop f\u00fcr Fachleute<\/li>\n\n\n\n<li>Kolloquiale Gespr\u00e4che<\/li>\n<\/ul>\n\n<p>Schaffung eines soliden Netzwerks f\u00fcr die Beteiligung und den Austausch bew\u00e4hrter Verfahren zwischen den europ\u00e4ischen L\u00e4ndern.<\/p>\n\n<p>Sensibilisierung f\u00fcr Inklusion und Vielfalt durch Schulung von Verwaltung, \u00f6ffentlichen Einrichtungen und Freiwilligen<\/p>\n\n<p>Schaffung eines standardisierten nicht-formalen Bildungswegs, um denjenigen, die mit Migranten in Kontakt kommen, bessere Wege der Interaktion, Empathie und andere relevante Aspekte des Umgangs mit ihnen zu vermitteln.<\/p>\n","protected":false},"excerpt":{"rendered":"<p>Arbeitspaket 2: Toolbox f\u00fcr Fachleute F\u00fchrender Partner: ULL Erstellung einer offenen Ressourcenplattform, die einfach zu nutzen und anzuwenden ist, verschiedene Perspektiven abdeckt (sprachlich, kulturell und verhaltensbezogen) und in mehrere Sprachen \u00fcbersetzt wird. Die Toolbox f\u00fcr Fachleute, die mit Migranten zu tun haben, wird Folgendes beinhalten: Schaffung eines soliden Netzwerks f\u00fcr die Beteiligung und den Austausch [&hellip;]<\/p>\n","protected":false},"author":1,"featured_media":0,"parent":0,"menu_order":0,"comment_status":"closed","ping_status":"closed","template":"","meta":{"footnotes":""},"class_list":["post-2587","page","type-page","status-publish","hentry"],"blocksy_meta":[],"_links":{"self":[{"href":"https:\/\/pipe-project.eu\/de\/wp-json\/wp\/v2\/pages\/2587","targetHints":{"allow":["GET"]}}],"collection":[{"href":"https:\/\/pipe-project.eu\/de\/wp-json\/wp\/v2\/pages"}],"about":[{"href":"https:\/\/pipe-project.eu\/de\/wp-json\/wp\/v2\/types\/page"}],"author":[{"embeddable":true,"href":"https:\/\/pipe-project.eu\/de\/wp-json\/wp\/v2\/users\/1"}],"replies":[{"embeddable":true,"href":"https:\/\/pipe-project.eu\/de\/wp-json\/wp\/v2\/comments?post=2587"}],"version-history":[{"count":10,"href":"https:\/\/pipe-project.eu\/de\/wp-json\/wp\/v2\/pages\/2587\/revisions"}],"predecessor-version":[{"id":3301,"href":"https:\/\/pipe-project.eu\/de\/wp-json\/wp\/v2\/pages\/2587\/revisions\/3301"}],"wp:attachment":[{"href":"https:\/\/pipe-project.eu\/de\/wp-json\/wp\/v2\/media?parent=2587"}],"curies":[{"name":"wp","href":"https:\/\/api.w.org\/{rel}","templated":true}]}}