{"id":2546,"date":"2025-03-25T09:36:17","date_gmt":"2025-03-25T09:36:17","guid":{"rendered":"https:\/\/pipe-project.eu\/toolbox-fuer-professionelle\/"},"modified":"2025-07-22T08:11:46","modified_gmt":"2025-07-22T08:11:46","slug":"toolbox-fuer-professionelle","status":"publish","type":"page","link":"https:\/\/pipe-project.eu\/de\/toolbox-fuer-professionelle\/","title":{"rendered":"ToolBox f\u00fcr Professionelle"},"content":{"rendered":"\n<div class=\"wp-block-stackable-columns alignfull stk-block-columns stk-block stk-b19e7c9 stk-block-background stk--has-background-overlay\" data-block-id=\"b19e7c9\"><style>.stk-b19e7c9{background-color:#00000000 !important;background-image:url(https:\/\/pipe-project.eu\/wp-content\/uploads\/2024\/03\/PIPE_background-shadow-min-scaled.jpeg) !important;padding-top:120px !important;padding-bottom:160px !important;margin-bottom:0px !important}.stk-b19e7c9:before{background-color:#00000000 !important;opacity:0.8 !important}@media screen and (max-width:999px){.stk-b19e7c9{padding-top:80px !important;padding-bottom:80px !important}}<\/style><div class=\"stk-row stk-inner-blocks stk-block-content stk-content-align stk-b19e7c9-column\">\n<div class=\"wp-block-stackable-column stk-block-column stk-column stk-block stk-da68494\" data-v=\"4\" data-block-id=\"da68494\"><style>.stk-da68494-container{margin-top:0px !important;margin-right:0px !important;margin-bottom:0px !important;margin-left:0px !important}<\/style><div class=\"stk-column-wrapper stk-block-column__content stk-container stk-da68494-container stk--no-background stk--no-padding\"><div class=\"stk-block-content stk-inner-blocks stk-da68494-inner-blocks\">\n<div class=\"wp-block-stackable-columns stk-block-columns stk-block stk-293854b\" data-block-id=\"293854b\"><style>.stk-293854b{margin-bottom:0px !important}.stk-293854b-column{--stk-column-gap:90px !important;row-gap:90px !important}<\/style><div class=\"stk-row stk-inner-blocks stk-block-content stk-content-align stk-293854b-column\">\n<div class=\"wp-block-stackable-column stk-block-column stk-column stk-block stk-2264616\" data-v=\"4\" data-block-id=\"2264616\"><style>.stk-2264616-container{margin-top:0px !important;margin-right:0px !important;margin-bottom:0px !important;margin-left:0px !important}.stk-2264616{align-self:center !important}<\/style><div class=\"stk-column-wrapper stk-block-column__content stk-container stk-2264616-container stk--no-background stk--no-padding\"><div class=\"stk-block-content stk-inner-blocks stk-2264616-inner-blocks\">\n<div class=\"wp-block-stackable-heading stk-block-heading stk-block-heading--v2 stk-block stk-e10f9ca\" id=\"strong-toolbox-for-professionals-strong\" data-block-id=\"e10f9ca\"><style>.stk-e10f9ca .stk-block-heading__text{font-size:75px !important;color:var(--theme-palette-color-8,#ffffff) !important;line-height:1.3em !important}@media screen and (max-width:999px){.stk-e10f9ca .stk-block-heading__text{font-size:50px !important}}@media screen and (max-width:689px){.stk-e10f9ca .stk-block-heading__text{font-size:35px !important}}<\/style><h2 class=\"stk-block-heading__text has-text-color has-palette-color-8-color has-text-align-center has-text-align-center-tablet\"><strong>ToolBox f\u00fcr Professionelle<\/strong><\/h2><\/div>\n<\/div><\/div><\/div>\n<\/div><\/div>\n<\/div><\/div><\/div>\n<\/div><\/div>\n\n\n\n<div class=\"wp-block-stackable-heading stk-block-heading stk-block-heading--v2 stk-block stk-d1edfae\" id=\"guide-for-teaching-national-language-for-migrants\" data-block-id=\"d1edfae\"><h2 class=\"stk-block-heading__text has-text-align-center\">Leitfaden f\u00fcr den Unterricht der Landessprache f\u00fcr Migranten<\/h2><\/div>\n\n\n\n<div class=\"wp-block-stackable-text stk-block-text stk-block stk-1faf699\" data-block-id=\"1faf699\"><p class=\"stk-block-text__text\">Der Leitfaden f\u00fcr den Unterricht der Landessprache f\u00fcr Migranten ist eine mehrstufige Ressource f\u00fcr Fachkr\u00e4fte und Freiwillige, die f\u00fcr und mit Migranten arbeiten. In den acht Kapiteln des Leitfadens finden Sie \u00dcberlegungen von Fachleuten aus Spanien, D\u00e4nemark, Griechenland, Italien und Deutschland \u00fcber das Warum und Wie des <strong>Unterrichtens der Landessprache<\/strong>, die <strong>Analyse von Unterrichtsmaterialien<\/strong>, den<strong> Einsatz von Technologien<\/strong>, die <strong>transversale Bedeutung von Umwelt<\/strong>&#8211; und <strong>Gender-Inhalten<\/strong> und die Notwendigkeit, diesen Aufnahmeprozess aus einem <strong>interkulturellen Wissensdialog heraus anzugehen, um die Migranten<\/strong> als G\u00e4ste und Protagonisten in ihrem Prozess des Erlernens der Sprache und Kultur des Gastlandes zu st\u00e4rken. <\/p><\/div>\n\n\n\n<p><br>Es handelt sich um einen Leitfaden, der Links zu allen Arten von Ressourcen im Zusammenhang mit dem Erlernen von Sprachen, Sprachen und Toolkits zu Bildung und Migration enth\u00e4lt, einen Leitfaden, der auf der P\u00e4dagogik der Gastfreundschaft basiert und eine dialogische Sichtweise dessen bietet, was eine Begegnung und ein Dialog zwischen den Kulturen sein sollte, um Fachleute und Freiwillige zu ermutigen, dar\u00fcber nachzudenken, wie wir dieses erste Gesetz der Koexistenz angehen sollten, das darin besteht, diejenigen, die kommen, als eine Gelegenheit zu begr\u00fc\u00dfen, als Gemeinschaft zu wachsen und zu lernen.<\/p>\n\n\n\n<div data-wp-interactive=\"core\/file\" class=\"wp-block-file\"><object data-wp-bind--hidden=\"!state.hasPdfPreview\" hidden class=\"wp-block-file__embed\" data=\"https:\/\/pipe-project.eu\/wp-content\/uploads\/2025\/07\/D2.3.-Guide-for-teaching-the-national-language-for-migrants_DL_compressed.pdf\" type=\"application\/pdf\" style=\"width:100%;height:600px\" aria-label=\"Einbettung von D2.3. Guide for teaching the national language for migrants_DL_compressed.\"><\/object><a id=\"wp-block-file--media-864a68af-409b-408c-9cc4-5dbe2b0dfe73\" href=\"https:\/\/pipe-project.eu\/wp-content\/uploads\/2025\/07\/D2.3.-Guide-for-teaching-the-national-language-for-migrants_DL_compressed.pdf\">D2.3. Guide for teaching the national language for migrants_DL_compressed<\/a><a href=\"https:\/\/pipe-project.eu\/wp-content\/uploads\/2025\/07\/D2.3.-Guide-for-teaching-the-national-language-for-migrants_DL_compressed.pdf\" class=\"wp-block-file__button wp-element-button\" download aria-describedby=\"wp-block-file--media-864a68af-409b-408c-9cc4-5dbe2b0dfe73\">Download<\/a><\/div>\n\n\n\n<div class=\"wp-block-stackable-divider stk-block-divider stk-block stk-65d3c87\" data-block-id=\"65d3c87\"><hr class=\"stk-block-divider__hr\"\/><\/div>\n\n\n\n<div class=\"wp-block-stackable-heading stk-block-heading stk-block-heading--v2 stk-block stk-dbf781e\" id=\"guide-and-action-plan-for-cultural-training-for-professionals\" data-block-id=\"dbf781e\"><h2 class=\"stk-block-heading__text has-text-align-center\">Leitfaden und Aktionsplan f\u00fcr kulturelles Training f\u00fcr Fachkr\u00e4fte <\/h2><\/div>\n\n\n\n<p>Dieser Leitfaden und Aktionsplan soll Fachleute, die mit Migranten arbeiten, bei der Entwicklung ihrer kulturellen Kompetenzen unterst\u00fctzen. Er bietet Instrumente und Einblicke, die Fachleuten helfen, ihre eigenen Aktionspl\u00e4ne f\u00fcr Schulungen zur kulturellen Kompetenz zu erstellen, wobei nationale Ressourcen in der Sprache jedes am PIPE-Projekt beteiligten Partners einbezogen werden. <\/p>\n\n\n\n<p>Der Leitfaden bietet einen pr\u00e4gnanten theoretischen Rahmen, der Fachkr\u00e4fte in das Konzept der kulturellen Kompetenz einf\u00fchrt. Er enth\u00e4lt einen progressiven, stufenbasierten Weg, der es jeder Fachkraft oder Organisation erm\u00f6glicht, auf der Grundlage ihrer Erfahrungen und Bed\u00fcrfnisse zu entscheiden, ob sie den gesamten Weg beschreiten oder sich auf bestimmte Stufen konzentrieren m\u00f6chte. Inspiriert von Cort\u00e1zars Roman Rayuela (Himmel und H\u00f6lle) k\u00f6nnen Fachkr\u00e4fte ihre eigene Reise durch den Inhalt des Leitfadens w\u00e4hlen.  <\/p>\n\n\n\n<p>Der Leitfaden analysiert die Hindernisse und Herausforderungen bei der Umsetzung von Schulungen zur kulturellen Kompetenz im Bereich der Interkulturalit\u00e4t, eine Reihe von \u00dcberlegungen zum Konzept der Identit\u00e4t und des Erbes sowie die Notwendigkeit, unsere Bem\u00fchungen auf den kollektiven und progressiven Aufbau einer <strong>Kultur der Gastfreundschaft<\/strong> zu richten. Der Leitfaden definiert die Lernziele und einen Dekalog bew\u00e4hrter Praktiken, um einen Dialog und eine gemeinschaftliche Reflexion dar\u00fcber anzuregen, was man bei der Gestaltung des eigenen Schulungsplans ber\u00fccksichtigen sollte. <\/p>\n\n\n\n<div data-wp-interactive=\"core\/file\" class=\"wp-block-file\"><object data-wp-bind--hidden=\"!state.hasPdfPreview\" hidden class=\"wp-block-file__embed\" data=\"https:\/\/pipe-project.eu\/wp-content\/uploads\/2025\/07\/D2.4-Guide-and-action-plan-for-cultural-training-for-professionals_DL.pdf\" type=\"application\/pdf\" style=\"width:100%;height:600px\" aria-label=\"Einbettung von D2.4 Guide and action plan for cultural training for professionals_DL.\"><\/object><a id=\"wp-block-file--media-71c0a74b-8ef2-4c4e-a421-86b99dd04aa8\" href=\"https:\/\/pipe-project.eu\/wp-content\/uploads\/2025\/07\/D2.4-Guide-and-action-plan-for-cultural-training-for-professionals_DL.pdf\">D2.4 Guide and action plan for cultural training for professionals_DL<\/a><a href=\"https:\/\/pipe-project.eu\/wp-content\/uploads\/2025\/07\/D2.4-Guide-and-action-plan-for-cultural-training-for-professionals_DL.pdf\" class=\"wp-block-file__button wp-element-button\" download aria-describedby=\"wp-block-file--media-71c0a74b-8ef2-4c4e-a421-86b99dd04aa8\">Download<\/a><\/div>\n","protected":false},"excerpt":{"rendered":"<p>ToolBox f\u00fcr Professionelle Leitfaden f\u00fcr den Unterricht der Landessprache f\u00fcr Migranten Der Leitfaden f\u00fcr den Unterricht der Landessprache f\u00fcr Migranten ist eine mehrstufige Ressource f\u00fcr Fachkr\u00e4fte und Freiwillige, die f\u00fcr und mit Migranten arbeiten. In den acht Kapiteln des Leitfadens finden Sie \u00dcberlegungen von Fachleuten aus Spanien, D\u00e4nemark, Griechenland, Italien und Deutschland \u00fcber das Warum [&hellip;]<\/p>\n","protected":false},"author":1,"featured_media":0,"parent":0,"menu_order":0,"comment_status":"closed","ping_status":"closed","template":"","meta":{"footnotes":""},"class_list":["post-2546","page","type-page","status-publish","hentry"],"blocksy_meta":[],"_links":{"self":[{"href":"https:\/\/pipe-project.eu\/de\/wp-json\/wp\/v2\/pages\/2546","targetHints":{"allow":["GET"]}}],"collection":[{"href":"https:\/\/pipe-project.eu\/de\/wp-json\/wp\/v2\/pages"}],"about":[{"href":"https:\/\/pipe-project.eu\/de\/wp-json\/wp\/v2\/types\/page"}],"author":[{"embeddable":true,"href":"https:\/\/pipe-project.eu\/de\/wp-json\/wp\/v2\/users\/1"}],"replies":[{"embeddable":true,"href":"https:\/\/pipe-project.eu\/de\/wp-json\/wp\/v2\/comments?post=2546"}],"version-history":[{"count":2,"href":"https:\/\/pipe-project.eu\/de\/wp-json\/wp\/v2\/pages\/2546\/revisions"}],"predecessor-version":[{"id":2997,"href":"https:\/\/pipe-project.eu\/de\/wp-json\/wp\/v2\/pages\/2546\/revisions\/2997"}],"wp:attachment":[{"href":"https:\/\/pipe-project.eu\/de\/wp-json\/wp\/v2\/media?parent=2546"}],"curies":[{"name":"wp","href":"https:\/\/api.w.org\/{rel}","templated":true}]}}