{"id":1408,"date":"2024-04-29T13:33:03","date_gmt":"2024-04-29T13:33:03","guid":{"rendered":"https:\/\/pipe-project.eu\/wp5\/"},"modified":"2024-05-21T12:47:23","modified_gmt":"2024-05-21T12:47:23","slug":"wp5","status":"publish","type":"page","link":"https:\/\/pipe-project.eu\/de\/wp5\/","title":{"rendered":"WP5"},"content":{"rendered":"\n<div class=\"wp-block-stackable-columns alignfull stk-block-columns stk-block stk-a292c5d stk-block-background stk--has-background-overlay\" data-block-id=\"a292c5d\"><style>.stk-a292c5d{background-image:url(https:\/\/pipe-project.eu\/wp-content\/uploads\/2024\/05\/PIPE_background-resize-scaled.jpg) !important;padding-top:120px !important;padding-bottom:160px !important}<\/style><div class=\"stk-row stk-inner-blocks stk-block-content stk-content-align stk-a292c5d-column alignfull\">\n<div class=\"wp-block-stackable-column stk-block-column stk-column stk-block stk-8ee581f\" data-v=\"4\" data-block-id=\"8ee581f\"><div class=\"stk-column-wrapper stk-block-column__content stk-container stk-8ee581f-container stk--no-background stk--no-padding\"><div class=\"stk-block-content stk-inner-blocks stk-8ee581f-inner-blocks\">\n<div class=\"wp-block-stackable-heading stk-block-heading stk-block-heading--v2 stk-block stk-a33e590\" id=\"work-package-5-sharing-results-and-promotion\" data-block-id=\"a33e590\"><style>.stk-a33e590 .stk-block-heading__text{font-size:50px !important;color:var(--theme-palette-color-8,#ffffff) !important}@media screen and (max-width:999px){.stk-a33e590 .stk-block-heading__text{font-size:50px !important}}<\/style><h2 class=\"stk-block-heading__text has-text-color has-text-align-center\">Arbeitspaket 5: Austausch von Ergebnissen und Werbung<\/h2><\/div>\n<\/div><\/div><\/div>\n<\/div><\/div>\n\n<div class=\"wp-block-stackable-heading stk-block-heading stk-block-heading--v2 stk-block stk-298a9b1\" id=\"leading-partner-mag-uninettuno\" data-block-id=\"298a9b1\"><h5 class=\"stk-block-heading__text\">Leading Partner: MAG &#8211; Uninettuno<\/h5><\/div>\n\n<p>Die Verbreitungsaktivit\u00e4ten werden sowohl w\u00e4hrend der Projektdauer als auch nach Abschluss des PIPE-Projekts umfassend und kontinuierlich sein.<\/p>\n\n<p>Zu Beginn der Projektarbeit wird ein detaillierter Verbreitungsplan von MAG &#8211; Uninettuno in Zusammenarbeit mit anderen Partnern erstellt, der die wichtigsten Strategien zusammenfasst und die Zielgruppen definiert.<\/p>\n\n<p>Die kontinuierliche \u00dcberwachung der Verbreitungsaktivit\u00e4ten wird die Umsetzung dieses Plans sicherstellen und als Mittel dienen, um zu gew\u00e4hrleisten, dass alle Partner gleicherma\u00dfen zur Verbreitung der Projektergebnisse beitragen.<\/p>\n\n<p>Die wichtigsten Ergebnisse sind die Verbreitungsstrategie, das Werbematerial und die gesammelten R\u00fcckmeldungen, zusammengestellte Berichte. Wir werden den Output und die Ergebnisse des Projekts verbreiten, die entwickelten Materialien (Konzept, Bericht, Online-Schulung) bekannt machen und sie \u00fcber Multiplikatorenveranstaltungen, Pr\u00e4sentationen auf Konferenzen und anderen Veranstaltungen, Flyer, die Projektwebseite und soziale Medien \u00fcber den Projektfortschritt auf dem Laufenden halten.<\/p>\n","protected":false},"excerpt":{"rendered":"<p>Arbeitspaket 5: Austausch von Ergebnissen und Werbung Leading Partner: MAG &#8211; Uninettuno Die Verbreitungsaktivit\u00e4ten werden sowohl w\u00e4hrend der Projektdauer als auch nach Abschluss des PIPE-Projekts umfassend und kontinuierlich sein. Zu Beginn der Projektarbeit wird ein detaillierter Verbreitungsplan von MAG &#8211; Uninettuno in Zusammenarbeit mit anderen Partnern erstellt, der die wichtigsten Strategien zusammenfasst und die Zielgruppen [&hellip;]<\/p>\n","protected":false},"author":2,"featured_media":0,"parent":0,"menu_order":0,"comment_status":"closed","ping_status":"closed","template":"","meta":{"footnotes":""},"class_list":["post-1408","page","type-page","status-publish","hentry"],"blocksy_meta":[],"_links":{"self":[{"href":"https:\/\/pipe-project.eu\/de\/wp-json\/wp\/v2\/pages\/1408","targetHints":{"allow":["GET"]}}],"collection":[{"href":"https:\/\/pipe-project.eu\/de\/wp-json\/wp\/v2\/pages"}],"about":[{"href":"https:\/\/pipe-project.eu\/de\/wp-json\/wp\/v2\/types\/page"}],"author":[{"embeddable":true,"href":"https:\/\/pipe-project.eu\/de\/wp-json\/wp\/v2\/users\/2"}],"replies":[{"embeddable":true,"href":"https:\/\/pipe-project.eu\/de\/wp-json\/wp\/v2\/comments?post=1408"}],"version-history":[{"count":3,"href":"https:\/\/pipe-project.eu\/de\/wp-json\/wp\/v2\/pages\/1408\/revisions"}],"predecessor-version":[{"id":1479,"href":"https:\/\/pipe-project.eu\/de\/wp-json\/wp\/v2\/pages\/1408\/revisions\/1479"}],"wp:attachment":[{"href":"https:\/\/pipe-project.eu\/de\/wp-json\/wp\/v2\/media?parent=1408"}],"curies":[{"name":"wp","href":"https:\/\/api.w.org\/{rel}","templated":true}]}}