{"id":1386,"date":"2024-04-29T13:28:03","date_gmt":"2024-04-29T13:28:03","guid":{"rendered":"https:\/\/pipe-project.eu\/wp3\/"},"modified":"2025-07-22T12:06:49","modified_gmt":"2025-07-22T12:06:49","slug":"wp3","status":"publish","type":"page","link":"https:\/\/pipe-project.eu\/de\/wp3\/","title":{"rendered":"WP3"},"content":{"rendered":"\n<div class=\"wp-block-stackable-columns alignfull stk-block-columns stk-block stk-2eb7375 stk-block-background stk--has-background-overlay\" data-block-id=\"2eb7375\"><style>.stk-2eb7375{background-image:url(https:\/\/pipe-project.eu\/wp-content\/uploads\/2024\/05\/PIPE_background-resize-scaled.jpg) !important;padding-top:120px !important;padding-bottom:160px !important}<\/style><div class=\"stk-row stk-inner-blocks stk-block-content stk-content-align stk-2eb7375-column\">\n<div class=\"wp-block-stackable-column stk-block-column stk-column stk-block stk-53be8a7\" data-v=\"4\" data-block-id=\"53be8a7\"><div class=\"stk-column-wrapper stk-block-column__content stk-container stk-53be8a7-container stk--no-background stk--no-padding\"><div class=\"stk-block-content stk-inner-blocks stk-53be8a7-inner-blocks\">\n<div class=\"wp-block-stackable-heading stk-block-heading stk-block-heading--v2 stk-block stk-01c5f64\" id=\"work-package-3-soft-skills-cultural-awareness-and-mentorship-programmes\" data-block-id=\"01c5f64\"><style>.stk-01c5f64 .stk-block-heading__text{font-size:50px !important;color:var(--theme-palette-color-8,#ffffff) !important}@media screen and (max-width:999px){.stk-01c5f64 .stk-block-heading__text{font-size:50px !important}}<\/style><h2 class=\"stk-block-heading__text has-text-color has-text-align-center\">Arbeitspaket 3: Soft Skills, kulturelles Bewusstsein und Mentorenprogramme<\/h2><\/div>\n<\/div><\/div><\/div>\n<\/div><\/div>\n\n<div class=\"wp-block-stackable-heading stk-block-heading stk-block-heading--v2 stk-block stk-f39ab44\" id=\"leading-partner-hmu\" data-block-id=\"f39ab44\"><h5 class=\"stk-block-heading__text\">F\u00fchrender Partner: HMU<\/h5><\/div>\n\n<p>Die Entwicklung eines nicht-formalen, zielgerichteten und praktischen Bildungsweges f\u00fcr erwachsene Migranten, der auf jedes Land der Europ\u00e4ischen Union ausgeweitet werden kann.<\/p>\n\n<p>Die Umsetzung eines partizipativen und lernerzentrierten Ansatzes, der sich auf praktische und lebensnahe Belange konzentriert und interkulturellen Austausch und Begegnungen als Lernmittel nutzt.<\/p>\n\n<p>Die Entwicklung eines modularen Programms, das sich auf Soft Skills konzentriert, um die individuellen F\u00e4higkeiten jedes Einzelnen zu verbessern.<\/p>\n\n<p>Die Schaffung eines soliden Netzwerks f\u00fcr die Teilnahme und den Austausch bew\u00e4hrter Praktiken in der Migrantengemeinschaft.<\/p>\n\n<p>Die Einrichtung eines Netzwerks von Mentoren, die die Migranten w\u00e4hrend ihrer gesamten Lernreise unterst\u00fctzen und begleiten.<\/p>\n\n<div class=\"wp-block-stackable-divider stk-block-divider stk-block stk-646cea5\" data-block-id=\"646cea5\"><hr class=\"stk-block-divider__hr\"\/><\/div>\n\n<p>Der <strong>D3.2 des PIPE-Projekts<\/strong> ist ein <strong>internationaler Bericht \u00fcber nationale Priorit\u00e4ten und Bed\u00fcrfnisse in Bezug auf Soft Skills, kulturelles Bewusstsein und Mentorenprogramme f\u00fcr erwachsene Migranten.<\/strong> <\/p>\n\n<p>F\u00fcr die Forschungsphase wurden folgende spezifische Ziele festgelegt:<\/p>\n\n<ul class=\"wp-block-list\">\n<li>Identifizierung der wesentlichen Soft Skills, die f\u00fcr eine erfolgreiche Integration von Migranten in jedem Partnerland erforderlich sind <\/li>\n<\/ul>\n\n<ul class=\"wp-block-list\">\n<li>Bewertung der Bedeutung des kulturellen Bewusstseins f\u00fcr Migranten in den Partnerl\u00e4ndern<\/li>\n<\/ul>\n\n<ul class=\"wp-block-list\">\n<li>Zur Ermittlung der Soft Skills und kulturellen Kompetenzen<\/li>\n<\/ul>\n\n<ul class=\"wp-block-list\">\n<li>Untersuchung bestehender Mentorenprogramme f\u00fcr erwachsene Migranten<\/li>\n<\/ul>\n\n<div data-wp-interactive=\"core\/file\" class=\"wp-block-file\"><object data-wp-bind--hidden=\"!state.hasPdfPreview\" hidden class=\"wp-block-file__embed\" data=\"https:\/\/pipe-project.eu\/wp-content\/uploads\/2025\/07\/D3.2_International-Report-on-national-priorities-and-needs_EN.pdf\" type=\"application\/pdf\" style=\"width:100%;height:600px\" aria-label=\"Einbettung von D3.2_International Report on national priorities and needs_EN.\"><\/object><a id=\"wp-block-file--media-0f140064-31e3-4ec0-b4ba-e8244da9e138\" href=\"https:\/\/pipe-project.eu\/wp-content\/uploads\/2025\/07\/D3.2_International-Report-on-national-priorities-and-needs_EN.pdf\">D3.2_International Report on national priorities and needs_EN<\/a><a href=\"https:\/\/pipe-project.eu\/wp-content\/uploads\/2025\/07\/D3.2_International-Report-on-national-priorities-and-needs_EN.pdf\" class=\"wp-block-file__button wp-element-button\" download=\"\" aria-describedby=\"wp-block-file--media-0f140064-31e3-4ec0-b4ba-e8244da9e138\">Herunterladen<\/a><\/div>\n","protected":false},"excerpt":{"rendered":"<p>Arbeitspaket 3: Soft Skills, kulturelles Bewusstsein und Mentorenprogramme F\u00fchrender Partner: HMU Die Entwicklung eines nicht-formalen, zielgerichteten und praktischen Bildungsweges f\u00fcr erwachsene Migranten, der auf jedes Land der Europ\u00e4ischen Union ausgeweitet werden kann. Die Umsetzung eines partizipativen und lernerzentrierten Ansatzes, der sich auf praktische und lebensnahe Belange konzentriert und interkulturellen Austausch und Begegnungen als Lernmittel nutzt. [&hellip;]<\/p>\n","protected":false},"author":2,"featured_media":0,"parent":0,"menu_order":0,"comment_status":"closed","ping_status":"closed","template":"","meta":{"footnotes":""},"class_list":["post-1386","page","type-page","status-publish","hentry"],"blocksy_meta":[],"_links":{"self":[{"href":"https:\/\/pipe-project.eu\/de\/wp-json\/wp\/v2\/pages\/1386","targetHints":{"allow":["GET"]}}],"collection":[{"href":"https:\/\/pipe-project.eu\/de\/wp-json\/wp\/v2\/pages"}],"about":[{"href":"https:\/\/pipe-project.eu\/de\/wp-json\/wp\/v2\/types\/page"}],"author":[{"embeddable":true,"href":"https:\/\/pipe-project.eu\/de\/wp-json\/wp\/v2\/users\/2"}],"replies":[{"embeddable":true,"href":"https:\/\/pipe-project.eu\/de\/wp-json\/wp\/v2\/comments?post=1386"}],"version-history":[{"count":5,"href":"https:\/\/pipe-project.eu\/de\/wp-json\/wp\/v2\/pages\/1386\/revisions"}],"predecessor-version":[{"id":3079,"href":"https:\/\/pipe-project.eu\/de\/wp-json\/wp\/v2\/pages\/1386\/revisions\/3079"}],"wp:attachment":[{"href":"https:\/\/pipe-project.eu\/de\/wp-json\/wp\/v2\/media?parent=1386"}],"curies":[{"name":"wp","href":"https:\/\/api.w.org\/{rel}","templated":true}]}}