{"id":1364,"date":"2024-04-29T13:22:15","date_gmt":"2024-04-29T13:22:15","guid":{"rendered":"https:\/\/pipe-project.eu\/wp1\/"},"modified":"2025-07-22T08:50:41","modified_gmt":"2025-07-22T08:50:41","slug":"wp1","status":"publish","type":"page","link":"https:\/\/pipe-project.eu\/de\/wp1\/","title":{"rendered":"WP1"},"content":{"rendered":"\n<div class=\"wp-block-stackable-columns alignfull stk-block-columns stk-block stk-a03ab45 stk-block-background stk--has-background-overlay\" data-block-id=\"a03ab45\"><style>.stk-a03ab45{background-image:url(https:\/\/pipe-project.eu\/wp-content\/uploads\/2024\/05\/PIPE_background-resize-scaled.jpg) !important;padding-top:120px !important;padding-bottom:160px !important}<\/style><div class=\"stk-row stk-inner-blocks stk-block-content stk-content-align stk-a03ab45-column alignfull\">\n<div class=\"wp-block-stackable-column stk-block-column stk-column stk-block stk-e53c760\" data-v=\"4\" data-block-id=\"e53c760\"><div class=\"stk-column-wrapper stk-block-column__content stk-container stk-e53c760-container stk--no-background stk--no-padding\"><div class=\"stk-block-content stk-inner-blocks stk-e53c760-inner-blocks\">\n<h2 class=\"wp-block-heading has-text-align-center\" style=\"font-size:clamp(28.836px, 1.802rem + ((1vw - 3.2px) * 1.653), 50px);\"><span style=\"color: var(--theme-palette-color-8, #ffffff);\" class=\"stk-highlight\">Arbeitspaket 1: Projektleitung<\/span><\/h2>\n<\/div><\/div><\/div>\n<\/div><\/div>\n\n<div class=\"wp-block-stackable-heading stk-block-heading stk-block-heading--v2 stk-block stk-9cfa2a5\" id=\"leading-partner-evm\" data-block-id=\"9cfa2a5\"><h5 class=\"stk-block-heading__text\">F\u00fchrender Partner: EVM<\/h5><\/div>\n\n<p>Die Projektaktivit\u00e4ten werden durch einen umfassenden Projektmanagementplan \u00fcberwacht, der verschiedene Aktivit\u00e4ten wie \u00dcberwachung, Koordination, Kommunikation, Bewertung, Qualit\u00e4tssicherung und Risikomanagement umfasst.<br\/>Zur Gew\u00e4hrleistung einer effektiven Kommunikation zwischen den Partnern und zus\u00e4tzlich zu den Transnationalen Projekttreffen (TPMs) werden einmal im Monat virtuelle Treffen abgehalten, und die Partner k\u00f6nnen bei Bedarf au\u00dferordentliche Online-Treffen einberufen. Eine klare Kommunikation gew\u00e4hrleistet Transparenz, Verst\u00e4ndnis und eine erfolgreiche Koordinierung.<\/p>\n","protected":false},"excerpt":{"rendered":"<p>Arbeitspaket 1: Projektleitung F\u00fchrender Partner: EVM Die Projektaktivit\u00e4ten werden durch einen umfassenden Projektmanagementplan \u00fcberwacht, der verschiedene Aktivit\u00e4ten wie \u00dcberwachung, Koordination, Kommunikation, Bewertung, Qualit\u00e4tssicherung und Risikomanagement umfasst.Zur Gew\u00e4hrleistung einer effektiven Kommunikation zwischen den Partnern und zus\u00e4tzlich zu den Transnationalen Projekttreffen (TPMs) werden einmal im Monat virtuelle Treffen abgehalten, und die Partner k\u00f6nnen bei Bedarf au\u00dferordentliche Online-Treffen [&hellip;]<\/p>\n","protected":false},"author":2,"featured_media":0,"parent":0,"menu_order":0,"comment_status":"closed","ping_status":"closed","template":"","meta":{"footnotes":""},"class_list":["post-1364","page","type-page","status-publish","hentry"],"blocksy_meta":[],"_links":{"self":[{"href":"https:\/\/pipe-project.eu\/de\/wp-json\/wp\/v2\/pages\/1364","targetHints":{"allow":["GET"]}}],"collection":[{"href":"https:\/\/pipe-project.eu\/de\/wp-json\/wp\/v2\/pages"}],"about":[{"href":"https:\/\/pipe-project.eu\/de\/wp-json\/wp\/v2\/types\/page"}],"author":[{"embeddable":true,"href":"https:\/\/pipe-project.eu\/de\/wp-json\/wp\/v2\/users\/2"}],"replies":[{"embeddable":true,"href":"https:\/\/pipe-project.eu\/de\/wp-json\/wp\/v2\/comments?post=1364"}],"version-history":[{"count":4,"href":"https:\/\/pipe-project.eu\/de\/wp-json\/wp\/v2\/pages\/1364\/revisions"}],"predecessor-version":[{"id":3052,"href":"https:\/\/pipe-project.eu\/de\/wp-json\/wp\/v2\/pages\/1364\/revisions\/3052"}],"wp:attachment":[{"href":"https:\/\/pipe-project.eu\/de\/wp-json\/wp\/v2\/media?parent=1364"}],"curies":[{"name":"wp","href":"https:\/\/api.w.org\/{rel}","templated":true}]}}