{"id":1281,"date":"2024-03-15T09:15:09","date_gmt":"2024-03-15T09:15:09","guid":{"rendered":"https:\/\/pipe-project.eu\/startseite\/"},"modified":"2026-03-17T09:09:42","modified_gmt":"2026-03-17T09:09:42","slug":"startseite","status":"publish","type":"page","link":"https:\/\/pipe-project.eu\/de\/","title":{"rendered":"Startseite"},"content":{"rendered":"\n<div class=\"wp-block-stackable-columns alignfull stk-block-columns stk-block stk-fbd072c stk-block-background stk--has-background-overlay\" data-block-id=\"fbd072c\"><style>.stk-fbd072c {background-color:#00000000 !important;background-image:url(https:\/\/pipe-project.eu\/wp-content\/uploads\/2024\/03\/PIPE_background-shadow-min-scaled.jpeg) !important;background-attachment:fixed !important;background-repeat:no-repeat !important;background-size:100% !important;padding-top:120px !important;padding-bottom:0px !important;margin-bottom:0px !important;overflow:visible !important;}.stk-fbd072c:before{background-color:#00000000 !important;opacity:0.5 !important;}.stk-fbd072c .stk-container{overflow:visible !important;}@media screen and (max-width:999px){.stk-fbd072c {padding-top:80px !important;}}<\/style><div class=\"stk-row stk-inner-blocks stk-block-content stk-content-align stk-fbd072c-column\">\n<div class=\"wp-block-stackable-column stk-block-column stk-column stk-block stk-c2cce21\" data-v=\"4\" data-block-id=\"c2cce21\"><style>.stk-c2cce21-container{margin-top:0px !important;margin-right:0px !important;margin-bottom:0px !important;margin-left:0px !important;}<\/style><div class=\"stk-column-wrapper stk-block-column__content stk-container stk-c2cce21-container stk--no-background stk--no-padding\"><div class=\"stk-block-content stk-inner-blocks stk-c2cce21-inner-blocks\">\n<div class=\"wp-block-stackable-spacer stk-block-spacer stk--no-padding stk-block stk-4d2d242\" data-block-id=\"4d2d242\"><style>.stk-4d2d242 {height:50px !important;}@media screen and (max-width:999px){.stk-4d2d242 {height:80px !important;}}<\/style><\/div>\n\n\n\n<div class=\"columna-social\"><div class=\"social-icons\"><a href=\"https:\/\/www.facebook.com\/people\/PIPE-Project\/61559090100956\/\" target=\"_blank\" class=\"social-icon\" rel=\"noopener\"><img decoding=\"async\" src=\"https:\/\/upload.wikimedia.org\/wikipedia\/commons\/5\/51\/Facebook_f_logo_%282019%29.svg\" alt=\"Facebook\"\/><\/a><a href=\"https:\/\/www.linkedin.com\/company\/pipe-project\/\" target=\"_blank\" class=\"social-icon\" rel=\"noopener\"><img decoding=\"async\" src=\"https:\/\/upload.wikimedia.org\/wikipedia\/commons\/c\/ca\/LinkedIn_logo_initials.png\" alt=\"LinkedIn\"\/><\/a><\/div><\/div><style>.columna-social {\n    position: relative;\n    padding-right: 20px;\n}\n\n.social-icons {\n    position: absolute;\n    top: 50%;\n    right: -160px; \/* Ajusta los botones para que sobresalgan del borde derecho *\/\n    transform: translateY(-50%);\n    display: flex;\n    flex-direction: column;\n    align-items: flex-end;\n    background-color: rgba(200, 200, 200, 0.8);\n    padding: 10px;\n    border-radius: 20px; \/* Ajusta la redondez del fondo *\/\n}\n\n.social-icon {\n    margin-bottom: 10px;\n}\n\n.social-icon img {\n    width: 40px;\n    height: auto;\n}\n\n@media (max-width:690px) {\n    .social-icons {\n        position: static;\n        flex-direction: row;\n        align-items: center;\n        margin-top: 10px;\n        background-color: transparent;\n        padding: 0;\n        border-radius: 0;\n    }\n}\n<\/style>\n\n\n\n<div class=\"wp-block-stackable-columns stk-block-columns stk-block stk-ca064eb\" data-block-id=\"ca064eb\"><style>.stk-ca064eb {margin-bottom:0px !important;}.stk-ca064eb-column{--stk-column-gap:200px !important;row-gap:30px !important;}<\/style><div class=\"stk-row stk-inner-blocks stk-block-content stk-content-align stk-ca064eb-column\">\n<div class=\"wp-block-stackable-column stk-block-column stk-column stk-block stk-020db6d\" data-v=\"4\" data-block-id=\"020db6d\"><style>.stk-020db6d-container{margin-top:0px !important;margin-right:0px !important;margin-bottom:0px !important;margin-left:0px !important;}@media screen and (min-width:690px){.stk-020db6d {flex:var(--stk-flex-grow, 1) 1 calc(100% - var(--stk-column-gap, 0px) * 0 \/ 1 ) !important;}}@media screen and (min-width:690px) and (max-width:999px){.stk-020db6d {flex:var(--stk-flex-grow, 1) 1 calc(100% - var(--stk-column-gap, 0px) * 0 \/ 1 ) !important;}}<\/style><div class=\"stk-column-wrapper stk-block-column__content stk-container stk-020db6d-container stk--no-background stk--no-padding\"><div class=\"stk-block-content stk-inner-blocks stk-020db6d-inner-blocks\">\n<div class=\"wp-block-stackable-heading stk-block-heading stk-block-heading--v2 stk-block stk-d88c479\" id=\"programme-of-inclusion-for-migrant-people-at-risk-of-social-exclusion\" data-block-id=\"d88c479\"><style>.stk-d88c479 .stk-block-heading__text{color:var(--theme-palette-color-8, #ffffff) !important;line-height:1.3em !important;}<\/style><h2 class=\"stk-block-heading__text has-text-color has-palette-color-8-color has-text-align-center-tablet\">Programm zur <span style=\"color: #1a62a8;\" class=\"stk-highlight\">Inklusion<\/span> von Migranten, die von sozialer Ausgrenzung bedroht sind<\/h2><\/div>\n<\/div><\/div><\/div>\n<\/div><\/div>\n\n\n\n<div class=\"wp-block-stackable-spacer stk-block-spacer stk--no-padding stk-block stk-7818bcd\" data-block-id=\"7818bcd\"><style>.stk-7818bcd {height:90px !important;}@media screen and (max-width:999px){.stk-7818bcd {height:80px !important;}}@media screen and (max-width:689px){.stk-7818bcd {height:60px !important;}}<\/style><\/div>\n<\/div><\/div><\/div>\n<\/div><\/div>\n\n\n\n<div class=\"wp-block-stackable-spacer stk-block-spacer stk--no-padding stk-block stk-d0a8269\" data-block-id=\"d0a8269\"><style>.stk-d0a8269 {height:100px !important;}@media screen and (max-width:999px){.stk-d0a8269 {height:100px !important;}}<\/style><\/div>\n\n\n\n<div class=\"wp-block-stackable-columns stk-block-columns stk-block stk-293854b\" data-block-id=\"293854b\"><style>.stk-293854b {margin-bottom:0px !important;}.stk-293854b-column{--stk-column-gap:90px !important;row-gap:50px !important;}<\/style><div class=\"stk-row stk-inner-blocks stk-block-content stk-content-align stk-293854b-column\">\n<div class=\"wp-block-stackable-column stk-block-column stk-column stk-block stk-c11d750\" data-v=\"4\" data-block-id=\"c11d750\"><style>.stk-c11d750-container{margin-top:0px !important;margin-right:0px !important;margin-bottom:0px !important;margin-left:0px !important;}@media screen and (min-width:690px){.stk-c11d750 {flex:var(--stk-flex-grow, 1) 1 calc(55% - var(--stk-column-gap, 0px) * 1 \/ 2 ) !important;}}@media screen and (min-width:690px) and (max-width:999px){.stk-c11d750 {flex:var(--stk-flex-grow, 1) 1 calc(100% - var(--stk-column-gap, 0px) * 0 \/ 1 ) !important;}}<\/style><div class=\"stk-column-wrapper stk-block-column__content stk-container stk-c11d750-container stk--no-background stk--no-padding\"><div class=\"stk-block-content stk-inner-blocks stk-c11d750-inner-blocks\">\n<div class=\"wp-block-stackable-image stk-block-image stk-block stk-72a3f00\" data-block-id=\"72a3f00\"><style>.stk-72a3f00 {box-shadow:60px 60px 0px -20px #f2f2f2ff !important;}@media screen and (max-width:999px){.stk-72a3f00 .stk-img-wrapper{height:500px !important;}}<\/style><figure><span class=\"stk-img-wrapper stk-image--shape-stretch\"><img loading=\"lazy\" decoding=\"async\" class=\"stk-img wp-image-1195\" src=\"https:\/\/pipe-project.eu\/wp-content\/uploads\/2024\/05\/4-resize.png\" width=\"1600\" height=\"900\" srcset=\"https:\/\/pipe-project.eu\/wp-content\/uploads\/2024\/05\/4-resize.png 1600w, https:\/\/pipe-project.eu\/wp-content\/uploads\/2024\/05\/4-resize-300x169.png 300w, https:\/\/pipe-project.eu\/wp-content\/uploads\/2024\/05\/4-resize-1024x576.png 1024w, https:\/\/pipe-project.eu\/wp-content\/uploads\/2024\/05\/4-resize-768x432.png 768w, https:\/\/pipe-project.eu\/wp-content\/uploads\/2024\/05\/4-resize-1536x864.png 1536w\" sizes=\"auto, (max-width: 1600px) 100vw, 1600px\" \/><\/span><\/figure><\/div>\n<\/div><\/div><\/div>\n\n\n\n<div class=\"wp-block-stackable-column stk-block-column stk-column stk-block stk-2264616\" data-v=\"4\" data-block-id=\"2264616\"><style>.stk-2264616-container{margin-top:0px !important;margin-right:0px !important;margin-bottom:0px !important;margin-left:0px !important;}@media screen and (min-width:690px){.stk-2264616 {flex:var(--stk-flex-grow, 1) 1 calc(45% - var(--stk-column-gap, 0px) * 1 \/ 2 ) !important;}}@media screen and (min-width:690px) and (max-width:999px){.stk-2264616 {flex:var(--stk-flex-grow, 1) 1 calc(100% - var(--stk-column-gap, 0px) * 0 \/ 1 ) !important;}}<\/style><div class=\"stk-column-wrapper stk-block-column__content stk-container stk-2264616-container stk--no-background stk--no-padding\"><div class=\"stk-block-content stk-inner-blocks stk-2264616-inner-blocks\">\n<div class=\"wp-block-stackable-spacer stk-block-spacer stk--no-padding stk-block stk-475b290\" data-block-id=\"475b290\"><style>.stk-475b290 {height:0px !important;}@media screen and (max-width:999px){.stk-475b290 {height:80px !important;}}@media screen and (max-width:689px){.stk-475b290 {height:60px !important;}}<\/style><\/div>\n\n\n\n<div class=\"wp-block-stackable-heading stk-block-heading stk-block-heading--v2 stk-block stk-a353d24\" id=\"about-us\" data-block-id=\"a353d24\"><style>.stk-a353d24 {margin-bottom:3px !important;}.stk-a353d24 .stk-block-heading__text{font-size:40px !important;}@media screen and (max-width:999px){.stk-a353d24 .stk-block-heading__text{font-size:30px !important;}}<\/style><h2 class=\"stk-block-heading__text has-text-align-center-tablet\">\u00dcber uns<\/h2><\/div>\n\n\n\n<div class=\"wp-block-stackable-text stk-block-text stk-block stk-1ae1959\" data-block-id=\"1ae1959\"><p class=\"stk-block-text__text has-text-align-justify has-text-align-center-tablet\">PIPE (Programme of Inclusion for Migrant People at Risk of Social Exclusion) zielt darauf ab, ein transnationales Kooperationsnetzwerk zu konzipieren, umzusetzen und zu f\u00f6rdern, das sich uf die Verbesserung der F\u00e4higkeiten und Kompetenzen von Migranten konzentriert. Durch die ereitstellung gezielter Bildungs- und Ausbildungsm\u00f6glichkeiten will PIPE Zuwanderer, l\u00fcchtlinge und Asylbewerber st\u00e4rken und ihre Integration in die Aufnahmel\u00e4nder f\u00f6rdern, w\u00e4hrend gleichzeitig gesellschaftliche, technologische und wirtschaftliche Herausforderungen bew\u00e4ltigt werden. Durch diese Initiative versucht PIPE, Br\u00fccken zwischen verschiedenen Gemeinschaften zu bauen und gegenseitiges Verst\u00e4ndnis, Integration und sozialen Zusammenhalt zu f\u00f6rdern.<\/p><\/div>\n<\/div><\/div><\/div>\n<\/div><\/div>\n\n\n\n<div class=\"wp-block-columns is-layout-flex wp-container-core-columns-is-layout-28f84493 wp-block-columns-is-layout-flex\">\n<div class=\"wp-block-column is-layout-flow wp-block-column-is-layout-flow\" style=\"flex-basis:100%\"><\/div>\n<\/div>\n\n\n\n<div class=\"wp-block-buttons is-layout-flex wp-block-buttons-is-layout-flex\">\n<div class=\"wp-block-button\"><a class=\"wp-block-button__link wp-element-button\" href=\"https:\/\/pipe-platform.eu\/de\/home-de\/\"><strong>TOOLBOX F\u00dcR PROFESSIONELLE<\/strong><\/a><\/div>\n\n\n\n<div class=\"wp-block-button\"><a class=\"wp-block-button__link wp-element-button\" href=\"https:\/\/learning.pipe-project.eu\/\">TRAININGSPROGRAMME F\u00dcR MIGRANTEN<\/a><\/div>\n\n\n\n<div class=\"wp-block-button\"><a class=\"wp-block-button__link wp-element-button\">APP F\u00dcR MIGRANTEN<\/a><\/div>\n<\/div>\n\n\n\n<div class=\"wp-block-stackable-columns stk-block-columns stk-block stk-99ac8c5\" data-block-id=\"99ac8c5\"><div class=\"stk-row stk-inner-blocks stk-block-content stk-content-align stk-99ac8c5-column\">\n<div class=\"wp-block-stackable-column stk-block-column stk-column stk-block stk-4233c2e\" data-v=\"4\" data-block-id=\"4233c2e\"><div class=\"stk-column-wrapper stk-block-column__content stk-container stk-4233c2e-container stk--no-background stk--no-padding\"><div class=\"stk-block-content stk-inner-blocks stk-4233c2e-inner-blocks\">\n            <div \n                class=\"elfsight-widget-pdf-embed elfsight-widget\" \n                data-elfsight-pdf-embed-options=\"%7B%22files%22%3A%5B%7B%22link%22%3A%22https%3A%5C%2F%5C%2Fpipe-project.eu%5C%2Fwp-content%5C%2Fuploads%5C%2F2026%5C%2F03%5C%2FPIPE-Newsletter-3_DE.pdf%22%2C%22name%22%3A%22Newsletter%203%20Germany%22%2C%22previewImage%22%3Anull%7D%5D%2C%22widgetTitle%22%3A%22Docs%20to%20download%22%2C%22layout%22%3A%22viewer%22%2C%22showIcon%22%3Atrue%2C%22icon%22%3A%22icon-1%22%2C%22previewImageSize%22%3A30%2C%22showDownloadLink%22%3Atrue%2C%22downloadLinkText%22%3A%22Download%22%2C%22width%22%3A800%2C%22heightFactor%22%3A1.41%2C%22iconColor%22%3A%22rgb%28222%2C%2043%2C%2051%29%22%2C%22nameColor%22%3A%22rgb%2817%2C%2017%2C%2017%29%22%2C%22downloadColor%22%3A%22rgb%2828%2C%20145%2C%20255%29%22%2C%22backgroundColor%22%3Anull%2C%22fileBackgroundColor%22%3Anull%2C%22widgetTitleColor%22%3A%22rgb%2817%2C%2017%2C%2017%29%22%2C%22nameFontSize%22%3A15%2C%22downloadFontSize%22%3A13%2C%22widgetTitleFontSize%22%3A20%2C%22widgetId%22%3A%2235%22%7D\" \n                data-elfsight-pdf-embed-version=\"1.1.1\"\n                data-elfsight-widget-id=\"elfsight-pdf-embed-35\">\n            <\/div>\n            \n\n\n\n            <div \n                class=\"elfsight-widget-pdf-embed elfsight-widget\" \n                data-elfsight-pdf-embed-options=\"%7B%22files%22%3A%5B%7B%22link%22%3A%22https%3A%5C%2F%5C%2Fpipe-project.eu%5C%2Fwp-content%5C%2Fuploads%5C%2F2025%5C%2F03%5C%2FPIPE-Projekt-Newsletter-1-DE.pdf%22%2C%22name%22%3A%22Projekt%20Newsletter%201%22%2C%22previewImage%22%3Anull%7D%5D%2C%22widgetTitle%22%3A%22%22%2C%22layout%22%3A%22viewer%22%2C%22showIcon%22%3Atrue%2C%22icon%22%3A%22icon-1%22%2C%22previewImageSize%22%3A30%2C%22showDownloadLink%22%3Atrue%2C%22downloadLinkText%22%3A%22Download%22%2C%22width%22%3A800%2C%22heightFactor%22%3A1.41%2C%22iconColor%22%3A%22rgb%28222%2C%2043%2C%2051%29%22%2C%22nameColor%22%3A%22rgb%2817%2C%2017%2C%2017%29%22%2C%22downloadColor%22%3A%22rgb%2828%2C%20145%2C%20255%29%22%2C%22backgroundColor%22%3Anull%2C%22fileBackgroundColor%22%3Anull%2C%22widgetTitleColor%22%3A%22rgb%2817%2C%2017%2C%2017%29%22%2C%22nameFontSize%22%3A15%2C%22downloadFontSize%22%3A13%2C%22widgetTitleFontSize%22%3A20%2C%22widgetId%22%3A%2216%22%7D\" \n                data-elfsight-pdf-embed-version=\"1.1.1\"\n                data-elfsight-widget-id=\"elfsight-pdf-embed-16\">\n            <\/div>\n            \n<\/div><\/div><\/div>\n\n\n\n<div class=\"wp-block-stackable-column stk-block-column stk-column stk-block stk-cb6a4e9\" data-v=\"4\" data-block-id=\"cb6a4e9\"><div class=\"stk-column-wrapper stk-block-column__content stk-container stk-cb6a4e9-container stk--no-background stk--no-padding\"><div class=\"stk-block-content stk-inner-blocks stk-cb6a4e9-inner-blocks\">\n            <div \n                class=\"elfsight-widget-pdf-embed elfsight-widget\" \n                data-elfsight-pdf-embed-options=\"%7B%22files%22%3A%5B%7B%22link%22%3A%22https%3A%5C%2F%5C%2Fpipe-project.eu%5C%2Fwp-content%5C%2Fuploads%5C%2F2025%5C%2F07%5C%2FPIPE-Newsletter-2_DL_compressed.pdf%22%2C%22name%22%3A%22Projekt-Newsletter%202%22%2C%22previewImage%22%3Anull%7D%5D%2C%22widgetTitle%22%3A%22Docs%20to%20download%22%2C%22layout%22%3A%22viewer%22%2C%22showIcon%22%3Atrue%2C%22icon%22%3A%22icon-1%22%2C%22previewImageSize%22%3A30%2C%22showDownloadLink%22%3Atrue%2C%22downloadLinkText%22%3A%22Download%22%2C%22width%22%3A800%2C%22heightFactor%22%3A1.41%2C%22iconColor%22%3A%22rgb%28222%2C%2043%2C%2051%29%22%2C%22nameColor%22%3A%22rgb%2817%2C%2017%2C%2017%29%22%2C%22downloadColor%22%3A%22rgb%2828%2C%20145%2C%20255%29%22%2C%22backgroundColor%22%3Anull%2C%22fileBackgroundColor%22%3Anull%2C%22widgetTitleColor%22%3A%22rgb%2817%2C%2017%2C%2017%29%22%2C%22nameFontSize%22%3A15%2C%22downloadFontSize%22%3A13%2C%22widgetTitleFontSize%22%3A20%2C%22widgetId%22%3A%2229%22%7D\" \n                data-elfsight-pdf-embed-version=\"1.1.1\"\n                data-elfsight-widget-id=\"elfsight-pdf-embed-29\">\n            <\/div>\n            \n\n\n\n            <div \n                class=\"elfsight-widget-pdf-embed elfsight-widget\" \n                data-elfsight-pdf-embed-options=\"%7B%22files%22%3A%5B%7B%22link%22%3A%22https%3A%5C%2F%5C%2Fpipe-project.eu%5C%2Fwp-content%5C%2Fuploads%5C%2F2025%5C%2F03%5C%2FBroschure-Deutsch.pdf%22%2C%22name%22%3A%22Brosch%5Cu00fcre%22%2C%22previewImage%22%3Anull%7D%5D%2C%22widgetTitle%22%3A%22%22%2C%22layout%22%3A%22viewer%22%2C%22showIcon%22%3Atrue%2C%22icon%22%3A%22icon-1%22%2C%22previewImageSize%22%3A30%2C%22showDownloadLink%22%3Atrue%2C%22downloadLinkText%22%3A%22Download%22%2C%22width%22%3A800%2C%22heightFactor%22%3A1.41%2C%22iconColor%22%3A%22rgb%28222%2C%2043%2C%2051%29%22%2C%22nameColor%22%3A%22rgb%2817%2C%2017%2C%2017%29%22%2C%22downloadColor%22%3A%22rgb%2828%2C%20145%2C%20255%29%22%2C%22backgroundColor%22%3Anull%2C%22fileBackgroundColor%22%3Anull%2C%22widgetTitleColor%22%3A%22rgb%2817%2C%2017%2C%2017%29%22%2C%22nameFontSize%22%3A15%2C%22downloadFontSize%22%3A13%2C%22widgetTitleFontSize%22%3A20%2C%22widgetId%22%3A%2215%22%7D\" \n                data-elfsight-pdf-embed-version=\"1.1.1\"\n                data-elfsight-widget-id=\"elfsight-pdf-embed-15\">\n            <\/div>\n            \n<\/div><\/div><\/div>\n<\/div><\/div>\n","protected":false},"excerpt":{"rendered":"<p>Programm zur Inklusion von Migranten, die von sozialer Ausgrenzung bedroht sind \u00dcber uns PIPE (Programme of Inclusion for Migrant People at Risk of Social Exclusion) zielt darauf ab, ein transnationales Kooperationsnetzwerk zu konzipieren, umzusetzen und zu f\u00f6rdern, das sich uf die Verbesserung der F\u00e4higkeiten und Kompetenzen von Migranten konzentriert. Durch die ereitstellung gezielter Bildungs- und [&hellip;]<\/p>\n","protected":false},"author":1,"featured_media":0,"parent":0,"menu_order":0,"comment_status":"closed","ping_status":"closed","template":"","meta":{"footnotes":""},"class_list":["post-1281","page","type-page","status-publish","hentry"],"blocksy_meta":{"styles_descriptor":{"styles":{"desktop":"[data-prefix=\"single_page\"] {background-color:#ffffff;background-image:none;}","tablet":"","mobile":""},"google_fonts":[],"version":6},"page_title_panel":"","has_hero_section":"disabled","49a7dbc8efd2a3917e2b33d1b9699341":"","hero_section":"type-1","hero_elements":[{"id":"custom_title","enabled":true,"heading_tag":"h1","title":"Home"},{"id":"custom_description","enabled":true,"description_visibility":{"desktop":true,"tablet":true,"mobile":false}},{"id":"custom_meta","enabled":false,"meta_elements":[{"id":"author","enabled":true,"label":"By","has_author_avatar":"yes","avatar_size":25},{"id":"post_date","enabled":true,"label":"On","date_format_source":"default","date_format":"M j, Y"},{"id":"updated_date","enabled":false,"label":"On","date_format_source":"default","date_format":"M j, Y"},{"id":"categories","enabled":false,"label":"In","style":"simple"},{"id":"comments","enabled":true}],"page_meta_elements":{"joined":true,"articles_count":true,"comments":true}},{"id":"breadcrumbs","enabled":false}],"f78826450ef38494cb964b4c736124d4":"","hero_alignment1":"CT_CSS_SKIP_RULE","hero_margin":40,"hero_alignment2":"center","hero_vertical_alignment":"center","bb667e7bc23af5c88d0a78cc434a7d5a":"","hero_structure":"narrow","33e2311f7424fec7ecd0bcd73c157320":"","page_title_bg_type":"featured_image","custom_hero_background":{"attachment_id":null},"page_title_image_size":"full","parallax":{"desktop":false,"tablet":false,"mobile":false},"c09ad6009593c3753541875c3388d6ca":"","hero_height":"250px","pageTitleFont":{"family":"Default","variation":"Default","size":"30px","line-height":"CT_CSS_SKIP_RULE","letter-spacing":"CT_CSS_SKIP_RULE","text-transform":"CT_CSS_SKIP_RULE","text-decoration":"CT_CSS_SKIP_RULE"},"pageTitleFontColor":{"default":{"color":"CT_CSS_SKIP_RULEDEFAULT"}},"pageMetaFont":{"family":"Default","variation":"n6","size":"12px","line-height":"1.3","letter-spacing":"CT_CSS_SKIP_RULE","text-transform":"uppercase","text-decoration":"CT_CSS_SKIP_RULE"},"pageMetaFontColor":{"default":{"color":"CT_CSS_SKIP_RULEDEFAULT"},"hover":{"color":"CT_CSS_SKIP_RULEDEFAULT"}},"page_meta_button_type_font_colors":{"default":{"color":"CT_CSS_SKIP_RULEDEFAULT"},"hover":{"color":"CT_CSS_SKIP_RULEDEFAULT"}},"page_meta_button_type_background_colors":{"default":{"color":"CT_CSS_SKIP_RULEDEFAULT"},"hover":{"color":"CT_CSS_SKIP_RULEDEFAULT"}},"pageExcerptFont":{"family":"Default","variation":"Default","size":"CT_CSS_SKIP_RULE","line-height":"CT_CSS_SKIP_RULE","letter-spacing":"CT_CSS_SKIP_RULE","text-transform":"CT_CSS_SKIP_RULE","text-decoration":"CT_CSS_SKIP_RULE"},"pageExcerptColor":{"default":{"color":"CT_CSS_SKIP_RULEDEFAULT"}},"breadcrumbsFont":{"family":"Default","variation":"Default","size":"CT_CSS_SKIP_RULE","line-height":"CT_CSS_SKIP_RULE","letter-spacing":"CT_CSS_SKIP_RULE","text-transform":"CT_CSS_SKIP_RULE","text-decoration":"CT_CSS_SKIP_RULE"},"breadcrumbsFontColor":{"default":{"color":"CT_CSS_SKIP_RULEDEFAULT"},"initial":{"color":"CT_CSS_SKIP_RULEDEFAULT"},"hover":{"color":"CT_CSS_SKIP_RULEDEFAULT"}},"pageTitleOverlay":{"background_type":"color","background_pattern":"type-1","background_image":{"attachment_id":null,"x":0,"y":0},"gradient":"linear-gradient(135deg,rgba(6,147,227,1) 0%,rgb(155,81,224) 100%)","background_repeat":"repeat","background_size":"auto","background_attachment":"scroll","patternColor":{"default":{"color":"#e5e7ea"}},"overlayColor":{"default":{"color":"CT_CSS_SKIP_RULE"}},"backgroundColor":{"default":{"color":"CT_CSS_SKIP_RULE"}}},"pageTitleBackground":{"background_type":"color","background_pattern":"type-1","background_image":{"attachment_id":null,"x":0,"y":0},"gradient":"linear-gradient(135deg,rgba(6,147,227,1) 0%,rgb(155,81,224) 100%)","background_repeat":"repeat","background_size":"auto","background_attachment":"scroll","patternColor":{"default":{"color":"#e5e7ea"}},"overlayColor":{"default":{"color":"CT_CSS_SKIP_RULE"}},"backgroundColor":{"default":{"color":"var(--theme-palette-color-6)"}}},"pageTitlePadding":{"top":"50px","bottom":"50px","left":"auto","right":"auto","linked":true},"9da2312fd12af112468f1a557cd080d0":"","page_structure_type":"default","7fa16ca0aa309da681a7ba94ee19170e":"","content_style_source":"inherit","content_style":"wide","vertical_spacing_source":"custom","content_area_spacing":"none","background":{"desktop":{"background_type":"color","background_pattern":"type-1","background_image":{"attachment_id":null,"x":0,"y":0},"gradient":"linear-gradient(135deg,rgba(6,147,227,1) 0%,rgb(155,81,224) 100%)","background_repeat":"repeat","background_size":"auto","background_attachment":"scroll","patternColor":{"default":{"color":"#e5e7ea"}},"overlayColor":{"default":{"color":"CT_CSS_SKIP_RULE"}},"backgroundColor":{"default":{"color":"#ffffff"}}},"tablet":{"background_type":"color","background_pattern":"type-1","background_image":{"attachment_id":null,"x":0,"y":0},"gradient":"linear-gradient(135deg,rgba(6,147,227,1) 0%,rgb(155,81,224) 100%)","background_repeat":"repeat","background_size":"auto","background_attachment":"scroll","patternColor":{"default":{"color":"#e5e7ea"}},"overlayColor":{"default":{"color":"CT_CSS_SKIP_RULE"}},"backgroundColor":{"default":{"color":"#ffffff"}}},"mobile":{"background_type":"color","background_pattern":"type-1","background_image":{"attachment_id":null,"x":0,"y":0},"gradient":"linear-gradient(135deg,rgba(6,147,227,1) 0%,rgb(155,81,224) 100%)","background_repeat":"repeat","background_size":"auto","background_attachment":"scroll","patternColor":{"default":{"color":"#e5e7ea"}},"overlayColor":{"default":{"color":"CT_CSS_SKIP_RULE"}},"backgroundColor":{"default":{"color":"#ffffff"}}}},"content_background":{"background_type":"color","background_pattern":"type-1","background_image":{"attachment_id":null,"x":0,"y":0},"gradient":"linear-gradient(135deg,rgba(6,147,227,1) 0%,rgb(155,81,224) 100%)","background_repeat":"repeat","background_size":"auto","background_attachment":"scroll","patternColor":{"default":{"color":"#e5e7ea"}},"overlayColor":{"default":{"color":"CT_CSS_SKIP_RULE"}},"backgroundColor":{"default":{"color":"var(--theme-palette-color-8)"}}},"content_boxed_shadow":{"inherit":false,"blur":18,"spread":-6,"v_offset":12,"h_offset":0,"inset":false,"enable":true,"color":{"color":"rgba(34, 56, 101, 0.04)"}},"content_boxed_border":{"width":1,"style":"none","color":{"color":"rgba(44,62,80,0.2)"}},"content_boxed_radius":{"top":"3px","bottom":"3px","left":"3px","right":"3px","linked":true},"boxed_content_spacing":{"desktop":{"top":"40px","bottom":"40px","left":"40px","right":"40px","linked":true},"tablet":{"top":"35px","bottom":"35px","left":"35px","right":"35px","linked":true},"mobile":{"top":"20px","bottom":"20px","left":"20px","right":"20px","linked":true}},"515c77a2e34539af1e7f4d7adaceb756":"","disable_featured_image":"no","disable_share_box":"no","disable_header":"no","disable_footer":"no"},"_links":{"self":[{"href":"https:\/\/pipe-project.eu\/de\/wp-json\/wp\/v2\/pages\/1281","targetHints":{"allow":["GET"]}}],"collection":[{"href":"https:\/\/pipe-project.eu\/de\/wp-json\/wp\/v2\/pages"}],"about":[{"href":"https:\/\/pipe-project.eu\/de\/wp-json\/wp\/v2\/types\/page"}],"author":[{"embeddable":true,"href":"https:\/\/pipe-project.eu\/de\/wp-json\/wp\/v2\/users\/1"}],"replies":[{"embeddable":true,"href":"https:\/\/pipe-project.eu\/de\/wp-json\/wp\/v2\/comments?post=1281"}],"version-history":[{"count":8,"href":"https:\/\/pipe-project.eu\/de\/wp-json\/wp\/v2\/pages\/1281\/revisions"}],"predecessor-version":[{"id":3449,"href":"https:\/\/pipe-project.eu\/de\/wp-json\/wp\/v2\/pages\/1281\/revisions\/3449"}],"wp:attachment":[{"href":"https:\/\/pipe-project.eu\/de\/wp-json\/wp\/v2\/media?parent=1281"}],"curies":[{"name":"wp","href":"https:\/\/api.w.org\/{rel}","templated":true}]}}