{"id":2595,"date":"2025-03-25T12:24:04","date_gmt":"2025-03-25T12:24:04","guid":{"rendered":"https:\/\/pipe-project.eu\/wp4-2\/"},"modified":"2025-08-28T11:24:55","modified_gmt":"2025-08-28T11:24:55","slug":"wp4-2","status":"publish","type":"page","link":"https:\/\/pipe-project.eu\/da\/wp4-2\/","title":{"rendered":"WP4"},"content":{"rendered":"\n<div class=\"wp-block-stackable-columns alignfull stk-block-columns stk-block stk-28f92e1 stk-block-background stk--has-background-overlay\" data-block-id=\"28f92e1\"><style>.stk-28f92e1 {background-image:url(https:\/\/pipe-project.eu\/wp-content\/uploads\/2024\/05\/PIPE_background-resize-scaled.jpg) !important;padding-top:120px !important;padding-bottom:160px !important;}<\/style><div class=\"stk-row stk-inner-blocks stk-block-content stk-content-align stk-28f92e1-column alignfull\">\n<div class=\"wp-block-stackable-column stk-block-column stk-column stk-block stk-0decec5\" data-v=\"4\" data-block-id=\"0decec5\"><div class=\"stk-column-wrapper stk-block-column__content stk-container stk-0decec5-container stk--no-background stk--no-padding\"><div class=\"stk-block-content stk-inner-blocks stk-0decec5-inner-blocks\">\n<div class=\"wp-block-stackable-heading stk-block-heading stk-block-heading--v2 stk-block stk-e73c1e4\" id=\"work-package-4-resources-guide-for-migrants\" data-block-id=\"e73c1e4\"><style>.stk-e73c1e4 .stk-block-heading__text{font-size:50px !important;color:var(--theme-palette-color-8, #ffffff) !important;}@media screen and (max-width:999px){.stk-e73c1e4 .stk-block-heading__text{font-size:50px !important;}}<\/style><h2 class=\"stk-block-heading__text has-text-color has-text-align-center\">Arbejdspakke 4: Ressourcevejledning til migranter<\/h2><\/div>\n<\/div><\/div><\/div>\n<\/div><\/div>\n\n<div class=\"wp-block-stackable-heading stk-block-heading stk-block-heading--v2 stk-block stk-52a10ca\" id=\"leading-partners-aau-and-irmi\" data-block-id=\"52a10ca\"><h3 class=\"stk-block-heading__text has-text-align-center\">Ledende partnere: AAU og IRMI<\/h3><\/div>\n\n<p>At samle alle nationale mekanismer, der tilbyder hj\u00e6lp og bistand af forskellig art til migranter, flygtninge og asylans\u00f8gere. At anvende gamification, at skabe en rute med ressourcer, steder at g\u00e5 til i Spanien, Italien, Gr\u00e6kenland, Tyskland og Danmark og den type assistance, som migranten kan have brug for p\u00e5 ethvert givet tidspunkt.<\/p>\n\n<p>At arbejde hen imod inklusion af etablerede migranter og sikre, at de i fremtiden indg\u00e5r i modtageoperationen.<\/p>\n\n<p>At tilbyde migranter en f\u00f8lelse af sikkerhed og n\u00e6rhed, som nogen kan tale til dem p\u00e5 et sprog, de kender bedre end destinationssproget.<\/p>\n\n<div class=\"wp-block-stackable-divider stk-block-divider stk-block stk-04e35cb\" data-block-id=\"04e35cb\"><hr class=\"stk-block-divider__hr\"\/><\/div>\n\n<div class=\"wp-block-stackable-heading stk-block-heading stk-block-heading--v2 stk-block stk-53da838\" id=\"national-report-on-desk-research\" data-block-id=\"53da838\"><h4 class=\"stk-block-heading__text has-text-align-center\">National rapport om desk research<\/h4><\/div>\n\n<p>Denne rapport har til form\u00e5l at give en omfattende forst\u00e5else af de behov, udfordringer og muligheder, som migranter, flygtninge og asylans\u00f8gere st\u00e5r over for i Spanien, Gr\u00e6kenland, Tyskland, Italien og Danmark. At arbejde hen imod inklusion af etablerede migranter og sikre, at de i fremtiden indg\u00e5r i modtageoperationen. At give migranterne en f\u00f8lelse af tryghed og n\u00e6rhed ved, at nogen kan tale til dem p\u00e5 et sprog, de kender bedre end sproget p\u00e5 deres destination. <\/p>\n\n<p>Forskningen blev udf\u00f8rt ved hj\u00e6lp af en desk research-metode, der baserede sig p\u00e5 sekund\u00e6re datakilder som nationale rapporter, statistiske data, akademiske artikler, NGO-casestudier, rapporter fra internationale organisationer og mediepublikationer. Tilgangen kombinerede kvalitativ og kvantitativ dataanalyse for at udforske migranters behov, udfordringer og muligheder. De vigtigste metoder omfattede litteraturgennemgang, politisk analyse og statistiske evalueringer.  <\/p>\n\n<div data-wp-interactive=\"core\/file\" class=\"wp-block-file\"><object data-wp-bind--hidden=\"!state.hasPdfPreview\" hidden class=\"wp-block-file__embed\" data=\"https:\/\/pipe-project.eu\/wp-content\/uploads\/2025\/07\/D4.2_PIPE_National-Report-on-Desk-Research_EN_compressed-1.pdf\" type=\"application\/pdf\" style=\"width:100%;height:600px\" aria-label=\"Embed D4.2_PIPE_National Report on Desk Research_EN_compressed.\"><\/object><a id=\"wp-block-file--media-afb6caeb-3e9f-4951-9887-fc1f4e98d0e6\" href=\"https:\/\/pipe-project.eu\/wp-content\/uploads\/2025\/07\/D4.2_PIPE_National-Report-on-Desk-Research_EN_compressed-1.pdf\">D4.2_PIPE_National Report on Desk Research_EN_compressed<\/a><a href=\"https:\/\/pipe-project.eu\/wp-content\/uploads\/2025\/07\/D4.2_PIPE_National-Report-on-Desk-Research_EN_compressed-1.pdf\" class=\"wp-block-file__button wp-element-button\" download=\"\" aria-describedby=\"wp-block-file--media-afb6caeb-3e9f-4951-9887-fc1f4e98d0e6\">Download<\/a><\/div>\n\n<div class=\"wp-block-stackable-divider stk-block-divider stk-block stk-136eb00\" data-block-id=\"136eb00\"><hr class=\"stk-block-divider__hr\"\/><\/div>\n\n<div class=\"wp-block-stackable-heading stk-block-heading stk-block-heading--v2 stk-block stk-133b673\" id=\"process-for-first-refugee-action-plan\" data-block-id=\"133b673\"><h4 class=\"stk-block-heading__text has-text-align-center\">Proces for f\u00f8rste flygtningehandlingsplan<\/h4><\/div>\n\n<p> Den f\u00f8rste handlingsplan for flygtninge er en struktureret proces, der har til form\u00e5l at im\u00f8dekomme de behov, udfordringer og muligheder, som migrantbefolkningerne st\u00e5r over for i v\u00e6rtslandene. Dette initiativ bygger p\u00e5 den omfattende forskning, der blev udf\u00f8rt i D4.2, som unders\u00f8gte de socio\u00f8konomiske forhold, politiske rammer og st\u00f8ttemekanismer, der p\u00e5virker integrationen af flygtninge.  <\/p>\n\n<p>M\u00e5let med denne plan er at skabe en skr\u00e6ddersyet indsats, der muligg\u00f8r b\u00e6redygtig og inkluderende integration af flygtninge og asylans\u00f8gere p\u00e5 tv\u00e6rs af forskellige nationale kontekster. Dette dokument fungerer som en plan for udformning af handlingsplaner for flygtninge, der passer til specifikke landekontekster. Tilgangen l\u00e6gger v\u00e6gt p\u00e5 samarbejde mellem politiske beslutningstagere, civilsamfundsorganisationer og lokalsamfund for at sikre, at interventionerne er b\u00e5de effektive og b\u00e6redygtige. De vigtigste fokusomr\u00e5der omfatter adgang til uddannelse, besk\u00e6ftigelsesmuligheder, sundhedspleje og mekanismer til social inklusion.   <br\/><\/p>\n\n<div data-wp-interactive=\"core\/file\" class=\"wp-block-file\"><object data-wp-bind--hidden=\"!state.hasPdfPreview\" hidden class=\"wp-block-file__embed\" data=\"https:\/\/pipe-project.eu\/wp-content\/uploads\/2025\/07\/D4.3-Process-for-First-Refugee-Action-Plan_EN.pdf\" type=\"application\/pdf\" style=\"width:100%;height:600px\" aria-label=\"Embed D4.3- Process for First Refugee Action Plan_EN.\"><\/object><a id=\"wp-block-file--media-051afa29-8111-4b79-8eb3-04846b3ffb59\" href=\"https:\/\/pipe-project.eu\/wp-content\/uploads\/2025\/07\/D4.3-Process-for-First-Refugee-Action-Plan_EN.pdf\">D4.3- Process for First Refugee Action Plan_EN<\/a><a href=\"https:\/\/pipe-project.eu\/wp-content\/uploads\/2025\/07\/D4.3-Process-for-First-Refugee-Action-Plan_EN.pdf\" class=\"wp-block-file__button wp-element-button\" download=\"\" aria-describedby=\"wp-block-file--media-051afa29-8111-4b79-8eb3-04846b3ffb59\">Download<\/a><\/div>\n\n<div class=\"wp-block-stackable-divider stk-block-divider stk-block stk-737a646\" data-block-id=\"737a646\"><hr class=\"stk-block-divider__hr\"\/><\/div>\n\n<div class=\"wp-block-stackable-heading stk-block-heading stk-block-heading--v2 stk-block stk-beec08a\" id=\"use-of-gamification-for-the-implementation-of-the-action-plan\" data-block-id=\"beec08a\"><h4 class=\"stk-block-heading__text has-text-align-center\">Brug af gamification til implementering af handlingsplanen<\/h4><\/div>\n\n<p>Dokumentet unders\u00f8ger, hvordan gamification kan forbedre integrationen af migranter, flygtninge og asylans\u00f8gere gennem en mobilapp.<\/p>\n\n<p>Metoden til udvikling af gamification-strategien f\u00f8lger en tretrinsmodel:<\/p>\n\n<ul class=\"wp-block-list\">\n<li>Kortl\u00e6gning af eksisterende gamification-rammer og strategiske designmodeller.<\/li>\n\n\n\n<li>Tv\u00e6rfaglig integration af underst\u00f8ttende teorier (s\u00e5som voksenl\u00e6ringsteori, adf\u00e6rdsvidenskab og brugeroplevelsesdesign).<\/li>\n\n\n\n<li>Udvikling af den gamificerede ADDIE-strategi, en tilpasning af den traditionelle ADDIE-model for instruktionsdesign (analyse, design, udvikling, implementering, evaluering).<\/li>\n<\/ul>\n\n<div data-wp-interactive=\"core\/file\" class=\"wp-block-file\"><object data-wp-bind--hidden=\"!state.hasPdfPreview\" hidden class=\"wp-block-file__embed\" data=\"https:\/\/pipe-project.eu\/wp-content\/uploads\/2025\/08\/D4.4_Use-of-gamification-for-the-implementation-of-the-action-plan_EN_compressed.pdf\" type=\"application\/pdf\" style=\"width:100%;height:600px\" aria-label=\"Embed D4.4_Use of gamification for the implementation of the action plan_EN_compressed.\"><\/object><a id=\"wp-block-file--media-667e9d45-efa4-460e-bcb0-bc5c31377cec\" href=\"https:\/\/pipe-project.eu\/wp-content\/uploads\/2025\/08\/D4.4_Use-of-gamification-for-the-implementation-of-the-action-plan_EN_compressed.pdf\">D4.4_Use of gamification for the implementation of the action plan_EN_compressed<\/a><a href=\"https:\/\/pipe-project.eu\/wp-content\/uploads\/2025\/08\/D4.4_Use-of-gamification-for-the-implementation-of-the-action-plan_EN_compressed.pdf\" class=\"wp-block-file__button wp-element-button\" download=\"\" aria-describedby=\"wp-block-file--media-667e9d45-efa4-460e-bcb0-bc5c31377cec\">Download<\/a><\/div>\n","protected":false},"excerpt":{"rendered":"<p>Arbejdspakke 4: Ressourcevejledning til migranter Ledende partnere: AAU og IRMI At samle alle nationale mekanismer, der tilbyder hj\u00e6lp og bistand af forskellig art til migranter, flygtninge og asylans\u00f8gere. At anvende gamification, at skabe en rute med ressourcer, steder at g\u00e5 til i Spanien, Italien, Gr\u00e6kenland, Tyskland og Danmark og den type assistance, som migranten kan [&hellip;]<\/p>\n","protected":false},"author":1,"featured_media":0,"parent":0,"menu_order":0,"comment_status":"closed","ping_status":"closed","template":"","meta":{"footnotes":""},"class_list":["post-2595","page","type-page","status-publish","hentry"],"blocksy_meta":[],"_links":{"self":[{"href":"https:\/\/pipe-project.eu\/da\/wp-json\/wp\/v2\/pages\/2595","targetHints":{"allow":["GET"]}}],"collection":[{"href":"https:\/\/pipe-project.eu\/da\/wp-json\/wp\/v2\/pages"}],"about":[{"href":"https:\/\/pipe-project.eu\/da\/wp-json\/wp\/v2\/types\/page"}],"author":[{"embeddable":true,"href":"https:\/\/pipe-project.eu\/da\/wp-json\/wp\/v2\/users\/1"}],"replies":[{"embeddable":true,"href":"https:\/\/pipe-project.eu\/da\/wp-json\/wp\/v2\/comments?post=2595"}],"version-history":[{"count":5,"href":"https:\/\/pipe-project.eu\/da\/wp-json\/wp\/v2\/pages\/2595\/revisions"}],"predecessor-version":[{"id":3123,"href":"https:\/\/pipe-project.eu\/da\/wp-json\/wp\/v2\/pages\/2595\/revisions\/3123"}],"wp:attachment":[{"href":"https:\/\/pipe-project.eu\/da\/wp-json\/wp\/v2\/media?parent=2595"}],"curies":[{"name":"wp","href":"https:\/\/api.w.org\/{rel}","templated":true}]}}