{"id":2585,"date":"2025-03-25T12:23:31","date_gmt":"2025-03-25T12:23:31","guid":{"rendered":"https:\/\/pipe-project.eu\/wp2\/"},"modified":"2026-01-08T12:09:34","modified_gmt":"2026-01-08T12:09:34","slug":"wp2","status":"publish","type":"page","link":"https:\/\/pipe-project.eu\/da\/wp2\/","title":{"rendered":"WP2"},"content":{"rendered":"\n<div class=\"wp-block-stackable-columns alignfull stk-block-columns stk-block stk-e6d33b8 stk-block-background stk--has-background-overlay\" data-block-id=\"e6d33b8\"><style>.stk-e6d33b8 {background-image:url(https:\/\/pipe-project.eu\/wp-content\/uploads\/2024\/05\/PIPE_background-resize-scaled.jpg) !important;padding-top:120px !important;padding-bottom:160px !important;}<\/style><div class=\"stk-row stk-inner-blocks stk-block-content stk-content-align stk-e6d33b8-column\">\n<div class=\"wp-block-stackable-column stk-block-column stk-column stk-block stk-40c05ec\" data-v=\"4\" data-block-id=\"40c05ec\"><div class=\"stk-column-wrapper stk-block-column__content stk-container stk-40c05ec-container stk--no-background stk--no-padding\"><div class=\"stk-block-content stk-inner-blocks stk-40c05ec-inner-blocks\">\n<h2 class=\"wp-block-heading has-text-align-center has-x-large-font-size\"><span style=\"color: var(--theme-palette-color-8, #ffffff);\" class=\"stk-highlight\">Arbejdspakke 2: V\u00e6rkt\u00f8jskasse til professionelle<\/span><\/h2>\n<\/div><\/div><\/div>\n<\/div><\/div>\n\n<div class=\"wp-block-stackable-heading stk-block-heading stk-block-heading--v2 stk-block stk-9f62214\" id=\"leading-partner-universidad-de-la-laguna\" data-block-id=\"9f62214\"><h5 class=\"stk-block-heading__text\">Ledende partner: ULL<\/h5><\/div>\n\n<p>At oprette en Open ressource platform, der vil v\u00e6re nem at bruge og anvende, som vil d\u00e6kke forskellige perspektiver (sproglige, kulturelle og adf\u00e6rdsm\u00e6ssige), og overs\u00e6tte den til flere sprog.<\/p>\n\n<p>V\u00e6rkt\u00f8jskassen for fagfolk, der besk\u00e6ftiger sig med migranter, som vil omfatte:<\/p>\n\n<ul class=\"wp-block-list\">\n<li><a href=\"https:\/\/pipe-platform.eu\/da\/home-dk\/\" target=\"_blank\" rel=\"noreferrer noopener\">PIPE Platform<\/a><\/li>\n\n\n\n<li><a href=\"https:\/\/pipe-project.eu\/wp-content\/uploads\/2025\/07\/D2.3.-Guide-for-teaching-the-national-language-for-migrants_DK.pdf\" target=\"_blank\" rel=\"noreferrer noopener\">Vejledning i undervisning i det nationale sprog for migranter<\/a><\/li>\n\n\n\n<li><a href=\"https:\/\/pipe-project.eu\/wp-content\/uploads\/2025\/07\/D2.4-Guide-and-action-plan-for-cultural-training-for-professionals_DK.pdf\" target=\"_blank\" rel=\"noreferrer noopener\">Vejledning og handlingsplan for kulturel tr\u00e6ning af fagfolk<\/a><\/li>\n\n\n\n<li><a href=\"https:\/\/pipe-questionaire.vercel.app\/\" target=\"_blank\" rel=\"noreferrer noopener\">Strategisk modtagelsesplan for uddannelse i mangfoldighed i offentlige organer (Diagnostisk v\u00e6rkt\u00f8j integreret i den strategiske modtagelsesplan til at identificere institutionelle mangler i uddannelse om kulturel mangfoldighed og integration af migranter)<\/a><\/li>\n\n\n\n<li>Workshop for professionelle<\/li>\n\n\n\n<li>Samtaler<\/li>\n<\/ul>\n\n<p>At skabe et solidt netv\u00e6rk for deltagelse og deling af god praksis mellem europ\u00e6iske lande.<\/p>\n\n<p>At \u00f8ge bevidstheden om inklusion og mangfoldighed gennem uddannelse af administrationen, offentlige organer og frivillige<\/p>\n\n<p>Skabe en standardiseret ikke-formel uddannelsesvej for at l\u00e6re dem, der kommer i kontakt med migranter, bedre m\u00e5der at interagere, udvise empati og andre relevante aspekter af omgangen med dem.<\/p>\n","protected":false},"excerpt":{"rendered":"<p>Arbejdspakke 2: V\u00e6rkt\u00f8jskasse til professionelle Ledende partner: ULL At oprette en Open ressource platform, der vil v\u00e6re nem at bruge og anvende, som vil d\u00e6kke forskellige perspektiver (sproglige, kulturelle og adf\u00e6rdsm\u00e6ssige), og overs\u00e6tte den til flere sprog. V\u00e6rkt\u00f8jskassen for fagfolk, der besk\u00e6ftiger sig med migranter, som vil omfatte: At skabe et solidt netv\u00e6rk for deltagelse [&hellip;]<\/p>\n","protected":false},"author":1,"featured_media":0,"parent":0,"menu_order":0,"comment_status":"closed","ping_status":"closed","template":"","meta":{"footnotes":""},"class_list":["post-2585","page","type-page","status-publish","hentry"],"blocksy_meta":[],"_links":{"self":[{"href":"https:\/\/pipe-project.eu\/da\/wp-json\/wp\/v2\/pages\/2585","targetHints":{"allow":["GET"]}}],"collection":[{"href":"https:\/\/pipe-project.eu\/da\/wp-json\/wp\/v2\/pages"}],"about":[{"href":"https:\/\/pipe-project.eu\/da\/wp-json\/wp\/v2\/types\/page"}],"author":[{"embeddable":true,"href":"https:\/\/pipe-project.eu\/da\/wp-json\/wp\/v2\/users\/1"}],"replies":[{"embeddable":true,"href":"https:\/\/pipe-project.eu\/da\/wp-json\/wp\/v2\/comments?post=2585"}],"version-history":[{"count":11,"href":"https:\/\/pipe-project.eu\/da\/wp-json\/wp\/v2\/pages\/2585\/revisions"}],"predecessor-version":[{"id":3300,"href":"https:\/\/pipe-project.eu\/da\/wp-json\/wp\/v2\/pages\/2585\/revisions\/3300"}],"wp:attachment":[{"href":"https:\/\/pipe-project.eu\/da\/wp-json\/wp\/v2\/media?parent=2585"}],"curies":[{"name":"wp","href":"https:\/\/api.w.org\/{rel}","templated":true}]}}