{"id":2544,"date":"2025-03-25T09:36:17","date_gmt":"2025-03-25T09:36:17","guid":{"rendered":"https:\/\/pipe-project.eu\/vaerktoejskasse-til-professionelle\/"},"modified":"2026-01-08T12:11:52","modified_gmt":"2026-01-08T12:11:52","slug":"vaerktoejskasse-til-professionelle","status":"publish","type":"page","link":"https:\/\/pipe-project.eu\/da\/vaerktoejskasse-til-professionelle\/","title":{"rendered":"V\u00e6rkt\u00f8jskasse til professionelle"},"content":{"rendered":"\n<div class=\"wp-block-stackable-columns alignfull stk-block-columns stk-block stk-b19e7c9 stk-block-background stk--has-background-overlay\" data-block-id=\"b19e7c9\"><style>.stk-b19e7c9{background-color:#00000000 !important;background-image:url(https:\/\/pipe-project.eu\/wp-content\/uploads\/2024\/03\/PIPE_background-shadow-min-scaled.jpeg) !important;padding-top:120px !important;padding-bottom:160px !important;margin-bottom:0px !important}.stk-b19e7c9:before{background-color:#00000000 !important;opacity:0.8 !important}@media screen and (max-width:999px){.stk-b19e7c9{padding-top:80px !important;padding-bottom:80px !important}}<\/style><div class=\"stk-row stk-inner-blocks stk-block-content stk-content-align stk-b19e7c9-column\">\n<div class=\"wp-block-stackable-column stk-block-column stk-column stk-block stk-da68494\" data-v=\"4\" data-block-id=\"da68494\"><style>.stk-da68494-container{margin-top:0px !important;margin-right:0px !important;margin-bottom:0px !important;margin-left:0px !important}<\/style><div class=\"stk-column-wrapper stk-block-column__content stk-container stk-da68494-container stk--no-background stk--no-padding\"><div class=\"stk-block-content stk-inner-blocks stk-da68494-inner-blocks\">\n<div class=\"wp-block-stackable-columns stk-block-columns stk-block stk-293854b\" data-block-id=\"293854b\"><style>.stk-293854b{margin-bottom:0px !important}.stk-293854b-column{--stk-column-gap:90px !important;row-gap:90px !important}<\/style><div class=\"stk-row stk-inner-blocks stk-block-content stk-content-align stk-293854b-column\">\n<div class=\"wp-block-stackable-column stk-block-column stk-column stk-block stk-2264616\" data-v=\"4\" data-block-id=\"2264616\"><style>.stk-2264616-container{margin-top:0px !important;margin-right:0px !important;margin-bottom:0px !important;margin-left:0px !important}.stk-2264616{align-self:center !important}<\/style><div class=\"stk-column-wrapper stk-block-column__content stk-container stk-2264616-container stk--no-background stk--no-padding\"><div class=\"stk-block-content stk-inner-blocks stk-2264616-inner-blocks\">\n<div class=\"wp-block-stackable-heading stk-block-heading stk-block-heading--v2 stk-block stk-e10f9ca\" id=\"strong-toolbox-for-professionals-strong\" data-block-id=\"e10f9ca\"><style>.stk-e10f9ca .stk-block-heading__text{font-size:75px !important;color:var(--theme-palette-color-8,#ffffff) !important;line-height:1.3em !important}@media screen and (max-width:999px){.stk-e10f9ca .stk-block-heading__text{font-size:50px !important}}@media screen and (max-width:689px){.stk-e10f9ca .stk-block-heading__text{font-size:35px !important}}<\/style><h2 class=\"stk-block-heading__text has-text-color has-palette-color-8-color has-text-align-center has-text-align-center-tablet\"><strong>V\u00e6rkt\u00f8jskasse til professionelle<\/strong><\/h2><\/div>\n<\/div><\/div><\/div>\n<\/div><\/div>\n<\/div><\/div><\/div>\n<\/div><\/div>\n\n<div class=\"wp-block-stackable-heading stk-block-heading stk-block-heading--v2 stk-block stk-d1edfae\" id=\"guide-for-teaching-national-language-for-migrants\" data-block-id=\"d1edfae\"><h2 class=\"stk-block-heading__text has-text-align-center\">Guide til undervisning i det nationale sprog for migranter<\/h2><\/div>\n\n<div class=\"wp-block-stackable-text stk-block-text stk-block stk-1faf699\" data-block-id=\"1faf699\"><p class=\"stk-block-text__text\">Guiden til undervisning i det nationale sprog for migranter er en ressource p\u00e5 flere niveauer for fagfolk og frivillige, der arbejder for og med migranter. I de otte kapitler finder du refleksioner fra fagfolk fra Spanien, Danmark, Gr\u00e6kenland, Italien og Tyskland om, hvorfor og <strong>hvordan man underviser i det nationale sprog<\/strong>, med introduktion til <strong>analyse af undervisningsmaterialer<\/strong>, <strong>brug af teknologier<\/strong>, den <strong>tv\u00e6rg\u00e5ende betydning af milj\u00f8<\/strong>&#8211; og <strong>k\u00f8nsindhold og understregning<\/strong> af behovet for at n\u00e6rme sig denne v\u00e6rtsproces ud fra en i<strong>nterkulturel dialog om viden til styrkelse af migranter<\/strong> som g\u00e6ster og hovedpersoner i deres proces med at l\u00e6re v\u00e6rtssproget og -kulturen. <\/p><\/div>\n\n<p><br\/>Det er en guide, der indeholder links til alle former for ressourcer i forbindelse med sprogindl\u00e6ring, sprog og v\u00e6rkt\u00f8jss\u00e6t om uddannelse og migration, en guide baseret p\u00e5 g\u00e6stfrihedsp\u00e6dagogik, der tilbyder et dialogisk syn p\u00e5, hvad der b\u00f8r v\u00e6re et m\u00f8de og en dialog mellem kulturer for at tilskynde fagfolk og frivillige til at reflektere over, hvordan vi skal n\u00e6rme os denne f\u00f8rste lov om sameksistens, som er at byde dem, der kommer, velkommen som en mulighed for at vokse og l\u00e6re som et f\u00e6llesskab.<\/p>\n\n<div data-wp-interactive=\"core\/file\" class=\"wp-block-file\"><object data-wp-bind--hidden=\"!state.hasPdfPreview\" hidden class=\"wp-block-file__embed\" data=\"https:\/\/pipe-project.eu\/wp-content\/uploads\/2025\/07\/D2.3.-Guide-for-teaching-the-national-language-for-migrants_EN_compressed.pdf\" type=\"application\/pdf\" style=\"width:100%;height:600px\" aria-label=\"Embed D2.3. Guide for teaching the national language for migrants_EN_compressed.\"><\/object><a id=\"wp-block-file--media-22502a8a-01b7-414f-a261-595e89983e16\" href=\"https:\/\/pipe-project.eu\/wp-content\/uploads\/2025\/07\/D2.3.-Guide-for-teaching-the-national-language-for-migrants_EN_compressed.pdf\">D2.3. Guide for teaching the national language for migrants_EN_compressed<\/a><a href=\"https:\/\/pipe-project.eu\/wp-content\/uploads\/2025\/07\/D2.3.-Guide-for-teaching-the-national-language-for-migrants_EN_compressed.pdf\" class=\"wp-block-file__button wp-element-button\" download=\"\" aria-describedby=\"wp-block-file--media-22502a8a-01b7-414f-a261-595e89983e16\">Download<\/a><\/div>\n\n<div class=\"wp-block-stackable-divider stk-block-divider stk-block stk-65d3c87\" data-block-id=\"65d3c87\"><hr class=\"stk-block-divider__hr\"\/><\/div>\n\n<div class=\"wp-block-stackable-heading stk-block-heading stk-block-heading--v2 stk-block stk-dbf781e\" id=\"guide-and-action-plan-for-cultural-training-for-professionals\" data-block-id=\"dbf781e\"><h2 class=\"stk-block-heading__text has-text-align-center\">Guide og handlingsplan til kulturel tr\u00e6ning for fagfolk <\/h2><\/div>\n\n<p>Denne vejledning og handlingsplan er designet til at st\u00f8tte fagfolk, der arbejder med migranter, i at udvikle deres kulturelle kompetencer Den giver v\u00e6rkt\u00f8jer og indsigt til at hj\u00e6lpe fagfolk med at skabe deres egne handlingsplaner for kulturel kompetencetr\u00e6ning og inddrager nationale ressourcer p\u00e5 sproget for hver partner, der deltager i PIPE-projektet. <\/p>\n\n<p>Guiden tilbyder en kortfattet teoretisk ramme, der introducerer fagfolk til begrebet kulturel kompetence. Den indeholder en progressiv, niveaubaseret rejseplan, som giver hver enkelt fagperson eller organisation mulighed for at beslutte ud fra deres erfaring og behov, om de vil f\u00f8lge hele vejen eller fokusere p\u00e5 specifikke niveauer. Inspireret af Cort\u00e1zars roman Rayuela (Hopscotch) kan fagfolk v\u00e6lge deres egen rejse gennem guidens indhold.  <\/p>\n\n<p>Guiden analyserer de barrierer og udfordringer, der er forbundet med at implementere kulturel kompetencetr\u00e6ning inden for interkulturalitet, en r\u00e6kke refleksioner over begrebet identitet og arv og behovet for at rette vores indsats mod den kollektive og progressive opbygning af en <strong>g\u00e6stfrihedskultur<\/strong>. Guiden definerer l\u00e6ringsm\u00e5lene og en dekalog over god praksis for at skabe dialog og f\u00e6lles refleksion over, hvad man b\u00f8r overveje, n\u00e5r man udformer sin egen uddannelsesplan. <\/p>\n\n<div data-wp-interactive=\"core\/file\" class=\"wp-block-file\"><object data-wp-bind--hidden=\"!state.hasPdfPreview\" hidden class=\"wp-block-file__embed\" data=\"https:\/\/pipe-project.eu\/wp-content\/uploads\/2025\/07\/D2.4-Guide-and-action-plan-for-cultural-training-for-professionals_EN.pdf\" type=\"application\/pdf\" style=\"width:100%;height:600px\" aria-label=\"Embed D2.4 Guide and action plan for cultural training for professionals_EN.\"><\/object><a id=\"wp-block-file--media-d23408a3-d59a-439f-b0f7-a6fe415d800d\" href=\"https:\/\/pipe-project.eu\/wp-content\/uploads\/2025\/07\/D2.4-Guide-and-action-plan-for-cultural-training-for-professionals_EN.pdf\">D2.4 Guide and action plan for cultural training for professionals_EN<\/a><a href=\"https:\/\/pipe-project.eu\/wp-content\/uploads\/2025\/07\/D2.4-Guide-and-action-plan-for-cultural-training-for-professionals_EN.pdf\" class=\"wp-block-file__button wp-element-button\" download=\"\" aria-describedby=\"wp-block-file--media-d23408a3-d59a-439f-b0f7-a6fe415d800d\">Download<\/a><\/div>\n","protected":false},"excerpt":{"rendered":"<p>V\u00e6rkt\u00f8jskasse til professionelle Guide til undervisning i det nationale sprog for migranter Guiden til undervisning i det nationale sprog for migranter er en ressource p\u00e5 flere niveauer for fagfolk og frivillige, der arbejder for og med migranter. I de otte kapitler finder du refleksioner fra fagfolk fra Spanien, Danmark, Gr\u00e6kenland, Italien og Tyskland om, hvorfor [&hellip;]<\/p>\n","protected":false},"author":1,"featured_media":0,"parent":0,"menu_order":0,"comment_status":"closed","ping_status":"closed","template":"","meta":{"footnotes":""},"class_list":["post-2544","page","type-page","status-publish","hentry"],"blocksy_meta":[],"_links":{"self":[{"href":"https:\/\/pipe-project.eu\/da\/wp-json\/wp\/v2\/pages\/2544","targetHints":{"allow":["GET"]}}],"collection":[{"href":"https:\/\/pipe-project.eu\/da\/wp-json\/wp\/v2\/pages"}],"about":[{"href":"https:\/\/pipe-project.eu\/da\/wp-json\/wp\/v2\/types\/page"}],"author":[{"embeddable":true,"href":"https:\/\/pipe-project.eu\/da\/wp-json\/wp\/v2\/users\/1"}],"replies":[{"embeddable":true,"href":"https:\/\/pipe-project.eu\/da\/wp-json\/wp\/v2\/comments?post=2544"}],"version-history":[{"count":4,"href":"https:\/\/pipe-project.eu\/da\/wp-json\/wp\/v2\/pages\/2544\/revisions"}],"predecessor-version":[{"id":3303,"href":"https:\/\/pipe-project.eu\/da\/wp-json\/wp\/v2\/pages\/2544\/revisions\/3303"}],"wp:attachment":[{"href":"https:\/\/pipe-project.eu\/da\/wp-json\/wp\/v2\/media?parent=2544"}],"curies":[{"name":"wp","href":"https:\/\/api.w.org\/{rel}","templated":true}]}}