{"id":1406,"date":"2024-04-29T13:33:03","date_gmt":"2024-04-29T13:33:03","guid":{"rendered":"https:\/\/pipe-project.eu\/wp5\/"},"modified":"2024-05-21T12:47:23","modified_gmt":"2024-05-21T12:47:23","slug":"wp5","status":"publish","type":"page","link":"https:\/\/pipe-project.eu\/da\/wp5\/","title":{"rendered":"WP5"},"content":{"rendered":"\n<div class=\"wp-block-stackable-columns alignfull stk-block-columns stk-block stk-a292c5d stk-block-background stk--has-background-overlay\" data-block-id=\"a292c5d\"><style>.stk-a292c5d{background-image:url(https:\/\/pipe-project.eu\/wp-content\/uploads\/2024\/05\/PIPE_background-resize-scaled.jpg) !important;padding-top:120px !important;padding-bottom:160px !important}<\/style><div class=\"stk-row stk-inner-blocks stk-block-content stk-content-align stk-a292c5d-column alignfull\">\n<div class=\"wp-block-stackable-column stk-block-column stk-column stk-block stk-8ee581f\" data-v=\"4\" data-block-id=\"8ee581f\"><div class=\"stk-column-wrapper stk-block-column__content stk-container stk-8ee581f-container stk--no-background stk--no-padding\"><div class=\"stk-block-content stk-inner-blocks stk-8ee581f-inner-blocks\">\n<div class=\"wp-block-stackable-heading stk-block-heading stk-block-heading--v2 stk-block stk-a33e590\" id=\"work-package-5-sharing-results-and-promotion\" data-block-id=\"a33e590\"><style>.stk-a33e590 .stk-block-heading__text{font-size:50px !important;color:var(--theme-palette-color-8,#ffffff) !important}@media screen and (max-width:999px){.stk-a33e590 .stk-block-heading__text{font-size:50px !important}}<\/style><h2 class=\"stk-block-heading__text has-text-color has-text-align-center\">Arbejdspakke 5: Deling af resultater og promovering<\/h2><\/div>\n<\/div><\/div><\/div>\n<\/div><\/div>\n\n<div class=\"wp-block-stackable-heading stk-block-heading stk-block-heading--v2 stk-block stk-298a9b1\" id=\"leading-partner-mag-uninettuno\" data-block-id=\"298a9b1\"><h5 class=\"stk-block-heading__text\">Leading Partner: MAG &#8211; Uninettuno<\/h5><\/div>\n\n<p>Formidlingsaktiviteter vil v\u00e6re omfattende og kontinuerlige i l\u00f8bet af projektets varighed s\u00e5vel som efter PIPE-projektets afslutning.<\/p>\n\n<p>I begyndelsen af projektarbejdet vil der blive opstillet en detaljeret formidlingsplan af MAG &#8211; Uninettuno i samarbejde med andre partnere, som opsummerer n\u00f8glestrategierne og definerer m\u00e5lgrupperne.<\/p>\n\n<p>Kontinuerlig overv\u00e5gning af formidlingsaktiviteterne vil sikre gennemf\u00f8relsen af denne plan, og den vil tjene som et middel til at sikre, at alle partnere bidrager ligeligt til formidlingen af projektresultaterne.<\/p>\n\n<p>Hovedresultaterne vil v\u00e6re formidlingsstrategien, reklamemateriale, indsamlet feedback, udarbejdede rapporter. Vi vil formidle projektets output og resultater, udbrede kendskabet til de udviklede materialer (koncept, rapport, on-line tr\u00e6ning) og ogs\u00e5 holde dem opdateret om projektets fremskridt via multiplikatorbegivenheder, pr\u00e6sentationer p\u00e5 konferencer og andre arrangementer, flyers, projektwebside og sociale medier.<\/p>\n","protected":false},"excerpt":{"rendered":"<p>Arbejdspakke 5: Deling af resultater og promovering Leading Partner: MAG &#8211; Uninettuno Formidlingsaktiviteter vil v\u00e6re omfattende og kontinuerlige i l\u00f8bet af projektets varighed s\u00e5vel som efter PIPE-projektets afslutning. I begyndelsen af projektarbejdet vil der blive opstillet en detaljeret formidlingsplan af MAG &#8211; Uninettuno i samarbejde med andre partnere, som opsummerer n\u00f8glestrategierne og definerer m\u00e5lgrupperne. Kontinuerlig [&hellip;]<\/p>\n","protected":false},"author":2,"featured_media":0,"parent":0,"menu_order":0,"comment_status":"closed","ping_status":"closed","template":"","meta":{"footnotes":""},"class_list":["post-1406","page","type-page","status-publish","hentry"],"blocksy_meta":[],"_links":{"self":[{"href":"https:\/\/pipe-project.eu\/da\/wp-json\/wp\/v2\/pages\/1406","targetHints":{"allow":["GET"]}}],"collection":[{"href":"https:\/\/pipe-project.eu\/da\/wp-json\/wp\/v2\/pages"}],"about":[{"href":"https:\/\/pipe-project.eu\/da\/wp-json\/wp\/v2\/types\/page"}],"author":[{"embeddable":true,"href":"https:\/\/pipe-project.eu\/da\/wp-json\/wp\/v2\/users\/2"}],"replies":[{"embeddable":true,"href":"https:\/\/pipe-project.eu\/da\/wp-json\/wp\/v2\/comments?post=1406"}],"version-history":[{"count":3,"href":"https:\/\/pipe-project.eu\/da\/wp-json\/wp\/v2\/pages\/1406\/revisions"}],"predecessor-version":[{"id":1478,"href":"https:\/\/pipe-project.eu\/da\/wp-json\/wp\/v2\/pages\/1406\/revisions\/1478"}],"wp:attachment":[{"href":"https:\/\/pipe-project.eu\/da\/wp-json\/wp\/v2\/media?parent=1406"}],"curies":[{"name":"wp","href":"https:\/\/api.w.org\/{rel}","templated":true}]}}