{"id":1384,"date":"2024-04-29T13:28:03","date_gmt":"2024-04-29T13:28:03","guid":{"rendered":"https:\/\/pipe-project.eu\/wp3\/"},"modified":"2025-07-22T12:05:06","modified_gmt":"2025-07-22T12:05:06","slug":"wp3","status":"publish","type":"page","link":"https:\/\/pipe-project.eu\/da\/wp3\/","title":{"rendered":"WP3"},"content":{"rendered":"\n<div class=\"wp-block-stackable-columns alignfull stk-block-columns stk-block stk-2eb7375 stk-block-background stk--has-background-overlay\" data-block-id=\"2eb7375\"><style>.stk-2eb7375{background-image:url(https:\/\/pipe-project.eu\/wp-content\/uploads\/2024\/05\/PIPE_background-resize-scaled.jpg) !important;padding-top:120px !important;padding-bottom:160px !important}<\/style><div class=\"stk-row stk-inner-blocks stk-block-content stk-content-align stk-2eb7375-column\">\n<div class=\"wp-block-stackable-column stk-block-column stk-column stk-block stk-53be8a7\" data-v=\"4\" data-block-id=\"53be8a7\"><div class=\"stk-column-wrapper stk-block-column__content stk-container stk-53be8a7-container stk--no-background stk--no-padding\"><div class=\"stk-block-content stk-inner-blocks stk-53be8a7-inner-blocks\">\n<div class=\"wp-block-stackable-heading stk-block-heading stk-block-heading--v2 stk-block stk-01c5f64\" id=\"work-package-3-soft-skills-cultural-awareness-and-mentorship-programmes\" data-block-id=\"01c5f64\"><style>.stk-01c5f64 .stk-block-heading__text{font-size:50px !important;color:var(--theme-palette-color-8,#ffffff) !important}@media screen and (max-width:999px){.stk-01c5f64 .stk-block-heading__text{font-size:50px !important}}<\/style><h2 class=\"stk-block-heading__text has-text-color has-text-align-center\">Arbejdspakke 3: Bl\u00f8de f\u00e6rdigheder, kulturel bevidsthed og mentorskabsprogrammer<\/h2><\/div>\n<\/div><\/div><\/div>\n<\/div><\/div>\n\n<div class=\"wp-block-stackable-heading stk-block-heading stk-block-heading--v2 stk-block stk-f39ab44\" id=\"leading-partner-hmu\" data-block-id=\"f39ab44\"><h5 class=\"stk-block-heading__text\">Ledende partner: HMU<\/h5><\/div>\n\n<p>Udvikling af en ikke-formel, m\u00e5lorienteret og praktisk uddannelsesvej for voksne migranter, som kan udvides til ethvert land i Den Europ\u00e6iske Union.<\/p>\n\n<p>Implementeringen af en deltagende og l\u00e6rende-centreret tilgang, der fokuserer p\u00e5 praktiske og virkelige bekymringer, ved at bruge interkulturelle udvekslinger og m\u00f8der som l\u00e6ringsredskaber.<\/p>\n\n<p>Oprettelsen af et modul\u00e6rt program, der fokuserer p\u00e5 bl\u00f8de f\u00e6rdigheder, hvilket forbedrer hver enkelt persons individuelle evner.<\/p>\n\n<p>Skabelsen af et solidt netv\u00e6rk for deltagelse og deling af god praksis blandt migrantsamfundet.<\/p>\n\n<p>Etablering af et netv\u00e6rk af mentorer til at st\u00f8tte og vejlede migranterne gennem deres l\u00e6ringsrejse.<\/p>\n\n<div class=\"wp-block-stackable-divider stk-block-divider stk-block stk-646cea5\" data-block-id=\"646cea5\"><hr class=\"stk-block-divider__hr\"\/><\/div>\n\n<p><strong>D3.2 fra PIPE-projektet<\/strong> er en <strong>international rapport om nationale prioriteter og behov i relation til bl\u00f8de kompetencer, kulturel bevidsthed og mentorordninger for voksne indvandrere<\/strong>. <\/p>\n\n<p>For forskningsfasen blev f\u00f8lgende specifikke m\u00e5l fastsat:<\/p>\n\n<ul class=\"wp-block-list\">\n<li>At identificere de v\u00e6sentlige bl\u00f8de f\u00e6rdigheder, der er n\u00f8dvendige for at integrere migranter i hvert partnerland <\/li>\n<\/ul>\n\n<ul class=\"wp-block-list\">\n<li>At evaluere betydningen af kulturel bevidsthed for migranter i partnerlandene<\/li>\n<\/ul>\n\n<ul class=\"wp-block-list\">\n<li>At fastl\u00e6gge de bl\u00f8de f\u00e6rdigheder og kulturelle kompetencer<\/li>\n<\/ul>\n\n<ul class=\"wp-block-list\">\n<li>At unders\u00f8ge eksisterende mentorprogrammer rettet mod voksne indvandrere<\/li>\n<\/ul>\n\n<div data-wp-interactive=\"core\/file\" class=\"wp-block-file\"><object data-wp-bind--hidden=\"!state.hasPdfPreview\" hidden class=\"wp-block-file__embed\" data=\"https:\/\/pipe-project.eu\/wp-content\/uploads\/2025\/07\/D3.2_International-Report-on-national-priorities-and-needs_EN.pdf\" type=\"application\/pdf\" style=\"width:100%;height:600px\" aria-label=\"Embed D3.2_International Report on national priorities and needs_EN.\"><\/object><a id=\"wp-block-file--media-0f140064-31e3-4ec0-b4ba-e8244da9e138\" href=\"https:\/\/pipe-project.eu\/wp-content\/uploads\/2025\/07\/D3.2_International-Report-on-national-priorities-and-needs_EN.pdf\">D3.2_International Report on national priorities and needs_EN<\/a><a href=\"https:\/\/pipe-project.eu\/wp-content\/uploads\/2025\/07\/D3.2_International-Report-on-national-priorities-and-needs_EN.pdf\" class=\"wp-block-file__button wp-element-button\" download=\"\" aria-describedby=\"wp-block-file--media-0f140064-31e3-4ec0-b4ba-e8244da9e138\">Download<\/a><\/div>\n","protected":false},"excerpt":{"rendered":"<p>Arbejdspakke 3: Bl\u00f8de f\u00e6rdigheder, kulturel bevidsthed og mentorskabsprogrammer Ledende partner: HMU Udvikling af en ikke-formel, m\u00e5lorienteret og praktisk uddannelsesvej for voksne migranter, som kan udvides til ethvert land i Den Europ\u00e6iske Union. Implementeringen af en deltagende og l\u00e6rende-centreret tilgang, der fokuserer p\u00e5 praktiske og virkelige bekymringer, ved at bruge interkulturelle udvekslinger og m\u00f8der som l\u00e6ringsredskaber. [&hellip;]<\/p>\n","protected":false},"author":2,"featured_media":0,"parent":0,"menu_order":0,"comment_status":"closed","ping_status":"closed","template":"","meta":{"footnotes":""},"class_list":["post-1384","page","type-page","status-publish","hentry"],"blocksy_meta":[],"_links":{"self":[{"href":"https:\/\/pipe-project.eu\/da\/wp-json\/wp\/v2\/pages\/1384","targetHints":{"allow":["GET"]}}],"collection":[{"href":"https:\/\/pipe-project.eu\/da\/wp-json\/wp\/v2\/pages"}],"about":[{"href":"https:\/\/pipe-project.eu\/da\/wp-json\/wp\/v2\/types\/page"}],"author":[{"embeddable":true,"href":"https:\/\/pipe-project.eu\/da\/wp-json\/wp\/v2\/users\/2"}],"replies":[{"embeddable":true,"href":"https:\/\/pipe-project.eu\/da\/wp-json\/wp\/v2\/comments?post=1384"}],"version-history":[{"count":5,"href":"https:\/\/pipe-project.eu\/da\/wp-json\/wp\/v2\/pages\/1384\/revisions"}],"predecessor-version":[{"id":3078,"href":"https:\/\/pipe-project.eu\/da\/wp-json\/wp\/v2\/pages\/1384\/revisions\/3078"}],"wp:attachment":[{"href":"https:\/\/pipe-project.eu\/da\/wp-json\/wp\/v2\/media?parent=1384"}],"curies":[{"name":"wp","href":"https:\/\/api.w.org\/{rel}","templated":true}]}}