{"id":1362,"date":"2024-04-29T13:22:15","date_gmt":"2024-04-29T13:22:15","guid":{"rendered":"https:\/\/pipe-project.eu\/wp1\/"},"modified":"2025-03-25T11:51:43","modified_gmt":"2025-03-25T11:51:43","slug":"wp1","status":"publish","type":"page","link":"https:\/\/pipe-project.eu\/da\/wp1\/","title":{"rendered":"WP1"},"content":{"rendered":"\n<div class=\"wp-block-stackable-columns alignfull stk-block-columns stk-block stk-a03ab45 stk-block-background stk--has-background-overlay\" data-block-id=\"a03ab45\"><style>.stk-a03ab45{background-image:url(https:\/\/pipe-project.eu\/wp-content\/uploads\/2024\/05\/PIPE_background-resize-scaled.jpg) !important;padding-top:120px !important;padding-bottom:160px !important}<\/style><div class=\"stk-row stk-inner-blocks stk-block-content stk-content-align stk-a03ab45-column alignfull\">\n<div class=\"wp-block-stackable-column stk-block-column stk-column stk-block stk-e53c760\" data-v=\"4\" data-block-id=\"e53c760\"><div class=\"stk-column-wrapper stk-block-column__content stk-container stk-e53c760-container stk--no-background stk--no-padding\"><div class=\"stk-block-content stk-inner-blocks stk-e53c760-inner-blocks\">\n<h2 class=\"wp-block-heading has-text-align-center\" style=\"font-size:clamp(28.836px, 1.802rem + ((1vw - 3.2px) * 1.653), 50px);\"><span style=\"color: var(--theme-palette-color-8, #ffffff);\" class=\"stk-highlight\">Arbejdspakke 1: Projektledelse<\/span><\/h2>\n<\/div><\/div><\/div>\n<\/div><\/div>\n\n<div class=\"wp-block-stackable-heading stk-block-heading stk-block-heading--v2 stk-block stk-9cfa2a5\" id=\"leading-partner-evm\" data-block-id=\"9cfa2a5\"><h5 class=\"stk-block-heading__text\">Ledende partner: EVM<\/h5><\/div>\n\n<p>Projektaktiviteterne vil blive overv\u00e5get gennem en omfattende projektledelsesplan, som omfatter forskellige aktiviteter s\u00e5som overv\u00e5gning, koordinering, kommunikation, evaluering, kvalitetssikring og risikostyring.<br\/>For at sikre effektiv kommunikation mellem partnere og i till\u00e6g til de transnationale projektm\u00f8der (TPM&#8217;er), vil der blive afholdt virtuelle m\u00f8der en gang om m\u00e5neden, og partnere vil v\u00e6re i stand til at indkalde til ekstraordin\u00e6re onlinem\u00f8der, hvis det er n\u00f8dvendigt. Klar kommunikation vil sikre gennemsigtighed, forst\u00e5else og vellykket koordinering.<\/p>\n","protected":false},"excerpt":{"rendered":"<p>Arbejdspakke 1: Projektledelse Ledende partner: EVM Projektaktiviteterne vil blive overv\u00e5get gennem en omfattende projektledelsesplan, som omfatter forskellige aktiviteter s\u00e5som overv\u00e5gning, koordinering, kommunikation, evaluering, kvalitetssikring og risikostyring.For at sikre effektiv kommunikation mellem partnere og i till\u00e6g til de transnationale projektm\u00f8der (TPM&#8217;er), vil der blive afholdt virtuelle m\u00f8der en gang om m\u00e5neden, og partnere vil v\u00e6re i [&hellip;]<\/p>\n","protected":false},"author":2,"featured_media":0,"parent":0,"menu_order":0,"comment_status":"closed","ping_status":"closed","template":"","meta":{"footnotes":""},"class_list":["post-1362","page","type-page","status-publish","hentry"],"blocksy_meta":[],"_links":{"self":[{"href":"https:\/\/pipe-project.eu\/da\/wp-json\/wp\/v2\/pages\/1362","targetHints":{"allow":["GET"]}}],"collection":[{"href":"https:\/\/pipe-project.eu\/da\/wp-json\/wp\/v2\/pages"}],"about":[{"href":"https:\/\/pipe-project.eu\/da\/wp-json\/wp\/v2\/types\/page"}],"author":[{"embeddable":true,"href":"https:\/\/pipe-project.eu\/da\/wp-json\/wp\/v2\/users\/2"}],"replies":[{"embeddable":true,"href":"https:\/\/pipe-project.eu\/da\/wp-json\/wp\/v2\/comments?post=1362"}],"version-history":[{"count":4,"href":"https:\/\/pipe-project.eu\/da\/wp-json\/wp\/v2\/pages\/1362\/revisions"}],"predecessor-version":[{"id":2569,"href":"https:\/\/pipe-project.eu\/da\/wp-json\/wp\/v2\/pages\/1362\/revisions\/2569"}],"wp:attachment":[{"href":"https:\/\/pipe-project.eu\/da\/wp-json\/wp\/v2\/media?parent=1362"}],"curies":[{"name":"wp","href":"https:\/\/api.w.org\/{rel}","templated":true}]}}