{"id":1352,"date":"2024-03-15T09:15:04","date_gmt":"2024-03-15T09:15:04","guid":{"rendered":"https:\/\/pipe-project.eu\/kontakt\/"},"modified":"2025-03-25T11:31:16","modified_gmt":"2025-03-25T11:31:16","slug":"kontakt","status":"publish","type":"page","link":"https:\/\/pipe-project.eu\/da\/kontakt\/","title":{"rendered":"Kontakt"},"content":{"rendered":"\n<div class=\"wp-block-stackable-columns alignfull stk-block-columns stk-block stk-b19e7c9 stk-block-background stk--has-background-overlay\" data-block-id=\"b19e7c9\"><style>.stk-b19e7c9{background-color:#00000000 !important;background-image:url(https:\/\/pipe-project.eu\/wp-content\/uploads\/2024\/05\/PIPE_background-resize-scaled.jpg) !important;padding-top:120px !important;padding-bottom:0px !important;margin-bottom:0px !important;z-index:2 !important;overflow:visible !important}.stk-b19e7c9:before{background-color:#00000000 !important;opacity:0.8 !important}.stk-b19e7c9 .stk-container{overflow:visible !important}@media screen and (max-width:999px){.stk-b19e7c9{padding-top:80px !important}}<\/style><div class=\"stk-row stk-inner-blocks stk-block-content stk-content-align stk-b19e7c9-column\">\n<div class=\"wp-block-stackable-column stk-block-column stk-column stk-block stk-da68494\" data-v=\"4\" data-block-id=\"da68494\"><style>.stk-da68494-container{margin-top:0px !important;margin-right:0px !important;margin-bottom:0px !important;margin-left:0px !important}<\/style><div class=\"stk-column-wrapper stk-block-column__content stk-container stk-da68494-container stk--no-background stk--no-padding\"><div class=\"stk-block-content stk-inner-blocks stk-da68494-inner-blocks\">\n<div class=\"wp-block-stackable-heading stk-block-heading stk-block-heading--v2 stk-block stk-e10f9ca\" id=\"contact-us\" data-block-id=\"e10f9ca\"><style>.stk-e10f9ca{margin-bottom:0px !important}.stk-e10f9ca .stk-block-heading__text{font-size:75px !important;color:var(--theme-palette-color-8,#ffffff) !important;line-height:1.3em !important}@media screen and (max-width:999px){.stk-e10f9ca .stk-block-heading__text{font-size:50px !important}}<\/style><h2 class=\"stk-block-heading__text has-text-color has-palette-color-8-color has-text-align-center\">Kontakt os<\/h2><\/div>\n\n\n\n<div class=\"wp-block-stackable-spacer stk-block-spacer stk--no-padding stk-block stk-1301428\" data-block-id=\"1301428\"><style>.stk-1301428{height:70px !important}<\/style><\/div>\n\n\n\n<div class=\"wp-block-stackable-columns stk-block-columns stk-block stk-d8030e9\" data-block-id=\"d8030e9\"><style>.stk-d8030e9{margin-bottom:-120px !important}.stk-d8030e9-column{--stk-column-gap:50px !important;row-gap:50px !important}<\/style><div class=\"stk-row stk-inner-blocks stk-block-content stk-content-align stk-d8030e9-column\">\n<div class=\"wp-block-stackable-column stk-block-column stk-column stk-block stk-2033225\" data-v=\"4\" data-block-id=\"2033225\"><style>.stk-2033225-container{margin-top:0px !important;margin-right:0px !important;margin-bottom:0px !important;margin-left:0px !important}@media screen and (min-width:690px) and (max-width:999px){.stk-2033225{flex:0 1 calc(100% - var(--stk-column-gap,0px) * 0 \/ 1 ) !important}}<\/style><div class=\"stk-column-wrapper stk-block-column__content stk-container stk-2033225-container stk--no-background stk--no-padding\"><div class=\"stk-block-content stk-inner-blocks stk-2033225-inner-blocks\">\n<div class=\"wp-block-stackable-columns stk-block-columns stk-block stk-95392a8\" data-block-id=\"95392a8\"><style>.stk-95392a8{padding-top:0px !important;padding-right:0px !important;padding-bottom:0px !important;padding-left:0px !important}<\/style><div class=\"stk-row stk-inner-blocks stk-block-content stk-content-align stk-95392a8-column\">\n<div class=\"wp-block-stackable-column stk-block-column stk-column stk-block stk-1311a16\" data-v=\"4\" data-block-id=\"1311a16\"><div class=\"stk-column-wrapper stk-block-column__content stk-container stk-1311a16-container stk--no-background stk--no-padding\"><div class=\"stk-block-content stk-inner-blocks stk-1311a16-inner-blocks\">\n<div class=\"wp-block-stackable-columns stk-block-columns stk-block stk-3cbed7a\" data-block-id=\"3cbed7a\"><div class=\"stk-row stk-inner-blocks stk-block-content stk-content-align stk-3cbed7a-column\">\n<div class=\"wp-block-stackable-column stk-block-column stk-column stk-block stk-3552112 stk-block-background\" data-v=\"4\" data-block-id=\"3552112\"><style>.stk-3552112{background-color:var(--theme-palette-color-8,#ffffff) !important}.stk-3552112:before{background-color:var(--theme-palette-color-8,#ffffff) !important}<\/style><div class=\"stk-column-wrapper stk-block-column__content stk-container stk-3552112-container stk--no-background stk--no-padding\"><div class=\"stk-block-content stk-inner-blocks stk-3552112-inner-blocks\">\n<p><span style=\"color: var(--theme-palette-color-4, #0A1821);\" class=\"stk-highlight\">Hvis du vil holde dig opdateret med aktiviteter og nyheder om PIPE-projektet, kan du f\u00f8lge os p\u00e5 de sociale medier eller kontakte os via e-mail <a href=\"mailto:contacto@pipe-project.eu\"><strong>contacto@pipe-project.eu<\/strong><\/a>.<br\/>Lad os vide, hvilke sp\u00f8rgsm\u00e5l og\/eller hvilken feedback du har til os. Vi vender tilbage til dig s\u00e5 hurtigt vi kan.<\/span><\/p>\n\n\n\n<p><span style=\"color: var(--theme-palette-color-4, #0A1821);\" class=\"stk-highlight\">Udfyld venligst formularen, og vi kontakter dig ASAP.<\/span><\/p>\n<\/div><\/div><\/div>\n<\/div><\/div>\n<\/div><\/div><\/div>\n<\/div><\/div>\n<\/div><\/div><\/div>\n\n\n\n<div class=\"wp-block-stackable-column stk-block-column stk-column stk-block stk-3446bed stk-block-background\" data-v=\"4\" data-block-id=\"3446bed\"><style>.stk-3446bed-container{margin-top:0px !important;margin-right:0px !important;margin-bottom:0px !important;margin-left:0px !important;background-color:transparent !important;box-shadow:none !important;padding-top:0px !important;padding-right:0px !important;padding-bottom:0px !important;padding-left:0px !important}.stk-3446bed{background-color:var(--theme-palette-color-8,#ffffff) !important;padding-top:55px !important;padding-right:50px !important;padding-bottom:55px !important;padding-left:50px !important}.stk-3446bed:before{background-color:var(--theme-palette-color-8,#ffffff) !important}.stk-3446bed-container:before{background-color:transparent !important}@media screen and (min-width:690px) and (max-width:999px){.stk-3446bed{flex:0 1 calc(100% - var(--stk-column-gap,0px) * 0 \/ 1 ) !important}}@media screen and (max-width:999px){.stk-3446bed{padding-top:40px !important;padding-right:40px !important;padding-bottom:40px !important;padding-left:40px !important}}<\/style><div class=\"stk-column-wrapper stk-block-column__content stk-container stk-3446bed-container stk-hover-parent\"><div class=\"stk-block-content stk-inner-blocks stk-3446bed-inner-blocks\">\n<div class=\"wp-block-contact-form-7-contact-form-selector\"><p class=\"wpcf7-contact-form-not-found\"><strong>Fejl:<\/strong> Kontaktformular ikke fundet.<\/p><\/div>\n<\/div><\/div><\/div>\n<\/div><\/div>\n<\/div><\/div><\/div>\n<\/div><\/div>\n\n<div class=\"wp-block-stackable-spacer stk-block-spacer stk--no-padding stk-block stk-40a5669\" data-block-id=\"40a5669\"><style>.stk-40a5669{height:118px !important}@media screen and (max-width:999px){.stk-40a5669{height:80px !important}}<\/style><\/div>\n","protected":false},"excerpt":{"rendered":"<p>Kontakt os Hvis du vil holde dig opdateret med aktiviteter og nyheder om PIPE-projektet, kan du f\u00f8lge os p\u00e5 de sociale medier eller kontakte os via e-mail contacto@pipe-project.eu.Lad os vide, hvilke sp\u00f8rgsm\u00e5l og\/eller hvilken feedback du har til os. Vi vender tilbage til dig s\u00e5 hurtigt vi kan. Udfyld venligst formularen, og vi kontakter dig [&hellip;]<\/p>\n","protected":false},"author":1,"featured_media":0,"parent":0,"menu_order":0,"comment_status":"closed","ping_status":"closed","template":"","meta":{"footnotes":""},"class_list":["post-1352","page","type-page","status-publish","hentry"],"blocksy_meta":{"styles_descriptor":{"styles":{"desktop":"","tablet":"","mobile":""},"google_fonts":[],"version":6},"page_title_panel":"","has_hero_section":"disabled","e37fe3d1f2b8ef45954126c9dc201379":"","hero_section":"type-1","hero_elements":[{"id":"custom_title","enabled":true,"heading_tag":"h1","title":"Home"},{"id":"custom_description","enabled":true,"description_visibility":{"desktop":true,"tablet":true,"mobile":false}},{"id":"custom_meta","enabled":false,"meta_elements":[{"id":"author","enabled":true,"label":"By","has_author_avatar":"yes","avatar_size":25},{"id":"post_date","enabled":true,"label":"On","date_format_source":"default","date_format":"M j, Y"},{"id":"updated_date","enabled":false,"label":"On","date_format_source":"default","date_format":"M j, Y"},{"id":"categories","enabled":false,"label":"In","style":"simple"},{"id":"comments","enabled":true}],"page_meta_elements":{"joined":true,"articles_count":true,"comments":true}},{"id":"breadcrumbs","enabled":false}],"4d051528ea1bbd628d4f05c433b89674":"","hero_alignment1":"CT_CSS_SKIP_RULE","hero_margin":40,"hero_alignment2":"center","hero_vertical_alignment":"center","4882edb7f6bbee10edc1739cb807b323":"","hero_structure":"narrow","5d8c77385b1854b9aaf8712d83d1dfcd":"","page_title_bg_type":"featured_image","custom_hero_background":{"attachment_id":null},"page_title_image_size":"full","parallax":{"desktop":false,"tablet":false,"mobile":false},"33e6d4720aa5a5ddfc8c1111ca11b66c":"","hero_height":"250px","pageTitleFont":{"family":"Default","variation":"Default","size":"30px","line-height":"CT_CSS_SKIP_RULE","letter-spacing":"CT_CSS_SKIP_RULE","text-transform":"CT_CSS_SKIP_RULE","text-decoration":"CT_CSS_SKIP_RULE"},"pageTitleFontColor":{"default":{"color":"CT_CSS_SKIP_RULEDEFAULT"}},"pageMetaFont":{"family":"Default","variation":"n6","size":"12px","line-height":"1.3","letter-spacing":"CT_CSS_SKIP_RULE","text-transform":"uppercase","text-decoration":"CT_CSS_SKIP_RULE"},"pageMetaFontColor":{"default":{"color":"CT_CSS_SKIP_RULEDEFAULT"},"hover":{"color":"CT_CSS_SKIP_RULEDEFAULT"}},"page_meta_button_type_font_colors":{"default":{"color":"CT_CSS_SKIP_RULEDEFAULT"},"hover":{"color":"CT_CSS_SKIP_RULEDEFAULT"}},"page_meta_button_type_background_colors":{"default":{"color":"CT_CSS_SKIP_RULEDEFAULT"},"hover":{"color":"CT_CSS_SKIP_RULEDEFAULT"}},"pageExcerptFont":{"family":"Default","variation":"Default","size":"CT_CSS_SKIP_RULE","line-height":"CT_CSS_SKIP_RULE","letter-spacing":"CT_CSS_SKIP_RULE","text-transform":"CT_CSS_SKIP_RULE","text-decoration":"CT_CSS_SKIP_RULE"},"pageExcerptColor":{"default":{"color":"CT_CSS_SKIP_RULEDEFAULT"}},"breadcrumbsFont":{"family":"Default","variation":"Default","size":"CT_CSS_SKIP_RULE","line-height":"CT_CSS_SKIP_RULE","letter-spacing":"CT_CSS_SKIP_RULE","text-transform":"CT_CSS_SKIP_RULE","text-decoration":"CT_CSS_SKIP_RULE"},"breadcrumbsFontColor":{"default":{"color":"CT_CSS_SKIP_RULEDEFAULT"},"initial":{"color":"CT_CSS_SKIP_RULEDEFAULT"},"hover":{"color":"CT_CSS_SKIP_RULEDEFAULT"}},"pageTitleOverlay":{"background_type":"color","background_pattern":"type-1","background_image":{"attachment_id":null,"x":0,"y":0},"gradient":"linear-gradient(135deg,rgba(6,147,227,1) 0%,rgb(155,81,224) 100%)","background_repeat":"repeat","background_size":"auto","background_attachment":"scroll","patternColor":{"default":{"color":"#e5e7ea"}},"overlayColor":{"default":{"color":"CT_CSS_SKIP_RULE"}},"backgroundColor":{"default":{"color":"CT_CSS_SKIP_RULE"}}},"pageTitleBackground":{"background_type":"color","background_pattern":"type-1","background_image":{"attachment_id":null,"x":0,"y":0},"gradient":"linear-gradient(135deg,rgba(6,147,227,1) 0%,rgb(155,81,224) 100%)","background_repeat":"repeat","background_size":"auto","background_attachment":"scroll","patternColor":{"default":{"color":"#e5e7ea"}},"overlayColor":{"default":{"color":"CT_CSS_SKIP_RULE"}},"backgroundColor":{"default":{"color":"var(--theme-palette-color-6)"}}},"pageTitlePadding":{"top":"50px","bottom":"50px","left":"auto","right":"auto","linked":true},"38b08d26eedebe0c0ad9780d043af081":"","page_structure_type":"default","22f4e2247730630ddcf1d2b736dbc81d":"","content_style_source":"inherit","content_style":"wide","vertical_spacing_source":"custom","content_area_spacing":"none","background":{"background_type":"color","background_pattern":"type-1","background_image":{"attachment_id":null,"x":0,"y":0},"gradient":"linear-gradient(135deg,rgba(6,147,227,1) 0%,rgb(155,81,224) 100%)","background_repeat":"repeat","background_size":"auto","background_attachment":"scroll","patternColor":{"default":{"color":"#e5e7ea"}},"overlayColor":{"default":{"color":"CT_CSS_SKIP_RULE"}},"backgroundColor":{"default":{"color":"CT_CSS_SKIP_RULE"}}},"content_background":{"background_type":"color","background_pattern":"type-1","background_image":{"attachment_id":null,"x":0,"y":0},"gradient":"linear-gradient(135deg,rgba(6,147,227,1) 0%,rgb(155,81,224) 100%)","background_repeat":"repeat","background_size":"auto","background_attachment":"scroll","patternColor":{"default":{"color":"#e5e7ea"}},"overlayColor":{"default":{"color":"CT_CSS_SKIP_RULE"}},"backgroundColor":{"default":{"color":"var(--theme-palette-color-8)"}}},"content_boxed_shadow":{"inherit":false,"blur":18,"spread":-6,"v_offset":12,"h_offset":0,"inset":false,"enable":true,"color":{"color":"rgba(34, 56, 101, 0.04)"}},"content_boxed_border":{"width":1,"style":"none","color":{"color":"rgba(44,62,80,0.2)"}},"content_boxed_radius":{"top":"3px","bottom":"3px","left":"3px","right":"3px","linked":true},"boxed_content_spacing":{"desktop":{"top":"40px","bottom":"40px","left":"40px","right":"40px","linked":true},"tablet":{"top":"35px","bottom":"35px","left":"35px","right":"35px","linked":true},"mobile":{"top":"20px","bottom":"20px","left":"20px","right":"20px","linked":true}},"187cc48ed5f490ee352644d154bc3cd0":"","disable_featured_image":"no","disable_share_box":"no","disable_header":"no","disable_footer":"no"},"_links":{"self":[{"href":"https:\/\/pipe-project.eu\/da\/wp-json\/wp\/v2\/pages\/1352","targetHints":{"allow":["GET"]}}],"collection":[{"href":"https:\/\/pipe-project.eu\/da\/wp-json\/wp\/v2\/pages"}],"about":[{"href":"https:\/\/pipe-project.eu\/da\/wp-json\/wp\/v2\/types\/page"}],"author":[{"embeddable":true,"href":"https:\/\/pipe-project.eu\/da\/wp-json\/wp\/v2\/users\/1"}],"replies":[{"embeddable":true,"href":"https:\/\/pipe-project.eu\/da\/wp-json\/wp\/v2\/comments?post=1352"}],"version-history":[{"count":2,"href":"https:\/\/pipe-project.eu\/da\/wp-json\/wp\/v2\/pages\/1352\/revisions"}],"predecessor-version":[{"id":2565,"href":"https:\/\/pipe-project.eu\/da\/wp-json\/wp\/v2\/pages\/1352\/revisions\/2565"}],"wp:attachment":[{"href":"https:\/\/pipe-project.eu\/da\/wp-json\/wp\/v2\/media?parent=1352"}],"curies":[{"name":"wp","href":"https:\/\/api.w.org\/{rel}","templated":true}]}}