{"id":1299,"date":"2024-03-15T09:15:21","date_gmt":"2024-03-15T09:15:21","guid":{"rendered":"https:\/\/pipe-project.eu\/projektmaal\/"},"modified":"2024-05-20T13:54:00","modified_gmt":"2024-05-20T13:54:00","slug":"projektmaal","status":"publish","type":"page","link":"https:\/\/pipe-project.eu\/da\/projektmaal\/","title":{"rendered":"Projektm\u00e5l"},"content":{"rendered":"\n<div class=\"wp-block-stackable-columns alignfull stk-block-columns stk-block stk-b19e7c9 stk-block-background stk--has-background-overlay\" data-block-id=\"b19e7c9\"><style>.stk-b19e7c9{background-color:#00000000 !important;background-image:url(https:\/\/pipe-project.eu\/wp-content\/uploads\/2024\/05\/PIPE_background-resize-scaled.jpg) !important;padding-top:120px !important;padding-bottom:160px !important;margin-bottom:0px !important}.stk-b19e7c9:before{background-color:#00000000 !important;opacity:0.8 !important}@media screen and (max-width:999px){.stk-b19e7c9{padding-top:80px !important;padding-bottom:80px !important}}<\/style><div class=\"stk-row stk-inner-blocks stk-block-content stk-content-align stk-b19e7c9-column\">\n<div class=\"wp-block-stackable-column stk-block-column stk-column stk-block stk-da68494\" data-v=\"4\" data-block-id=\"da68494\"><style>.stk-da68494-container{margin-top:0px !important;margin-right:0px !important;margin-bottom:0px !important;margin-left:0px !important}<\/style><div class=\"stk-column-wrapper stk-block-column__content stk-container stk-da68494-container stk--no-background stk--no-padding\"><div class=\"stk-block-content stk-inner-blocks stk-da68494-inner-blocks\">\n<div class=\"wp-block-stackable-columns stk-block-columns stk-block stk-293854b\" data-block-id=\"293854b\"><style>.stk-293854b{margin-bottom:0px !important}.stk-293854b-column{--stk-column-gap:90px !important;row-gap:90px !important}<\/style><div class=\"stk-row stk-inner-blocks stk-block-content stk-content-align stk-293854b-column\">\n<div class=\"wp-block-stackable-column stk-block-column stk-column stk-block stk-2264616\" data-v=\"4\" data-block-id=\"2264616\"><style>.stk-2264616-container{margin-top:0px !important;margin-right:0px !important;margin-bottom:0px !important;margin-left:0px !important}.stk-2264616{align-self:center !important}<\/style><div class=\"stk-column-wrapper stk-block-column__content stk-container stk-2264616-container stk--no-background stk--no-padding\"><div class=\"stk-block-content stk-inner-blocks stk-2264616-inner-blocks\">\n<div class=\"wp-block-stackable-heading stk-block-heading stk-block-heading--v2 stk-block stk-e10f9ca\" id=\"objectives\" data-block-id=\"e10f9ca\"><style>.stk-e10f9ca .stk-block-heading__text{font-size:75px !important;color:var(--theme-palette-color-8,#ffffff) !important;line-height:1.3em !important}@media screen and (max-width:999px){.stk-e10f9ca .stk-block-heading__text{font-size:50px !important}}@media screen and (max-width:689px){.stk-e10f9ca .stk-block-heading__text{font-size:35px !important}}<\/style><h2 class=\"stk-block-heading__text has-text-color has-palette-color-8-color has-text-align-center has-text-align-center-tablet\">Projektm\u00e5l<\/h2><\/div>\n<\/div><\/div><\/div>\n<\/div><\/div>\n<\/div><\/div><\/div>\n<\/div><\/div>\n\n<div class=\"wp-block-stackable-spacer stk-block-spacer stk--no-padding stk-block stk-0fd6ee4\" data-block-id=\"0fd6ee4\"><style>.stk-0fd6ee4{height:50px !important}@media screen and (max-width:999px){.stk-0fd6ee4{height:80px !important}}<\/style><\/div>\n\n<div class=\"wp-block-stackable-columns stk-block-columns stk-block stk-527b143\" data-block-id=\"527b143\"><style>.stk-527b143{margin-bottom:30px !important}.stk-527b143-column{--stk-column-gap:30px !important;row-gap:30px !important}<\/style><div class=\"stk-row stk-inner-blocks stk-block-content stk-content-align stk-527b143-column\">\n<div class=\"wp-block-stackable-column stk-block-column stk-column stk-block stk-686c3be\" data-v=\"4\" data-block-id=\"686c3be\"><style>.stk-686c3be-container{margin-top:0px !important;margin-right:0px !important;margin-bottom:0px !important;margin-left:0px !important;max-width:1500px !important}.stk-686c3be{align-self:center !important}@media screen and (max-width:999px){.stk-686c3be-container{max-width:100% !important}}<\/style><div class=\"stk-column-wrapper stk-block-column__content stk-container stk-686c3be-container stk--no-background stk--no-padding\"><div class=\"stk-block-content stk-inner-blocks stk-686c3be-inner-blocks\">\n<div class=\"wp-block-stackable-heading stk-block-heading stk-block-heading--v2 stk-block stk-bf99b5b\" id=\"general-objectives\" data-block-id=\"bf99b5b\"><h2 class=\"stk-block-heading__text\">Generelle m\u00e5l<\/h2><\/div>\n\n\n\n<div class=\"wp-block-stackable-text stk-block-text stk-block stk-92021ae\" data-block-id=\"92021ae\"><p class=\"stk-block-text__text has-text-align-justify\">Projektet har til form\u00e5l at adressere behovet for inklusion og mangfoldighed inden for alle omr\u00e5der af uddannelse, tr\u00e6ning, ungdom og sport og fremme livslang l\u00e6ringsmuligheder for alle. Projektet s\u00f8ger at give adgang til \u00e5ben, gratis og fleksibel uddannelse af h\u00f8j kvalitet til migranter i v\u00e6rtslandene.<\/p><\/div>\n\n\n\n<div class=\"wp-block-stackable-heading stk-block-heading stk-block-heading--v2 stk-block stk-b9cb928\" id=\"objectives\" data-block-id=\"b9cb928\"><style>.stk-b9cb928 .stk-block-heading__text{font-size:40px !important}@media screen and (max-width:999px){.stk-b9cb928 .stk-block-heading__text{font-size:30px !important}}<\/style><h2 class=\"stk-block-heading__text has-text-align-center-tablet\">Projektm\u00e5l<\/h2><\/div>\n\n\n\n<ul class=\"wp-block-list\">\n<li>At fremme inkluderende samfund<\/li>\n\n\n\n<li>At fremme integrationen af migranter gennem uddannelse<\/li>\n\n\n\n<li>At uddanne lokalsamfund om mangfoldighed og migration<\/li>\n\n\n\n<li>At fremme integration i europ\u00e6iske samfund<\/li>\n\n\n\n<li>At facilitere gensidig interkulturel forst\u00e5else<\/li>\n\n\n\n<li>At skabe synergi mellem andre europ\u00e6isk finansierede projekter<\/li>\n\n\n\n<li>At h\u00e5ndtere deltagernes vanskeligheder med hensyn til opkvalificering og bureaukratiske processer<\/li>\n\n\n\n<li>At fremh\u00e6ve deltagernes f\u00e6rdigheder for at skabe passende l\u00e6ringsveje, der bidrager til en cirkul\u00e6r, b\u00e6redygtig integration af migranter<\/li>\n\n\n\n<li>At fremstile undervisningsmateriale af h\u00f8j kvalitet for at forbedre ikke kun migranters menneskelige tilstand, men ogs\u00e5 integrationen af globale samfund<\/li>\n\n\n\n<li>At sikre social retf\u00e6rdighed med inkluderende adgang til uddannelse og livslang l\u00e6ring<\/li>\n\n\n\n<li>At g\u00f8re det muligt for mennesker at deltage fuldt ud i samfundet ved at integrere og bidrage<\/li>\n\n\n\n<li>At h\u00e5ndtere overgange til arbejdsmarkedet med succes<\/li>\n\n\n\n<li>At reducere frygt, had og radikalisering<\/li>\n<\/ul>\n<\/div><\/div><\/div>\n<\/div><\/div>\n\n<div class=\"wp-block-stackable-columns stk-block-columns stk-block stk-ac4e6f7\" data-block-id=\"ac4e6f7\"><style>.stk-ac4e6f7{margin-bottom:35px !important}.stk-ac4e6f7-column{--stk-column-gap:30px !important;row-gap:30px !important}<\/style><div class=\"stk-row stk-inner-blocks stk-block-content stk-content-align stk-ac4e6f7-column\"><\/div><\/div>\n\n<div class=\"wp-block-stackable-columns stk-block-columns stk-block stk-1ce86c7\" data-block-id=\"1ce86c7\"><style>.stk-1ce86c7{margin-bottom:35px !important}.stk-1ce86c7-column{--stk-column-gap:30px !important;row-gap:30px !important}<\/style><div class=\"stk-row stk-inner-blocks stk-block-content stk-content-align stk-1ce86c7-column\"><\/div><\/div>\n\n<div class=\"wp-block-stackable-columns stk-block-columns stk-block stk-6280ec6\" data-block-id=\"6280ec6\"><style>.stk-6280ec6{margin-bottom:35px !important}.stk-6280ec6-column{--stk-column-gap:30px !important;row-gap:30px !important}<\/style><div class=\"stk-row stk-inner-blocks stk-block-content stk-content-align stk-6280ec6-column\"><\/div><\/div>\n\n<div class=\"wp-block-stackable-spacer stk-block-spacer stk--no-padding stk-block stk-f8764b6\" data-block-id=\"f8764b6\"><style>.stk-f8764b6{height:50px !important}@media screen and (max-width:999px){.stk-f8764b6{height:80px !important}}<\/style><\/div>\n","protected":false},"excerpt":{"rendered":"<p>Projektm\u00e5l Generelle m\u00e5l Projektet har til form\u00e5l at adressere behovet for inklusion og mangfoldighed inden for alle omr\u00e5der af uddannelse, tr\u00e6ning, ungdom og sport og fremme livslang l\u00e6ringsmuligheder for alle. Projektet s\u00f8ger at give adgang til \u00e5ben, gratis og fleksibel uddannelse af h\u00f8j kvalitet til migranter i v\u00e6rtslandene. Projektm\u00e5l<\/p>\n","protected":false},"author":1,"featured_media":0,"parent":0,"menu_order":0,"comment_status":"closed","ping_status":"closed","template":"","meta":{"footnotes":""},"class_list":["post-1299","page","type-page","status-publish","hentry"],"blocksy_meta":{"styles_descriptor":{"styles":{"desktop":"","tablet":"","mobile":""},"google_fonts":[],"version":6},"page_title_panel":"","has_hero_section":"disabled","5f592434563cdc8ea7b43185f69f9288":"","hero_section":"type-1","hero_elements":[{"id":"custom_title","enabled":true,"heading_tag":"h1","title":"Home"},{"id":"custom_description","enabled":true,"description_visibility":{"desktop":true,"tablet":true,"mobile":false}},{"id":"custom_meta","enabled":false,"meta_elements":[{"id":"author","enabled":true,"label":"By","has_author_avatar":"yes","avatar_size":25},{"id":"post_date","enabled":true,"label":"On","date_format_source":"default","date_format":"M j, Y"},{"id":"updated_date","enabled":false,"label":"On","date_format_source":"default","date_format":"M j, Y"},{"id":"categories","enabled":false,"label":"In","style":"simple"},{"id":"comments","enabled":true}],"page_meta_elements":{"joined":true,"articles_count":true,"comments":true}},{"id":"breadcrumbs","enabled":false}],"fa5d312793da1d73fe66270919cbf97d":"","hero_alignment1":"CT_CSS_SKIP_RULE","hero_margin":40,"hero_alignment2":"center","hero_vertical_alignment":"center","038634b0e75e9a28c34706c006b24d9a":"","hero_structure":"narrow","8ba9ae89bd8352bda6c9d0feb683dd4b":"","page_title_bg_type":"featured_image","custom_hero_background":{"attachment_id":null},"page_title_image_size":"full","parallax":{"desktop":false,"tablet":false,"mobile":false},"60820afe27a5c7252269544fa0e8ea69":"","hero_height":"250px","pageTitleFont":{"family":"Default","variation":"Default","size":"30px","line-height":"CT_CSS_SKIP_RULE","letter-spacing":"CT_CSS_SKIP_RULE","text-transform":"CT_CSS_SKIP_RULE","text-decoration":"CT_CSS_SKIP_RULE"},"pageTitleFontColor":{"default":{"color":"CT_CSS_SKIP_RULEDEFAULT"}},"pageMetaFont":{"family":"Default","variation":"n6","size":"12px","line-height":"1.3","letter-spacing":"CT_CSS_SKIP_RULE","text-transform":"uppercase","text-decoration":"CT_CSS_SKIP_RULE"},"pageMetaFontColor":{"default":{"color":"CT_CSS_SKIP_RULEDEFAULT"},"hover":{"color":"CT_CSS_SKIP_RULEDEFAULT"}},"page_meta_button_type_font_colors":{"default":{"color":"CT_CSS_SKIP_RULEDEFAULT"},"hover":{"color":"CT_CSS_SKIP_RULEDEFAULT"}},"page_meta_button_type_background_colors":{"default":{"color":"CT_CSS_SKIP_RULEDEFAULT"},"hover":{"color":"CT_CSS_SKIP_RULEDEFAULT"}},"pageExcerptFont":{"family":"Default","variation":"Default","size":"CT_CSS_SKIP_RULE","line-height":"CT_CSS_SKIP_RULE","letter-spacing":"CT_CSS_SKIP_RULE","text-transform":"CT_CSS_SKIP_RULE","text-decoration":"CT_CSS_SKIP_RULE"},"pageExcerptColor":{"default":{"color":"CT_CSS_SKIP_RULEDEFAULT"}},"breadcrumbsFont":{"family":"Default","variation":"Default","size":"CT_CSS_SKIP_RULE","line-height":"CT_CSS_SKIP_RULE","letter-spacing":"CT_CSS_SKIP_RULE","text-transform":"CT_CSS_SKIP_RULE","text-decoration":"CT_CSS_SKIP_RULE"},"breadcrumbsFontColor":{"default":{"color":"CT_CSS_SKIP_RULEDEFAULT"},"initial":{"color":"CT_CSS_SKIP_RULEDEFAULT"},"hover":{"color":"CT_CSS_SKIP_RULEDEFAULT"}},"pageTitleOverlay":{"background_type":"color","background_pattern":"type-1","background_image":{"attachment_id":null,"x":0,"y":0},"gradient":"linear-gradient(135deg,rgba(6,147,227,1) 0%,rgb(155,81,224) 100%)","background_repeat":"repeat","background_size":"auto","background_attachment":"scroll","patternColor":{"default":{"color":"#e5e7ea"}},"overlayColor":{"default":{"color":"CT_CSS_SKIP_RULE"}},"backgroundColor":{"default":{"color":"CT_CSS_SKIP_RULE"}}},"pageTitleBackground":{"background_type":"color","background_pattern":"type-1","background_image":{"attachment_id":null,"x":0,"y":0},"gradient":"linear-gradient(135deg,rgba(6,147,227,1) 0%,rgb(155,81,224) 100%)","background_repeat":"repeat","background_size":"auto","background_attachment":"scroll","patternColor":{"default":{"color":"#e5e7ea"}},"overlayColor":{"default":{"color":"CT_CSS_SKIP_RULE"}},"backgroundColor":{"default":{"color":"var(--theme-palette-color-6)"}}},"pageTitlePadding":{"top":"50px","bottom":"50px","left":"auto","right":"auto","linked":true},"9e8878e4ae5c39542277458b92397c06":"","page_structure_type":"default","281d50e8b20ca6bea36f4a5475de4ffb":"","content_style_source":"inherit","content_style":"wide","vertical_spacing_source":"custom","content_area_spacing":"none","background":{"background_type":"color","background_pattern":"type-1","background_image":{"attachment_id":null,"x":0,"y":0},"gradient":"linear-gradient(135deg,rgba(6,147,227,1) 0%,rgb(155,81,224) 100%)","background_repeat":"repeat","background_size":"auto","background_attachment":"scroll","patternColor":{"default":{"color":"#e5e7ea"}},"overlayColor":{"default":{"color":"CT_CSS_SKIP_RULE"}},"backgroundColor":{"default":{"color":"CT_CSS_SKIP_RULE"}}},"content_background":{"background_type":"color","background_pattern":"type-1","background_image":{"attachment_id":null,"x":0,"y":0},"gradient":"linear-gradient(135deg,rgba(6,147,227,1) 0%,rgb(155,81,224) 100%)","background_repeat":"repeat","background_size":"auto","background_attachment":"scroll","patternColor":{"default":{"color":"#e5e7ea"}},"overlayColor":{"default":{"color":"CT_CSS_SKIP_RULE"}},"backgroundColor":{"default":{"color":"var(--theme-palette-color-8)"}}},"content_boxed_shadow":{"inherit":false,"blur":18,"spread":-6,"v_offset":12,"h_offset":0,"inset":false,"enable":true,"color":{"color":"rgba(34, 56, 101, 0.04)"}},"content_boxed_border":{"width":1,"style":"none","color":{"color":"rgba(44,62,80,0.2)"}},"content_boxed_radius":{"top":"3px","bottom":"3px","left":"3px","right":"3px","linked":true},"boxed_content_spacing":{"desktop":{"top":"40px","bottom":"40px","left":"40px","right":"40px","linked":true},"tablet":{"top":"35px","bottom":"35px","left":"35px","right":"35px","linked":true},"mobile":{"top":"20px","bottom":"20px","left":"20px","right":"20px","linked":true}},"c306ba4c61dca4489778938465385d13":"","disable_featured_image":"no","disable_share_box":"no","disable_header":"no","disable_footer":"no"},"_links":{"self":[{"href":"https:\/\/pipe-project.eu\/da\/wp-json\/wp\/v2\/pages\/1299","targetHints":{"allow":["GET"]}}],"collection":[{"href":"https:\/\/pipe-project.eu\/da\/wp-json\/wp\/v2\/pages"}],"about":[{"href":"https:\/\/pipe-project.eu\/da\/wp-json\/wp\/v2\/types\/page"}],"author":[{"embeddable":true,"href":"https:\/\/pipe-project.eu\/da\/wp-json\/wp\/v2\/users\/1"}],"replies":[{"embeddable":true,"href":"https:\/\/pipe-project.eu\/da\/wp-json\/wp\/v2\/comments?post=1299"}],"version-history":[{"count":1,"href":"https:\/\/pipe-project.eu\/da\/wp-json\/wp\/v2\/pages\/1299\/revisions"}],"predecessor-version":[{"id":1300,"href":"https:\/\/pipe-project.eu\/da\/wp-json\/wp\/v2\/pages\/1299\/revisions\/1300"}],"wp:attachment":[{"href":"https:\/\/pipe-project.eu\/da\/wp-json\/wp\/v2\/media?parent=1299"}],"curies":[{"name":"wp","href":"https:\/\/api.w.org\/{rel}","templated":true}]}}