{"id":1289,"date":"2024-03-15T14:11:48","date_gmt":"2024-03-15T14:11:48","guid":{"rendered":"https:\/\/pipe-project.eu\/om\/"},"modified":"2025-03-25T11:25:23","modified_gmt":"2025-03-25T11:25:23","slug":"om","status":"publish","type":"page","link":"https:\/\/pipe-project.eu\/da\/om\/","title":{"rendered":"Om"},"content":{"rendered":"\n<div class=\"wp-block-stackable-columns alignfull stk-block-columns stk-block stk-2cf96ff stk-block-background stk--has-background-overlay\" data-block-id=\"2cf96ff\"><style>.stk-2cf96ff{background-color:#00000000 !important;background-image:url(https:\/\/pipe-project.eu\/wp-content\/uploads\/2024\/05\/PIPE_background-resize-scaled.jpg) !important;padding-top:120px !important;padding-bottom:160px !important}.stk-2cf96ff:before{background-color:#00000000 !important;opacity:0.8 !important}.stk-2cf96ff-column{--stk-columns-spacing:0px !important}<\/style><div class=\"stk-row stk-inner-blocks stk-block-content stk-content-align stk-2cf96ff-column alignfull\">\n<div class=\"wp-block-stackable-column stk-block-column stk-column stk-block stk-a190bf1\" data-v=\"4\" data-block-id=\"a190bf1\"><div class=\"stk-column-wrapper stk-block-column__content stk-container stk-a190bf1-container stk--no-background stk--no-padding\"><div class=\"stk-block-content stk-inner-blocks stk-a190bf1-inner-blocks\">\n<h2 class=\"wp-block-heading has-text-align-center has-palette-color-8-color has-text-color has-link-color wp-elements-120473a3495c2bac1a5ae33bbb7bf178\" style=\"font-size:clamp(39.963px, 2.498rem + ((1vw - 3.2px) * 2.737), 75px);\">Om<\/h2>\n<\/div><\/div><\/div>\n<\/div><\/div>\n\n<div class=\"wp-block-columns is-layout-flex wp-container-core-columns-is-layout-28f84493 wp-block-columns-is-layout-flex\">\n<div class=\"wp-block-column is-layout-flow wp-block-column-is-layout-flow\" style=\"flex-basis:100%\">\n<div class=\"wp-block-stackable-column stk-block-column stk-column stk-block stk-c2cce21\" data-v=\"4\" data-block-id=\"c2cce21\"><style>.stk-c2cce21-container{margin-top:0px !important;margin-right:0px !important;margin-bottom:0px !important;margin-left:0px !important}<\/style><div class=\"stk-column-wrapper stk-block-column__content stk-container stk-c2cce21-container stk--no-background stk--no-padding\"><div class=\"stk-block-content stk-inner-blocks stk-c2cce21-inner-blocks\"><\/div><\/div><\/div>\n<\/div>\n<\/div>\n\n<div class=\"wp-block-stackable-spacer stk-block-spacer stk--no-padding stk-block stk-b48aa69\" data-block-id=\"b48aa69\"><style>.stk-b48aa69{height:38px !important}@media screen and (max-width:999px){.stk-b48aa69{height:80px !important}}@media screen and (max-width:689px){.stk-b48aa69{height:60px !important}}<\/style><\/div>\n\n<div class=\"wp-block-stackable-columns stk-block-columns stk-block stk-4deebed\" data-block-id=\"4deebed\"><style>.stk-4deebed .stk--block-align-4deebed{align-items:center !important}.stk-4deebed{margin-bottom:0px !important}.stk-4deebed-column{--stk-column-gap:300px !important;row-gap:30px !important}<\/style><div class=\"stk-row stk-inner-blocks stk--block-align-4deebed stk-block-content stk-content-align stk-4deebed-column\">\n<div class=\"wp-block-stackable-column stk-block-column stk-column stk-block stk-5d6f3fa\" data-v=\"4\" data-block-id=\"5d6f3fa\"><style>.stk-5d6f3fa-container{margin-top:0px !important;margin-right:0px !important;margin-bottom:0px !important;margin-left:0px !important}<\/style><div class=\"stk-column-wrapper stk-block-column__content stk-container stk-5d6f3fa-container stk--no-background stk--no-padding\"><div class=\"stk-block-content stk-inner-blocks stk-5d6f3fa-inner-blocks\">\n<div class=\"wp-block-stackable-text stk-block-text stk-block stk-b289c1a\" data-block-id=\"b289c1a\"><style>.stk-b289c1a .stk-block-text__text{font-size:20px !important;color:var(--theme-palette-color-4,#0A1821) !important;font-weight:700 !important}@media screen and (max-width:999px){.stk-b289c1a .stk-block-text__text{font-size:20px !important}}<\/style><p class=\"stk-block-text__text has-text-color has-palette-color-4-color has-text-align-justify has-text-align-center-tablet\">PIPE (Programme of Inclusion for Migrant People at risk of social exclusion) er et mangefacetteret initiativ designet til at fremme integration og empowerment blandt migranter, flygtninge og asylans\u00f8gere i europ\u00e6iske samfund. I sin kerne bestr\u00e6ber PIPE sig p\u00e5 at bygge bro over kulturelle skel og fremme interkulturel forst\u00e5else ved at pleje mangfoldighed og inklusion. Gennem en omfattende tilgang udnytter PIPE et mentorprogram, en r\u00e6kke v\u00e6rkt\u00f8jskasseressourcer og moduler med fokus p\u00e5 essentielle bl\u00f8de f\u00e6rdigheder. Navnlig introducerer projektet innovative v\u00e6rkt\u00f8jer, der er skr\u00e6ddersyet til smartphonebrug, der sikrer tilg\u00e6ngelighed og bekvemmelighed for migrantbefolkninger. Ved at implementere strenge tr\u00e6ningsaktiviteter og omfavne innovative strategier str\u00e6ber PIPE efter at styrke b\u00e5de individer og lokalsamfund og fremme et mere inkluderende og sammenh\u00e6ngende europ\u00e6isk samfund.<\/p><\/div>\n<\/div><\/div><\/div>\n<\/div><\/div>\n\n<div class=\"wp-block-stackable-spacer stk-block-spacer stk--no-padding stk-block stk-86db5b8\" data-block-id=\"86db5b8\"><style>.stk-86db5b8{height:38px !important}@media screen and (max-width:999px){.stk-86db5b8{height:80px !important}}@media screen and (max-width:689px){.stk-86db5b8{height:60px !important}}<\/style><\/div>\n\n<div class=\"wp-block-stackable-columns stk-block-columns stk-block stk-293854b\" data-block-id=\"293854b\"><style>.stk-293854b{margin-bottom:0px !important}.stk-293854b-column{--stk-column-gap:90px !important;row-gap:50px !important}<\/style><div class=\"stk-row stk-inner-blocks stk-block-content stk-content-align stk-293854b-column\">\n<div class=\"wp-block-stackable-column stk-block-column stk-column stk-block stk-c11d750\" data-v=\"4\" data-block-id=\"c11d750\"><style>.stk-c11d750-container{margin-top:0px !important;margin-right:0px !important;margin-bottom:0px !important;margin-left:0px !important}@media screen and (min-width:690px) and (max-width:999px){.stk-c11d750{flex:0 1 calc(100% - var(--stk-column-gap,0px) * 0 \/ 1 ) !important}}<\/style><div class=\"stk-column-wrapper stk-block-column__content stk-container stk-c11d750-container stk--no-background stk--no-padding\"><div class=\"stk-block-content stk-inner-blocks stk-c11d750-inner-blocks\">\n<div class=\"wp-block-stackable-image stk-block-image stk-block stk-72a3f00\" data-block-id=\"72a3f00\"><style>.stk-72a3f00{box-shadow:60px 60px 0px -20px rgba(242,242,242,1) !important}@media screen and (max-width:999px){.stk-72a3f00 .stk-img-wrapper{height:500px !important}}<\/style><figure><span class=\"stk-img-wrapper stk-image--shape-stretch\"><img loading=\"lazy\" decoding=\"async\" class=\"stk-img wp-image-1161\" src=\"https:\/\/pipe-project.eu\/wp-content\/uploads\/2024\/05\/3-resized.png\" width=\"2500\" height=\"1406\" srcset=\"https:\/\/pipe-project.eu\/wp-content\/uploads\/2024\/05\/3-resized.png 2500w, https:\/\/pipe-project.eu\/wp-content\/uploads\/2024\/05\/3-resized-300x169.png 300w, https:\/\/pipe-project.eu\/wp-content\/uploads\/2024\/05\/3-resized-1024x576.png 1024w, https:\/\/pipe-project.eu\/wp-content\/uploads\/2024\/05\/3-resized-768x432.png 768w, https:\/\/pipe-project.eu\/wp-content\/uploads\/2024\/05\/3-resized-1536x864.png 1536w, https:\/\/pipe-project.eu\/wp-content\/uploads\/2024\/05\/3-resized-2048x1152.png 2048w\" sizes=\"auto, (max-width: 2500px) 100vw, 2500px\" \/><\/span><\/figure><\/div>\n<\/div><\/div><\/div>\n\n\n\n<div class=\"wp-block-stackable-column stk-block-column stk-column stk-block stk-2264616\" data-v=\"4\" data-block-id=\"2264616\"><style>.stk-2264616-container{margin-top:0px !important;margin-right:0px !important;margin-bottom:0px !important;margin-left:0px !important}@media screen and (min-width:690px) and (max-width:999px){.stk-2264616{flex:0 1 calc(100% - var(--stk-column-gap,0px) * 0 \/ 1 ) !important}}<\/style><div class=\"stk-column-wrapper stk-block-column__content stk-container stk-2264616-container stk--no-background stk--no-padding\"><div class=\"stk-block-content stk-inner-blocks stk-2264616-inner-blocks\">\n<div class=\"wp-block-stackable-spacer stk-block-spacer stk--no-padding stk-block stk-475b290\" data-block-id=\"475b290\"><style>.stk-475b290{height:0px !important}@media screen and (max-width:999px){.stk-475b290{height:80px !important}}@media screen and (max-width:689px){.stk-475b290{height:60px !important}}<\/style><\/div>\n\n\n\n<div class=\"wp-block-stackable-heading stk-block-heading stk-block-heading--v2 stk-block stk-a353d24\" id=\"strong-project-sheet-strong\" data-block-id=\"a353d24\"><style>.stk-a353d24 .stk-block-heading__text{font-size:40px !important}@media screen and (max-width:999px){.stk-a353d24 .stk-block-heading__text{font-size:30px !important}}<\/style><h2 class=\"stk-block-heading__text has-text-align-center-tablet\"><strong>Projektark<\/strong><\/h2><\/div>\n\n\n\n<p>Project name: Programme of Inclusion for Migrant People at risk of social exclusion<br\/>Project acronym: PIPE<br\/>Project number: 2023-1-ES01-KA220-ADU-000160578<br\/>Granting authority: SEPIE &#8211; Spanish National Agency<br\/>Project duration: 36 months<\/p>\n\n\n\n<p><a href=\"https:\/\/drive.google.com\/file\/d\/11P-achrW4mn_JUMyYiFxqrkA3gftitt3\/view?usp=sharing\">Project leaflet<\/a><\/p>\n\n\n\n<p><\/p>\n<\/div><\/div><\/div>\n<\/div><\/div>\n\n<div class=\"wp-block-stackable-columns stk-block-columns stk-block stk-f087f45\" data-block-id=\"f087f45\"><style>.stk-f087f45{margin-bottom:0px !important}.stk-f087f45-column{--stk-column-gap:90px !important;row-gap:50px !important}<\/style><div class=\"stk-row stk-inner-blocks stk-block-content stk-content-align stk-f087f45-column\">\n<div class=\"wp-block-stackable-column stk-block-column stk-column stk-block stk-9a28388\" data-v=\"4\" data-block-id=\"9a28388\"><style>.stk-9a28388-container{margin-top:0px !important;margin-right:0px !important;margin-bottom:0px !important;margin-left:0px !important}<\/style><div class=\"stk-column-wrapper stk-block-column__content stk-container stk-9a28388-container stk--no-background stk--no-padding\"><div class=\"stk-block-content stk-inner-blocks stk-9a28388-inner-blocks\">\n<div class=\"wp-block-stackable-spacer stk-block-spacer stk--no-padding stk-block stk-9cec6d1\" data-block-id=\"9cec6d1\"><style>.stk-9cec6d1{height:90px !important}@media screen and (max-width:999px){.stk-9cec6d1{height:80px !important}}@media screen and (max-width:689px){.stk-9cec6d1{height:60px !important}}<\/style><\/div>\n\n\n\n<div class=\"wp-block-stackable-heading stk-block-heading stk-block-heading--v2 stk-block stk-17ff58a\" id=\"strong-who-the-project-is-for-strong\" data-block-id=\"17ff58a\"><style>.stk-17ff58a .stk-block-heading__text{font-size:40px !important}@media screen and (max-width:999px){.stk-17ff58a .stk-block-heading__text{font-size:30px !important}}<\/style><h2 class=\"stk-block-heading__text has-text-align-center-tablet\"><strong>Hvem er projektet til:<\/strong><\/h2><\/div>\n\n\n\n<div class=\"wp-block-stackable-text stk-block-text stk-block stk-5759aa0\" data-block-id=\"5759aa0\"><p class=\"stk-block-text__text has-text-align-justify has-text-align-center-tablet\">Projektet er rettet mod flere interessenter, herunder migranter, flygtninge og asylans\u00f8gere, med et prim\u00e6rt fokus p\u00e5 at st\u00f8tte deres integration i modtagerlandet gennem opkvalificering og empowerment via uddannelse. Derudover har det til form\u00e5l at engagere offentlige organer, ngo&#8217;er, frivillige, lokalsamfund og bredere samfund for at \u00f8ge bevidstheden og fremme gensidig interkulturel forst\u00e5else. Undervisere og uddannelsesinstitutioner, der henvender sig til migrantbefolkningen, er ogs\u00e5 integrerede modtagere, da projektet s\u00f8ger at \u00f8ge deres kapacitet til at st\u00f8tte undervisning og l\u00e6ring for migranter, samtidig med at der tilbydes mangfoldighedstr\u00e6ning. Projektet har endvidere til form\u00e5l at samarbejde med andre projekter og organisationer for at facilitere synergier og udveksle viden og erfaringer og derved forst\u00e6rke dets gennemslagskraft og effektivitet i at fremme inklusion og mangfoldighed.<\/p><\/div>\n<\/div><\/div><\/div>\n\n\n\n<div class=\"wp-block-stackable-column stk-block-column stk-column stk-block stk-d8e48f6\" data-v=\"4\" data-block-id=\"d8e48f6\"><style>.stk-d8e48f6-container{margin-top:0px !important;margin-right:0px !important;margin-bottom:0px !important;margin-left:0px !important}<\/style><div class=\"stk-column-wrapper stk-block-column__content stk-container stk-d8e48f6-container stk--no-background stk--no-padding\"><div class=\"stk-block-content stk-inner-blocks stk-d8e48f6-inner-blocks\">\n<div class=\"wp-block-stackable-spacer stk-block-spacer stk--no-padding stk-block stk-bf3b83e\" data-block-id=\"bf3b83e\"><style>.stk-bf3b83e{height:90px !important}@media screen and (max-width:999px){.stk-bf3b83e{height:80px !important}}@media screen and (max-width:689px){.stk-bf3b83e{height:60px !important}}<\/style><\/div>\n\n\n\n<div class=\"wp-block-stackable-heading stk-block-heading stk-block-heading--v2 stk-block stk-3f656a1\" id=\"strong-the-story-behind-it-strong\" data-block-id=\"3f656a1\"><style>.stk-3f656a1 .stk-block-heading__text{font-size:40px !important}@media screen and (max-width:999px){.stk-3f656a1 .stk-block-heading__text{font-size:30px !important}}<\/style><h2 class=\"stk-block-heading__text has-text-align-center-tablet\"><strong>Historien bag:<\/strong><\/h2><\/div>\n\n\n\n<p>Partnerskabet for PIPE-projektet blev dannet gennem en kombination af f\u00e6lles interesser, ekspertise og tidligere samarbejder. Den ledende partner, EVM, identificerede behovet for projektet, mens de styrede et lokalt projekt (INTEGRA\/DIVERARTE). Mens det lokale projekt har vist betydelige fremskridt, blev huller identificeret gennem evalueringer med st\u00f8ttemodtagende migranter, samarbejdende l\u00e6rere og studerende. Evalueringerne afsl\u00f8rede mangel p\u00e5 faglig uddannelse for migranter, diskontinuitet i sprogkurser, mangel p\u00e5 viden om tilg\u00e6ngelige ressourcer og behovet for at str\u00f8mline bureaukratiet.<\/p>\n\n\n\n<p>Efter at have opn\u00e5et denne f\u00f8rsteh\u00e5ndsforskning fandt EVM andre lande med de samme problemer og slog sig sammen med dem for at levere en direkte l\u00f8sning ved at udt\u00e6nke PIPE-projektet til at:<\/p>\n\n\n\n<ul class=\"wp-block-list\">\n<li>Tilbyde mere hj\u00e6lp, service og uddannelse til migranter samt akkreditering gennem Europass eller Microcredentials.<\/li>\n\n\n\n<li>Arbejde sammen med partnere i hele Europa for at l\u00f8se \u00e5rhundredets st\u00f8rste immigrationsproblemer.<\/li>\n\n\n\n<li>G\u00f8re det muligt for migranter at bruge deres f\u00e6rdigheder til at bidrage til det modtagende samfund og v\u00e6nne sig til kulturen.<\/li>\n\n\n\n<li>Hj\u00e6lpe med at g\u00f8re ankomsten af migranter mindre traumatisk for migranterne og det modtagende samfund for at fremme harmoni og inklusion.<\/li>\n\n\n\n<li>\u00d8ge bevidstheden i skoler og samfund for at mindske frygt og had.<\/li>\n<\/ul>\n<\/div><\/div><\/div>\n<\/div><\/div>\n\n<div class=\"wp-block-stackable-spacer stk-block-spacer stk--no-padding stk-block stk-42ee3c4\" data-block-id=\"42ee3c4\"><style>.stk-42ee3c4{height:80px !important}@media screen and (max-width:999px){.stk-42ee3c4{height:50px !important}}<\/style><\/div>\n","protected":false},"excerpt":{"rendered":"<p>Om PIPE (Programme of Inclusion for Migrant People at risk of social exclusion) er et mangefacetteret initiativ designet til at fremme integration og empowerment blandt migranter, flygtninge og asylans\u00f8gere i europ\u00e6iske samfund. I sin kerne bestr\u00e6ber PIPE sig p\u00e5 at bygge bro over kulturelle skel og fremme interkulturel forst\u00e5else ved at pleje mangfoldighed og inklusion. [&hellip;]<\/p>\n","protected":false},"author":1,"featured_media":0,"parent":0,"menu_order":0,"comment_status":"closed","ping_status":"closed","template":"","meta":{"footnotes":""},"class_list":["post-1289","page","type-page","status-publish","hentry"],"blocksy_meta":{"styles_descriptor":{"styles":{"desktop":"","tablet":"","mobile":""},"google_fonts":[],"version":6},"page_title_panel":"","has_hero_section":"disabled","49a7dbc8efd2a3917e2b33d1b9699341":"","hero_section":"type-1","hero_elements":[{"id":"custom_title","enabled":true,"heading_tag":"h1","title":"Home"},{"id":"custom_description","enabled":true,"description_visibility":{"desktop":true,"tablet":true,"mobile":false}},{"id":"custom_meta","enabled":false,"meta_elements":[{"id":"author","enabled":true,"label":"By","has_author_avatar":"yes","avatar_size":25},{"id":"post_date","enabled":true,"label":"On","date_format_source":"default","date_format":"M j, Y"},{"id":"updated_date","enabled":false,"label":"On","date_format_source":"default","date_format":"M j, Y"},{"id":"categories","enabled":false,"label":"In","style":"simple"},{"id":"comments","enabled":true}],"page_meta_elements":{"joined":true,"articles_count":true,"comments":true}},{"id":"breadcrumbs","enabled":false}],"f78826450ef38494cb964b4c736124d4":"","hero_alignment1":"CT_CSS_SKIP_RULE","hero_margin":40,"hero_alignment2":"center","hero_vertical_alignment":"center","bb667e7bc23af5c88d0a78cc434a7d5a":"","hero_structure":"narrow","33e2311f7424fec7ecd0bcd73c157320":"","page_title_bg_type":"featured_image","custom_hero_background":{"attachment_id":null},"page_title_image_size":"full","parallax":{"desktop":false,"tablet":false,"mobile":false},"c09ad6009593c3753541875c3388d6ca":"","hero_height":"250px","pageTitleFont":{"family":"Default","variation":"Default","size":"30px","line-height":"CT_CSS_SKIP_RULE","letter-spacing":"CT_CSS_SKIP_RULE","text-transform":"CT_CSS_SKIP_RULE","text-decoration":"CT_CSS_SKIP_RULE"},"pageTitleFontColor":{"default":{"color":"CT_CSS_SKIP_RULEDEFAULT"}},"pageMetaFont":{"family":"Default","variation":"n6","size":"12px","line-height":"1.3","letter-spacing":"CT_CSS_SKIP_RULE","text-transform":"uppercase","text-decoration":"CT_CSS_SKIP_RULE"},"pageMetaFontColor":{"default":{"color":"CT_CSS_SKIP_RULEDEFAULT"},"hover":{"color":"CT_CSS_SKIP_RULEDEFAULT"}},"page_meta_button_type_font_colors":{"default":{"color":"CT_CSS_SKIP_RULEDEFAULT"},"hover":{"color":"CT_CSS_SKIP_RULEDEFAULT"}},"page_meta_button_type_background_colors":{"default":{"color":"CT_CSS_SKIP_RULEDEFAULT"},"hover":{"color":"CT_CSS_SKIP_RULEDEFAULT"}},"pageExcerptFont":{"family":"Default","variation":"Default","size":"CT_CSS_SKIP_RULE","line-height":"CT_CSS_SKIP_RULE","letter-spacing":"CT_CSS_SKIP_RULE","text-transform":"CT_CSS_SKIP_RULE","text-decoration":"CT_CSS_SKIP_RULE"},"pageExcerptColor":{"default":{"color":"CT_CSS_SKIP_RULEDEFAULT"}},"breadcrumbsFont":{"family":"Default","variation":"Default","size":"CT_CSS_SKIP_RULE","line-height":"CT_CSS_SKIP_RULE","letter-spacing":"CT_CSS_SKIP_RULE","text-transform":"CT_CSS_SKIP_RULE","text-decoration":"CT_CSS_SKIP_RULE"},"breadcrumbsFontColor":{"default":{"color":"CT_CSS_SKIP_RULEDEFAULT"},"initial":{"color":"CT_CSS_SKIP_RULEDEFAULT"},"hover":{"color":"CT_CSS_SKIP_RULEDEFAULT"}},"pageTitleOverlay":{"background_type":"color","background_pattern":"type-1","background_image":{"attachment_id":null,"x":0,"y":0},"gradient":"linear-gradient(135deg,rgba(6,147,227,1) 0%,rgb(155,81,224) 100%)","background_repeat":"repeat","background_size":"auto","background_attachment":"scroll","patternColor":{"default":{"color":"#e5e7ea"}},"overlayColor":{"default":{"color":"CT_CSS_SKIP_RULE"}},"backgroundColor":{"default":{"color":"CT_CSS_SKIP_RULE"}}},"pageTitleBackground":{"background_type":"color","background_pattern":"type-1","background_image":{"attachment_id":null,"x":0,"y":0},"gradient":"linear-gradient(135deg,rgba(6,147,227,1) 0%,rgb(155,81,224) 100%)","background_repeat":"repeat","background_size":"auto","background_attachment":"scroll","patternColor":{"default":{"color":"#e5e7ea"}},"overlayColor":{"default":{"color":"CT_CSS_SKIP_RULE"}},"backgroundColor":{"default":{"color":"var(--theme-palette-color-6)"}}},"pageTitlePadding":{"top":"50px","bottom":"50px","left":"auto","right":"auto","linked":true},"9da2312fd12af112468f1a557cd080d0":"","page_structure_type":"default","7fa16ca0aa309da681a7ba94ee19170e":"","content_style_source":"inherit","content_style":"wide","vertical_spacing_source":"custom","content_area_spacing":"none","background":{"background_type":"color","background_pattern":"type-1","background_image":{"attachment_id":null,"x":0,"y":0},"gradient":"linear-gradient(135deg,rgba(6,147,227,1) 0%,rgb(155,81,224) 100%)","background_repeat":"repeat","background_size":"auto","background_attachment":"scroll","patternColor":{"default":{"color":"#e5e7ea"}},"overlayColor":{"default":{"color":"CT_CSS_SKIP_RULE"}},"backgroundColor":{"default":{"color":"CT_CSS_SKIP_RULE"}}},"content_background":{"background_type":"color","background_pattern":"type-1","background_image":{"attachment_id":null,"x":0,"y":0},"gradient":"linear-gradient(135deg,rgba(6,147,227,1) 0%,rgb(155,81,224) 100%)","background_repeat":"repeat","background_size":"auto","background_attachment":"scroll","patternColor":{"default":{"color":"#e5e7ea"}},"overlayColor":{"default":{"color":"CT_CSS_SKIP_RULE"}},"backgroundColor":{"default":{"color":"var(--theme-palette-color-8)"}}},"content_boxed_shadow":{"inherit":false,"blur":18,"spread":-6,"v_offset":12,"h_offset":0,"inset":false,"enable":true,"color":{"color":"rgba(34, 56, 101, 0.04)"}},"content_boxed_border":{"width":1,"style":"none","color":{"color":"rgba(44,62,80,0.2)"}},"content_boxed_radius":{"top":"3px","bottom":"3px","left":"3px","right":"3px","linked":true},"boxed_content_spacing":{"desktop":{"top":"40px","bottom":"40px","left":"40px","right":"40px","linked":true},"tablet":{"top":"35px","bottom":"35px","left":"35px","right":"35px","linked":true},"mobile":{"top":"20px","bottom":"20px","left":"20px","right":"20px","linked":true}},"515c77a2e34539af1e7f4d7adaceb756":"","disable_featured_image":"no","disable_share_box":"no","disable_header":"no","disable_footer":"no"},"_links":{"self":[{"href":"https:\/\/pipe-project.eu\/da\/wp-json\/wp\/v2\/pages\/1289","targetHints":{"allow":["GET"]}}],"collection":[{"href":"https:\/\/pipe-project.eu\/da\/wp-json\/wp\/v2\/pages"}],"about":[{"href":"https:\/\/pipe-project.eu\/da\/wp-json\/wp\/v2\/types\/page"}],"author":[{"embeddable":true,"href":"https:\/\/pipe-project.eu\/da\/wp-json\/wp\/v2\/users\/1"}],"replies":[{"embeddable":true,"href":"https:\/\/pipe-project.eu\/da\/wp-json\/wp\/v2\/comments?post=1289"}],"version-history":[{"count":6,"href":"https:\/\/pipe-project.eu\/da\/wp-json\/wp\/v2\/pages\/1289\/revisions"}],"predecessor-version":[{"id":2556,"href":"https:\/\/pipe-project.eu\/da\/wp-json\/wp\/v2\/pages\/1289\/revisions\/2556"}],"wp:attachment":[{"href":"https:\/\/pipe-project.eu\/da\/wp-json\/wp\/v2\/media?parent=1289"}],"curies":[{"name":"wp","href":"https:\/\/api.w.org\/{rel}","templated":true}]}}